{"id":5809,"date":"2024-11-05T12:45:22","date_gmt":"2024-11-05T12:45:22","guid":{"rendered":"https:\/\/istanbul-museum-pass.com\/affiliate-disclosure\/"},"modified":"2025-06-30T11:41:42","modified_gmt":"2025-06-30T11:41:42","slug":"offenlegung-der-affiliate-partner","status":"publish","type":"page","link":"https:\/\/istanbul-museum-pass.com\/de\/offenlegung-der-affiliate-partner\/","title":{"rendered":"Offenlegung der Affiliate-Partner"},"content":{"rendered":"<h1><span data-attr-id=\"the_title\" data-extra_key=\"the_title\" data-option-inline=\"1\" data-shortcode=\"thrv_dynamic_data_content\" data-shortcode-name=\"Post title\">Affiliate Disclosure DE<\/span><\/h1>\n<p><span data-tcb-events=\"\"><img width=\"1300\" height=\"800\" src=\"https:\/\/istanbul-museum-pass.com\/wp-content\/uploads\/2023\/05\/topkapi-palace-vip-ticket-2618.jpg\" alt=\"Offenlegung von Partnern\" title=\"undefiniert\" data-id=\"4176\" data-d-f=\"featured\" loading=\"lazy\" decoding=\"async\" \/><\/span><\/p>\n<p dir=\"ltr\">Unser Ziel bei Istanbul-Museum-Pass.com ist es, hochwertige Reiseinhalte bereitzustellen, die Ihnen bei der Planung und dem Genuss Ihrer Reisen helfen. Um unsere Bem\u00fchungen zur Pflege und zum Ausbau dieser Website zu unterst\u00fctzen, verwenden wir in unseren Inhalten Affiliate-Links. Das bedeutet, dass wir eine kleine Provision erhalten, wenn Sie \u00fcber einige der Links auf unserer Website einen Kauf t\u00e4tigen. Dies ist f\u00fcr Sie kostenlos und hilft uns, die Inhalte kostenlos und aktuell zu halten.<\/p>\n<h2 dir=\"ltr\">Warum wir Affiliate-Links verwenden<\/h2>\n<p dir=\"ltr\">Der Betrieb einer Website erfordert Zeit und Ressourcen. Partnerprogramme erm\u00f6glichen uns die Finanzierung unserer Arbeit. Wichtig ist, dass wir nur Produkte, Touren und Dienstleistungen empfehlen, von denen wir \u00fcberzeugt sind, dass sie Ihr Reiseerlebnis bereichern. Wir w\u00e4hlen unsere Partner sorgf\u00e4ltig aus und pr\u00fcfen sie, um sicherzustellen, dass sie den Anspr\u00fcchen und Interessen unserer Leser entsprechen.<\/p>\n<h2 dir=\"ltr\">Partnerunternehmen<\/h2>\n<p dir=\"ltr\">Zu unseren vertrauensw\u00fcrdigen Partnern z\u00e4hlen unter anderem:<\/p>\n<ul>\n<li dir=\"ltr\">GetYourGuide<\/li>\n<li dir=\"ltr\">Tiqets<\/li>\n<li dir=\"ltr\">Kopfsprung<\/li>\n<li dir=\"ltr\">Viator<\/li>\n<li dir=\"ltr\">Platinliste<\/li>\n<li dir=\"ltr\">Civitatis<\/li>\n<li dir=\"ltr\">Holafly<\/li>\n<li dir=\"ltr\">Booking.com<\/li>\n<li dir=\"ltr\">Megapass<\/li>\n<li dir=\"ltr\">Musement<\/li>\n<\/ul>\n<p dir=\"ltr\">Bitte beachten Sie, dass wir diese Liste m\u00f6glicherweise aktualisieren, wenn wir mit neuen Unternehmen zusammenarbeiten, denen wir vertrauen und die wir empfehlen.<\/p>\n<h2 dir=\"ltr\">Verpflichtung zur Ehrlichkeit<\/h2>\n<p dir=\"ltr\">Wir m\u00f6chten, dass Sie sich bei unseren Empfehlungen sicher f\u00fchlen. Eine Provision unterst\u00fctzt zwar unsere Arbeit, beeinflusst aber nicht die Inhalte, Themen oder Produkte, die wir empfehlen. Unser Hauptaugenmerk liegt darauf, Ihnen hilfreiche, ehrliche und genaue Informationen f\u00fcr Ihre Reise zu liefern. Jedes Produkt oder jede Dienstleistung, die wir empfehlen, w\u00fcrden wir selbst nutzen oder Freunden und Familie empfehlen.<\/p>\n<h2 dir=\"ltr\">Ihre Unterst\u00fctzung ist wichtig<\/h2>\n<p dir=\"ltr\">Durch die Nutzung unserer Affiliate-Links unterst\u00fctzen Sie die Inhalte und Ressourcen, die wir hier auf Istanbul-Museum-Pass.com anbieten. Wir sind unglaublich dankbar f\u00fcr Ihr Vertrauen und Ihre Unterst\u00fctzung. So k\u00f6nnen wir Ihnen weiterhin Tipps, Anleitungen und Empfehlungen geben, die Ihre Reiseabenteuer hoffentlich bereichern.<\/p>\n<p dir=\"ltr\">Wenn Sie Fragen oder Bedenken zu unseren Partnerpartnerschaften oder Inhalten haben, k\u00f6nnen Sie sich gerne an uns wenden.<\/p>\n<p><span><span>                    <\/span><\/span><span>Search<\/span><\/p>\n<p><strong>HILFREICHE LINKS<\/strong><\/p>\n","protected":false},"excerpt":{"rendered":"<p>Affiliate Disclosure DE Unser Ziel bei Istanbul-Museum-Pass.com ist es, hochwertige Reiseinhalte bereitzustellen, die Ihnen bei der Planung und dem Genuss Ihrer Reisen helfen. Um unsere Bem\u00fchungen zur Pflege und zum Ausbau dieser Website zu unterst\u00fctzen, verwenden wir in unseren Inhalten Affiliate-Links. Das bedeutet, dass wir eine kleine Provision erhalten, wenn Sie \u00fcber einige der Links [&hellip;]<\/p>\n","protected":false},"author":9,"featured_media":4176,"parent":0,"menu_order":0,"comment_status":"closed","ping_status":"closed","template":"","meta":{"footnotes":""},"categories":[],"tags":[],"class_list":["post-5809","page","type-page","status-publish","has-post-thumbnail","hentry","post-wrapper","thrv_wrapper"],"_links":{"self":[{"href":"https:\/\/istanbul-museum-pass.com\/de\/wp-json\/wp\/v2\/pages\/5809","targetHints":{"allow":["GET"]}}],"collection":[{"href":"https:\/\/istanbul-museum-pass.com\/de\/wp-json\/wp\/v2\/pages"}],"about":[{"href":"https:\/\/istanbul-museum-pass.com\/de\/wp-json\/wp\/v2\/types\/page"}],"author":[{"embeddable":true,"href":"https:\/\/istanbul-museum-pass.com\/de\/wp-json\/wp\/v2\/users\/9"}],"replies":[{"embeddable":true,"href":"https:\/\/istanbul-museum-pass.com\/de\/wp-json\/wp\/v2\/comments?post=5809"}],"version-history":[{"count":9,"href":"https:\/\/istanbul-museum-pass.com\/de\/wp-json\/wp\/v2\/pages\/5809\/revisions"}],"predecessor-version":[{"id":6368,"href":"https:\/\/istanbul-museum-pass.com\/de\/wp-json\/wp\/v2\/pages\/5809\/revisions\/6368"}],"wp:featuredmedia":[{"embeddable":true,"href":"https:\/\/istanbul-museum-pass.com\/de\/wp-json\/wp\/v2\/media\/4176"}],"wp:attachment":[{"href":"https:\/\/istanbul-museum-pass.com\/de\/wp-json\/wp\/v2\/media?parent=5809"}],"wp:term":[{"taxonomy":"category","embeddable":true,"href":"https:\/\/istanbul-museum-pass.com\/de\/wp-json\/wp\/v2\/categories?post=5809"},{"taxonomy":"post_tag","embeddable":true,"href":"https:\/\/istanbul-museum-pass.com\/de\/wp-json\/wp\/v2\/tags?post=5809"}],"curies":[{"name":"wp","href":"https:\/\/api.w.org\/{rel}","templated":true}]}}