{"id":5825,"date":"2022-12-19T10:46:34","date_gmt":"2022-12-19T10:46:34","guid":{"rendered":"https:\/\/istanbul-museum-pass.com\/frequently-asked-questions\/"},"modified":"2025-07-01T13:08:31","modified_gmt":"2025-07-01T13:08:31","slug":"haufige-fragen","status":"publish","type":"page","link":"https:\/\/istanbul-museum-pass.com\/de\/haufige-fragen\/","title":{"rendered":"H\u00e4ufige Fragen zum Istanbul Museum Pass"},"content":{"rendered":"<h1 dir=\"ltr\" style=\"text-align: left;\">H\u00e4ufige Fragen zum Istanbul Museum Pass<\/h1>\n<p dir=\"ltr\">\n<p dir=\"ltr\">Eine der bequemsten M\u00f6glichkeiten, <strong>Istanbuls beliebteste Museen<\/strong> und <strong>historische Sehensw\u00fcrdigkeiten <\/strong><strong>zu<\/strong>&nbsp;erkunden, ist mit einem&nbsp;<strong>Istanbul Museum Pass<\/strong>. Diese City P\u00e4sse erm\u00f6glichen einfachen Zugang zu ber\u00fchmten Sehensw\u00fcrdigkeiten wie&nbsp;<strong>der Hagia Sophia<\/strong>, <strong>dem Topkapi-Palast<\/strong>, <strong>der Cisterna Basilica<\/strong><strong>.<\/strong>&nbsp;Viele Reisende haben jedoch Fragen, beispielsweise&nbsp;<strong>wie sich die P\u00e4sse voneinander unterscheiden, wo sie sie kaufen k\u00f6nnen<\/strong>, und&nbsp;<strong>welche Museen in welchem Pass enthalten sind<\/strong>.<\/p>\n<p dir=\"ltr\">Auf dieser Seite finden Sie Antworten auf h\u00e4ufige Fragen zum Istanbul Museum Pass, erfahren mehr \u00fcber die&nbsp;<strong>Vorteile<\/strong>&nbsp;und welche verschiedenen Touristenp\u00e4sse erh\u00e4ltlich sind, darunter <strong>MegaPass, der&nbsp;<\/strong><strong>Istanbul Tourist Pass\u00ae<\/strong>&nbsp;und&nbsp;<strong>der Museumspass Istanbul<\/strong>.<\/p>\n<h2 dir=\"ltr\">H\u00e4ufige Fragen zu&nbsp;Istanbul&nbsp;Museum Pass Optionen<\/h2>\n<h2 dir=\"ltr\">H\u00e4ufige Fragen zum Istanbul Tourist Pass\u00ae\ufe0f<\/h2>\n<ul>\n<li><span><a href=\"https:\/\/istanbultouristpass.com\/?ref=nukbclhr\" target=\"_blank\" rel=\"nofollow noopener\" style=\"outline: none;\">Kaufen Sie hier Ihren Istanbul Tourist Pass!<\/a><\/span><\/li>\n<\/ul>\n<h2 dir=\"ltr\">H\u00e4ufige Fragen zum Istanbul City Pass von Megapass<\/h2>\n<ul>\n<li><span><a href=\"https:\/\/megapass.com\/turkey\/istanbul\/pass?discountCode=ma-places\" target=\"_blank\" rel=\"nofollow noopener\" style=\"outline: none;\" data-lt-tmp-id=\"lt-230370\" spellcheck=\"false\">Weitere Informationen zu den MegaPass Istanbul City P\u00e4ssen finden Sie hier!<\/a><\/span><\/li>\n<\/ul>\n<h2 dir=\"ltr\" style=\"\">H\u00e4ufige Fragen zur Istanbul \u00d6PNV-Karte (Istanbulkart)<\/h2>\n<ul>\n<li><span><a href=\"https:\/\/www.getyourguide.com\/s?partner_id=NO9XIDE&amp;utm_medium=online_publisher&amp;cmp=IMPDeIstanbulkart&amp;et=495350&amp;lc=56\" target=\"_blank\" rel=\"nofollow noopener\" style=\"outline: none;\" data-lt-tmp-id=\"lt-699403\" spellcheck=\"false\">Buchen Sie jetzt Ihre Istanbul \u00d6PNV-Karte.<\/a><\/span><\/li>\n<\/ul>\n<h2 id=\"t-1739368038833\" style=\"text-align: left;\"><strong>Beschreibung der Top 4 Istanbul Museum Pass Optionen<\/strong><\/h2>\n<p>  <span style=\"height: 100%;\"><img decoding=\"async\" alt=\"\" data-id=\"2563\" width=\"248\" data-init-width=\"907\" height=\"189\" data-init-height=\"691\" title=\"megapass_d\" loading=\"lazy\" src=\"https:\/\/istanbul-museum-pass.com\/wp-content\/uploads\/2024\/06\/megapass_d.png\" data-width=\"248\" data-height=\"189\" style=\"aspect-ratio: auto 907 \/ 691; max-width: none !important;\" mt-d=\"0\" ml-d=\"0\" data-><\/span><\/p>\n<h2 data-qa-marker=\"product-name\" id=\"t-1739368038834\" style=\"\"><a href=\"https:\/\/megapass.com\/turkey\/istanbul\/pass?discountCode=ma-places\" target=\"_blank\" style=\"outline: none;\" rel=\"nofollow noopener\" spellcheck=\"false\">1. Istanbul City Pass<\/a>&nbsp;von MegaPass<\/h2>\n<p style=\"\"><a href=\"https:\/\/megapass.com\/turkey\/istanbul\/pass?discountCode=ma-places\" target=\"_blank\" rel=\"nofollow noopener\" style=\"outline: none;\" data-lt-tmp-id=\"lt-747015\" spellcheck=\"false\">4,8 \/ 5 (20+)<\/a><\/p>\n<p dir=\"ltr\"><strong><span>Maximale Ersparnis, minimale Wartezeit! &nbsp;<\/span><\/strong><\/p>\n<p ltr\"\"=\"\"><span>\u2714 4 tolle Attraktionen in einem Pass!&nbsp;<\/span><a href=\"https:\/\/megapass.com\/turkey\/istanbul\/pass?discountCode=ma-places\" target=\"_blank\" rel=\"nofollow noopener\" style=\"outline: none;\"><span><strong><span style=\"text-decoration: underline; --tcb-applied-color: var$(--tcb-skin-color-0) !important; color: var(--tcb-skin-color-0) !important;\">Zur Liste der Attraktionen<\/span><\/strong><\/span><\/a><\/p>\n<p ltr\"\"=\"\"><span>\u2714 Sparen Sie bis zu <strong><span style=\"--tcb-applied-color: var$(--tcb-skin-color-0) !important; color: var(--tcb-skin-color-0) !important;\">27<\/span><\/strong>&nbsp;%<\/span><\/p>\n<p ltr\"\"=\"\"><span>\u2714 Kostenlose \u00d6PNV-Karte mit Guthaben f\u00fcr 5 Fahrten<\/span><\/p>\n<p ltr\"\"=\"\"><span>\u2714 \u00dcberspringen Sie die Warteschlangen am Ticketschalter<\/span><\/p>\n<p ltr\"\"=\"\"><span>\u2714 Kostenloser Audioguide<\/span><\/p>\n<p ltr\"\"=\"\"><span>\u2714 Flexible Stornierungsbedingungen<\/span><\/p>\n<p ltr\"\"=\"\"><span>\u2714 7 Tage g\u00fcltig<\/span><\/p>\n<p>\u2714 24\/7 Kundensupport<\/p>\n<p style=\"text-align: center;\"><a href=\"https:\/\/megapass.com\/turkey\/istanbul\/pass?discountCode=ma-places\" target=\"_blank\" rel=\"nofollow noopener\" style=\"outline: none;\" data-lt-tmp-id=\"lt-690483\" spellcheck=\"false\">144,00 \u20ac<\/a><\/p>\n<p> __CONFIG_colors_palette__{&#8222;active_palette&#8220;:0,&#8220;config&#8220;:{&#8222;colors&#8220;:{&#8222;62516&#8220;:{&#8222;name&#8220;:&#8220;Hauptakzent&#8220;,&#8220;parent&#8220;:-1}},&#8220;gradients&#8220;:[]},&#8220;palettes&#8220;:[{&#8222;name&#8220;:&#8220;Standardpalette&#8220;,&#8220;value&#8220;:{&#8222;colors&#8220;:{&#8222;62516&#8220;:{&#8222;val&#8220;:&#8220;rgb(29, 73, 186)&#8220;}},&#8220;gradients&#8220;:[]}}]}__CONFIG_colors_palette__ <a href=\"https:\/\/megapass.com\/turkey\/istanbul\/pass?discountCode=ma-places\" target=\"_blank\" rel=\"nofollow noopener\" style=\"\"> <span><span><strong>Details ansehen und kaufen<\/strong><\/span><\/span> <\/a>    <span style=\"height: 100%;\"><img decoding=\"async\" alt=\"\" data-id=\"2884\" width=\"329\" data-init-width=\"1200\" height=\"220\" data-init-height=\"800\" title=\"Istanbul-Touristenpass\" loading=\"lazy\" src=\"https:\/\/istanbul-museum-pass.com\/wp-content\/uploads\/2024\/10\/istanbul-tourist-pass-1.webp\" data-width=\"329\" data-height=\"220\" style=\"margin-top: 0px; margin-left: 0px; max-width: none !important; aspect-ratio: auto 1200 \/ 800;\" mt-d=\"0\" ml-d=\"0\" data-><\/span><\/p>\n<h2 data-qa-marker=\"product-name\" style=\"\" id=\"t-1739368038838\"><a href=\"https:\/\/www.headout.com\/r\/most-amazing-placesrecommends-eIPYn\/\" target=\"_blank\" style=\"outline: currentcolor;\" rel=\"nofollow noopener\"><\/a><a data-lt-tmp-id=\"lt-225321\" href=\"https:\/\/www.headout.com\/r\/most-amazing-placesrecommends-7Svlr\/\" rel=\"nofollow noopener\" spellcheck=\"false\" target=\"_blank\" style=\"outline: currentcolor;\"><\/a><a data-lt-tmp-id=\"lt-398957\" href=\"https:\/\/megapass.com\/turkey\/istanbul\/topkapi-palace-museum-tickets?discountCode=ma-places\" rel=\"nofollow noopener\" spellcheck=\"false\" target=\"_blank\" style=\"outline: currentcolor;\"><\/a><a data-lt-tmp-id=\"lt-263907\" href=\"https:\/\/istanbultouristpass.com\/?ref=nukbclhr\" rel=\"nofollow noopener\" spellcheck=\"false\" target=\"_blank\" style=\"outline: none;\">2. Istanbul Tourist Pass<\/a><\/h2>\n<p style=\"\"><a href=\"https:\/\/www.headout.com\/r\/most-amazing-placesrecommends-eIPYn\/\" target=\"_blank\" rel=\"nofollow noopener\" style=\"outline: currentcolor;\"><\/a><a href=\"https:\/\/megapass.com\/turkey\/istanbul\/topkapi-palace-museum-tickets?discountCode=ma-places\" rel=\"nofollow noopener\" target=\"_blank\" style=\"outline: currentcolor;\"><\/a><a href=\"https:\/\/istanbultouristpass.com\/?ref=nukbclhr\" rel=\"nofollow noopener\" target=\"_blank\" style=\"outline: none;\" data-lt-tmp-id=\"lt-658924\" spellcheck=\"false\">4,7 \/ 5 (1000+)<\/a><\/p>\n<p data-test-id=\"activity-overview-content\" data-v-5726f79d=\"\"><strong>All-Inclusive-Pass, nahtlose Erkundung!<\/strong><\/p>\n<p data-test-id=\"activity-overview-content\" data-v-5726f79d=\"\">\u2714 Zugang zu \u00fcber 100 Top-Attraktionen!&nbsp; <a href=\"https:\/\/istanbultouristpass.com\/?ref=nukbclhr\" target=\"_blank\" rel=\"nofollow noopener\" style=\"outline: none;\" spellcheck=\"false\"><strong><span>Zur Liste der Attraktionen<\/span><\/strong><\/a> \u2714 Sparen Sie bis zu <strong><span style=\"--tcb-applied-color: var$(--tcb-skin-color-0) !important; color: var(--tcb-skin-color-0) !important;\">70<\/span><\/strong>&nbsp;%&nbsp;\u2714 Sie entscheiden, wie viele Tage Sie davon profitieren m\u00f6chten \u2714 KOSTENLOSER Flughafentransfer ins Stadtzentrum \u2714 Direkter Zugang zu \u00fcber 100 Aktivit\u00e4ten \u2714 KOSTENLOSE eSIM-Karte&nbsp;\u2714 Sofortige Zustellung der E-Tickets und Audioguides<\/p>\n<p style=\"text-align: center;\"><a href=\"https:\/\/istanbultouristpass.com\/?ref=nukbclhr\" target=\"_blank\" rel=\"nofollow noopener\" style=\"outline: none;\">139,00 \u20ac<\/a><\/p>\n<p> __CONFIG_colors_palette__{&#8222;active_palette&#8220;:0,&#8220;config&#8220;:{&#8222;colors&#8220;:{&#8222;62516&#8220;:{&#8222;name&#8220;:&#8220;Hauptakzent&#8220;,&#8220;parent&#8220;:-1}},&#8220;gradients&#8220;:[]},&#8220;palettes&#8220;:[{&#8222;name&#8220;:&#8220;Standardpalette&#8220;,&#8220;value&#8220;:{&#8222;colors&#8220;:{&#8222;62516&#8220;:{&#8222;val&#8220;:&#8220;rgb(29, 73, 186)&#8220;}},&#8220;gradients&#8220;:[]}}]}__CONFIG_colors_palette__ <a href=\"https:\/\/istanbultouristpass.com\/?ref=nukbclhr\" target=\"_blank\" rel=\"nofollow noopener\" style=\"\"> <span><span><strong><strong><strong>Details ansehen und kaufen<\/strong><\/strong><\/strong><\/span><\/span> <\/a>    <span><img decoding=\"async\" alt=\"Museumspass Istanbul\" data-id=\"3732\" width=\"325\" data-init-width=\"670\" height=\"183\" data-init-height=\"378\" title=\"Museumspass Istanbul\" loading=\"lazy\" src=\"https:\/\/istanbul-museum-pass.com\/wp-content\/uploads\/2025\/03\/istanbul-museum-pass-8259-670w.jpg\" data-width=\"325\" data-height=\"183\" style=\"aspect-ratio: auto 670 \/ 378;\"><\/span><\/p>\n<h2 data-qa-marker=\"product-name\" style=\"\" id=\"t-1739368038837\"><a data-lt-tmp-id=\"lt-707014\" href=\"https:\/\/www.getyourguide.com\/topkapi-palace-l3534\/istanbul-official-museum-pass-for-12-attractions-t676089\/?partner_id=NO9XIDE&amp;utm_medium=online_publisher&amp;cmp=IMPIstanbulMuseumPassHP\" rel=\"nofollow noopener\" spellcheck=\"false\" target=\"_blank\" style=\"outline: none;\">3. Museumspass Istanbul<\/a><\/h2>\n<p style=\"\"><a href=\"https:\/\/www.headout.com\/r\/most-amazing-placesrecommends-eIPYn\/\" target=\"_blank\" rel=\"nofollow noopener\" style=\"outline: currentcolor;\"><\/a><a href=\"https:\/\/megapass.com\/turkey\/istanbul\/topkapi-palace-museum-tickets?discountCode=ma-places\" rel=\"nofollow noopener\" target=\"_blank\" style=\"outline: currentcolor;\"><\/a><a href=\"https:\/\/www.getyourguide.com\/topkapi-palace-l3534\/istanbul-official-museum-pass-for-12-attractions-t676089\/?partner_id=NO9XIDE&amp;utm_medium=online_publisher&amp;cmp=IMPIstanbulMuseumPassHP\" rel=\"nofollow noopener\" target=\"_blank\" style=\"outline: none;\">4,2 \/ 5 (141)<\/a><\/p>\n<p dir=\"ltr\" style=\"\"><strong>Mehr entdecken, <strong>weniger aus<\/strong>geben!<\/strong><\/p>\n<p><span>\u2714 Zugang zu 12 Sehensw\u00fcrdigkeiten! <a href=\"https:\/\/www.getyourguide.com\/topkapi-palace-l3534\/istanbul-official-museum-pass-for-12-attractions-t676089\/?partner_id=NO9XIDE&amp;utm_medium=online_publisher&amp;cmp=IMPDeIstanbulMuseumPassHP\" rel=\"nofollow noopener\" target=\"_blank\" style=\"outline: none;\" spellcheck=\"false\"><span><strong><span>Zur Liste der Attraktionen<\/span><\/strong><\/span><\/a><\/span><\/p>\n<p style=\"\"><span>\u2714 Ein Pass f\u00fcr alle, bis zu 5 Tage Entdeckungsreise&nbsp;\u2714 \u00dcberspringen Sie die Warteschlangen am Ticketschalter\u2714 Kostenloser Audioguide&nbsp;\u2714 Flexible Stornierungsbedingungen&nbsp;\u2714 G\u00fcltig f\u00fcr 5 Tage&nbsp;\u2714 24\/7 Kundensupport<\/span><\/p>\n<p style=\"text-align: center;\"><a href=\"https:\/\/www.headout.com\/r\/most-amazing-placesrecommends-eIPYn\/\" target=\"_blank\" rel=\"nofollow noopener\" style=\"outline: currentcolor;\"><\/a><a data-lt-tmp-id=\"lt-949290\" href=\"https:\/\/www.headout.com\/r\/most-amazing-placesrecommends-7Svlr\/\" rel=\"nofollow noopener\" spellcheck=\"false\" target=\"_blank\" style=\"outline: currentcolor;\"><\/a><a data-lt-tmp-id=\"lt-821383\" href=\"https:\/\/megapass.com\/turkey\/istanbul\/topkapi-palace-museum-tickets?discountCode=ma-places\" rel=\"nofollow noopener\" spellcheck=\"false\" target=\"_blank\" style=\"outline: currentcolor;\"><\/a><a data-lt-tmp-id=\"lt-541635\" href=\"https:\/\/megapass.com\/tours-tickets\/megapass-deluxe-istanbul-i2712?discountCode=ma-places\" rel=\"nofollow noopener\" spellcheck=\"false\" target=\"_blank\" style=\"outline: none;\"><\/a><a href=\"https:\/\/www.getyourguide.com\/topkapi-palace-l3534\/istanbul-official-museum-pass-for-12-attractions-t676089\/?partner_id=NO9XIDE&amp;utm_medium=online_publisher&amp;cmp=IMPDeIstanbulMuseumPassHP\" rel=\"nofollow noopener\" spellcheck=\"false\" target=\"_blank\" style=\"outline: none;\">105,00 \u20ac<\/a><\/p>\n<p> __CONFIG_colors_palette__{&#8222;active_palette&#8220;:0,&#8220;config&#8220;:{&#8222;colors&#8220;:{&#8222;62516&#8220;:{&#8222;name&#8220;:&#8220;Hauptakzent&#8220;,&#8220;parent&#8220;:-1}},&#8220;gradients&#8220;:[]},&#8220;palettes&#8220;:[{&#8222;name&#8220;:&#8220;Standardpalette&#8220;,&#8220;value&#8220;:{&#8222;colors&#8220;:{&#8222;62516&#8220;:{&#8222;val&#8220;:&#8220;rgb(29, 73, 186)&#8220;}},&#8220;gradients&#8220;:[]}}]}__CONFIG_colors_palette__ <a href=\"https:\/\/www.getyourguide.com\/topkapi-palace-l3534\/istanbul-official-museum-pass-for-12-attractions-t676089\/?partner_id=NO9XIDE&amp;utm_medium=online_publisher&amp;cmp=IMPDeIstanbulMuseumPassHP\" target=\"_blank\" rel=\"nofollow noopener\" style=\"\"> <span><span><strong><strong><strong>Details ansehen und kaufen<\/strong><\/strong><\/strong><\/span><\/span> <\/a>    <span style=\"height: 100%;\"><img decoding=\"async\" alt=\"Istanbul Public Transportation Card\" data-id=\"3259\" width=\"326\" data-init-width=\"853\" height=\"245\" data-init-height=\"640\" title=\"Istanbul Public Transportation Card\" loading=\"lazy\" src=\"https:\/\/istanbul-museum-pass.com\/wp-content\/uploads\/2025\/02\/Istanbul-Public-Transportation-Card.jpg\" data-width=\"326\" data-height=\"245\" style=\"aspect-ratio: auto 853 \/ 640; max-width: none !important;\" mt-d=\"0\" ml-d=\"0\"><\/span><\/p>\n<h2 data-qa-marker=\"product-name\" style=\"\"><a data-lt-tmp-id=\"lt-58188\" href=\"https:\/\/www.getyourguide.com\/istanbul-l56\/istanbul-public-transportation-card-with-hotel-delivery-t495350\/?partner_id=NO9XIDE&amp;utm_medium=online_publisher&amp;cmp=IMPDeIstanbulkart\" rel=\"nofollow noopener\" spellcheck=\"false\" target=\"_blank\" style=\"outline: none;\">4. Istanbul \u00d6PNV-Karte<\/a><\/h2>\n<p style=\"\"><a href=\"https:\/\/www.headout.com\/r\/most-amazing-placesrecommends-eIPYn\/\" target=\"_blank\" rel=\"nofollow noopener\" style=\"outline: currentcolor;\"><\/a><a href=\"https:\/\/megapass.com\/turkey\/istanbul\/topkapi-palace-museum-tickets?discountCode=ma-places\" rel=\"nofollow noopener\" target=\"_blank\" style=\"outline: currentcolor;\"><\/a><a href=\"https:\/\/www.getyourguide.com\/istanbul-l56\/istanbul-public-transportation-card-with-hotel-delivery-t495350\/?partner_id=NO9XIDE&amp;utm_medium=online_publisher&amp;cmp=IMPIstanbulkart\" rel=\"nofollow noopener\" target=\"_blank\" style=\"outline: none;\">3,9 \/ 5 (41)<\/a><\/p>\n<p data-test-id=\"activity-overview-content\" data-v-5726f79d=\"\" style=\"\"><strong>Unbegrenztes Reisen, maximaler Komfort!<\/strong><\/p>\n<p data-test-id=\"activity-overview-content\" data-v-5726f79d=\"\" style=\"\"><span style=\"font-size: 15px !important;\">\u2714 Unbegrenzter Zugang zu Istanbuls \u00f6ffentlichen Verkehrsmitteln&nbsp;<a href=\"https:\/\/www.getyourguide.com\/istanbul-l56\/istanbul-public-transportation-card-with-hotel-delivery-t495350\/?partner_id=NO9XIDE&amp;utm_medium=online_publisher&amp;cmp=IMPDeIstanbulkart\" target=\"_blank\" rel=\"nofollow noopener\" style=\"outline: none;\" data-lt-tmp-id=\"lt-356164\" spellcheck=\"false\"><strong><span>Zur Liste der Attraktionen<\/span><\/strong><\/a><\/span>\u2714 Direkt zu Ihrem Hotel geliefert&nbsp;\u2714 Unbegrenzte Fahrt mit &nbsp;U-Bahn, Bussen, Metrobussen, Stra\u00dfenbahnen, F\u00e4hren&nbsp;\u2714 \u00dcberspringen Sie die Warteschlangen&nbsp;\u2714 Flexible Stornierungsbedingungen&nbsp;\u2714 G\u00fcltig f\u00fcr 1 bis 15 Tage&nbsp;\u2714 24\/7 Kundensupport<\/p>\n<p style=\"text-align: center;\"><a href=\"https:\/\/www.headout.com\/r\/most-amazing-placesrecommends-eIPYn\/\" target=\"_blank\" rel=\"nofollow noopener\" style=\"outline: currentcolor;\"><\/a><a data-lt-tmp-id=\"lt-949290\" href=\"https:\/\/www.headout.com\/r\/most-amazing-placesrecommends-7Svlr\/\" rel=\"nofollow noopener\" spellcheck=\"false\" target=\"_blank\" style=\"outline: currentcolor;\"><\/a><a data-lt-tmp-id=\"lt-821383\" href=\"https:\/\/megapass.com\/turkey\/istanbul\/topkapi-palace-museum-tickets?discountCode=ma-places\" rel=\"nofollow noopener\" spellcheck=\"false\" target=\"_blank\" style=\"outline: currentcolor;\"><\/a><a data-lt-tmp-id=\"lt-202877\" href=\"https:\/\/www.getyourguide.com\/istanbul-l56\/istanbul-public-transportation-card-with-hotel-delivery-t495350\/?partner_id=NO9XIDE&amp;utm_medium=online_publisher&amp;cmp=IMPDeIstanbulkart\" rel=\"nofollow noopener\" spellcheck=\"false\" target=\"_blank\" style=\"outline: none;\">40,00 \u20ac<\/a><\/p>\n<p> __CONFIG_colors_palette__{&#8222;active_palette&#8220;:0,&#8220;config&#8220;:{&#8222;colors&#8220;:{&#8222;62516&#8220;:{&#8222;name&#8220;:&#8220;Hauptakzent&#8220;,&#8220;parent&#8220;:-1}},&#8220;gradients&#8220;:[]},&#8220;palettes&#8220;:[{&#8222;name&#8220;:&#8220;Standardpalette&#8220;,&#8220;value&#8220;:{&#8222;colors&#8220;:{&#8222;62516&#8220;:{&#8222;val&#8220;:&#8220;rgb(29, 73, 186)&#8220;}},&#8220;gradients&#8220;:[]}}]}__CONFIG_colors_palette__ <a href=\"https:\/\/www.getyourguide.com\/istanbul-l56\/istanbul-public-transportation-card-with-hotel-delivery-t495350\/?partner_id=NO9XIDE&amp;utm_medium=online_publisher&amp;cmp=IMPDeIstanbulkart\" target=\"_blank\" rel=\"nofollow noopener\" style=\"\"> <span><span><strong><strong><strong>Details ansehen und kaufen<\/strong><\/strong><\/strong><\/span><\/span> <\/a>    <a href=\"#\"> <span style=\"\"><span style=\"\">Monatlich<\/span><\/span> <\/a>   <\/p>\n","protected":false},"excerpt":{"rendered":"<p>H\u00e4ufige Fragen zum Istanbul Museum Pass Eine der bequemsten M\u00f6glichkeiten, Istanbuls beliebteste Museen und historische Sehensw\u00fcrdigkeiten zu&nbsp;erkunden, ist mit einem&nbsp;Istanbul Museum Pass. Diese City P\u00e4sse erm\u00f6glichen einfachen Zugang zu ber\u00fchmten Sehensw\u00fcrdigkeiten wie&nbsp;der Hagia Sophia, dem Topkapi-Palast, der Cisterna Basilica.&nbsp;Viele Reisende haben jedoch Fragen, beispielsweise&nbsp;wie sich die P\u00e4sse voneinander unterscheiden, wo sie sie kaufen k\u00f6nnen, und&nbsp;welche [&hellip;]<\/p>\n","protected":false},"author":10,"featured_media":3924,"parent":0,"menu_order":0,"comment_status":"closed","ping_status":"closed","template":"","meta":{"footnotes":""},"categories":[],"tags":[],"class_list":["post-5825","page","type-page","status-publish","has-post-thumbnail","hentry","post-wrapper","thrv_wrapper"],"_links":{"self":[{"href":"https:\/\/istanbul-museum-pass.com\/de\/wp-json\/wp\/v2\/pages\/5825","targetHints":{"allow":["GET"]}}],"collection":[{"href":"https:\/\/istanbul-museum-pass.com\/de\/wp-json\/wp\/v2\/pages"}],"about":[{"href":"https:\/\/istanbul-museum-pass.com\/de\/wp-json\/wp\/v2\/types\/page"}],"author":[{"embeddable":true,"href":"https:\/\/istanbul-museum-pass.com\/de\/wp-json\/wp\/v2\/users\/10"}],"replies":[{"embeddable":true,"href":"https:\/\/istanbul-museum-pass.com\/de\/wp-json\/wp\/v2\/comments?post=5825"}],"version-history":[{"count":12,"href":"https:\/\/istanbul-museum-pass.com\/de\/wp-json\/wp\/v2\/pages\/5825\/revisions"}],"predecessor-version":[{"id":6552,"href":"https:\/\/istanbul-museum-pass.com\/de\/wp-json\/wp\/v2\/pages\/5825\/revisions\/6552"}],"wp:featuredmedia":[{"embeddable":true,"href":"https:\/\/istanbul-museum-pass.com\/de\/wp-json\/wp\/v2\/media\/3924"}],"wp:attachment":[{"href":"https:\/\/istanbul-museum-pass.com\/de\/wp-json\/wp\/v2\/media?parent=5825"}],"wp:term":[{"taxonomy":"category","embeddable":true,"href":"https:\/\/istanbul-museum-pass.com\/de\/wp-json\/wp\/v2\/categories?post=5825"},{"taxonomy":"post_tag","embeddable":true,"href":"https:\/\/istanbul-museum-pass.com\/de\/wp-json\/wp\/v2\/tags?post=5825"}],"curies":[{"name":"wp","href":"https:\/\/api.w.org\/{rel}","templated":true}]}}