{"id":5837,"date":"2022-12-19T08:18:40","date_gmt":"2022-12-19T08:18:40","guid":{"rendered":"https:\/\/istanbul-museum-pass.com\/how-a-city-pass-works\/"},"modified":"2026-04-09T13:20:47","modified_gmt":"2026-04-09T13:20:47","slug":"wie-funktioniert-ein-city-pass","status":"publish","type":"page","link":"https:\/\/istanbul-museum-pass.com\/de\/wie-funktioniert-ein-city-pass\/","title":{"rendered":"Wie funktioniert ein City Pass"},"content":{"rendered":"<h1 style=\"text-align: left;\">Wie funktioniert ein City Pass?<\/h1>\n<h2>Arten von City P\u00e4ssen<\/h2>\n<p>F\u00fcr jede Stadt der Welt gibt es zwei Arten von City-P\u00e4ssen: <strong>sogenannte Flex-P\u00e4sse,<\/strong>&nbsp;die flexiblen Zugang f\u00fcr einen festgelegten Zeitraum bietet, und <strong>Mehrtagesp\u00e4sse<\/strong>, die unbegrenzten Eintritt zu Attraktionen an einer bestimmten Anzahl an Tagen erm\u00f6glicht. Hier eine kurze Beschreibung der einzelnen P\u00e4sse:<\/p>\n<h2 style=\"text-align: left;\"><strong><strong data-end=\"14\" data-start=\"0\">Flex-Pass<\/strong><\/strong><\/h2>\n<h2 data-end=\"313\" data-start=\"0\"><\/h2>\n<h3><strong><strong data-end=\"14\" data-start=\"0\"><strong data-end=\"14\" data-start=\"0\"><strong>W\u00e4hlen Sie Ihre Attraktionen, zahlen Sie nur f\u00fcr das, was Sie besuchen<\/strong><\/strong><\/strong><\/strong><\/h3>\n<h3 data-end=\"313\" data-start=\"0\"><span style=\"color: rgba(10, 10, 10, 0.85); font-family: Arial, sans-serif; font-size: 15px; font-weight: 400;\">Der Flex Pass bietet Ihnen Flexibilit\u00e4t pur, da Sie innerhalb eines festgelegten Zeitraums aus einer festgelegten Anzahl von Attraktionen w\u00e4hlen k\u00f6nnen. Sie k\u00f6nnen die Attraktionen in Ihrem eigenen Tempo besuchen und je nach Reiseplan auch auslassen oder verschieben. Ideal f\u00fcr Reisende, die sich Freiheit und Abwechslung w\u00e4hrend ihres Besuchs w\u00fcnschen.<\/span><\/h3>\n<h2 style=\"text-align: left;\"><strong><strong data-end=\"14\" data-start=\"0\">Mehrtagespass&nbsp;<\/strong><\/strong><\/h2>\n<h2 data-end=\"313\" data-start=\"0\"><\/h2>\n<h3 data-end=\"313\" data-start=\"0\"><strong data-end=\"14\" data-start=\"0\"><strong>Die beste Option f\u00fcr unbegrenzte Erkundung<\/strong><\/strong><\/h3>\n<h3><span style=\"color: rgba(10, 10, 10, 0.85); font-family: Arial, sans-serif; font-size: 15px; font-weight: 400;\">Der Mehrtagespass bietet unbegrenzten Zugang zu einer bestimmten Anzahl von Attraktionen an einem Tag. Er ist ideal f\u00fcr Touristen, die ihre Zeit optimal nutzen und so viele Attraktionen wie m\u00f6glich besuchen m\u00f6chten, ohne sich um den Kauf einzelner Tickets k\u00fcmmern zu m\u00fcssen. Ideal f\u00fcr alle mit einem vollen Reiseplan und wenig Zeit zum Erkunden.<\/span><\/h3>\n<h2 style=\"text-align: left;\"><strong>Wie funktioniert ein Flex Pass?<\/strong><\/h2>\n<p style=\"text-align: left;\">M\u00f6chten Sie Istanbul flexibler erkunden? Mit dem Flex Pass zahlen Sie nur f\u00fcr die Attraktionen, die Sie besuchen m\u00f6chten, und haben so die volle Kontrolle \u00fcber Ihre Reiseroute.<\/p>\n<p>1<\/p>\n<h3 style=\"\"><strong>W\u00e4hlen Sie 3, 5 oder 7 Attraktionen<\/strong><\/h3>\n<ul>\n<li style=\"\"><span>Sparen Sie Geld, indem Sie nur f\u00fcr die Attraktionen und Museen bezahlen, die Sie besuchen<\/span><\/li>\n<li style=\"\"><span>W\u00e4hlen Sie aus einer gro\u00dfen Auswahl an Museen und Attraktionen<\/span><\/li>\n<\/ul>\n<p>2<\/p>\n<h3><strong>Verwenden Sie den Pass jederzeit innerhalb von 30 Tagen<\/strong><\/h3>\n<ul>\n<li style=\"\"><span>Ihr Flex Pass wird bei der ersten Nutzung aktiviert und ist 30 Tage lang g\u00fcltig. Besuchen Sie Ihre ausgew\u00e4hlten Museen und Attraktionen jederzeit innerhalb dieses Zeitraums.<\/span><\/li>\n<\/ul>\n<h3 style=\"text-align: left;\"><strong>Vergleichen Sie Istanbul Flex P\u00e4sse<\/strong><\/h3>\n<p style=\"text-align: left;\">Der ISTANBUL CITY PASS von MegaPass (Essential und Explorer) sowie der MUSEUM PASS ISTANBUL geh\u00f6ren zur Kategorie&nbsp;<strong>Flex Pass<\/strong> und erm\u00f6glichen Ihnen die Auswahl bestimmter Attraktionen. Weitere Informationen finden Sie in der Vergleichstabelle unten.<\/p>\n<table style=\"\" data-rows=\"9\" data-cols=\"3\">\n<thead>\n<tr>\n<th style=\"\" data-direction=\"\" colspan=\"1\" rowspan=\"1\">\n<p style=\"\"><\/p>\n<\/th>\n<th colspan=\"1\" rowspan=\"1\" style=\"\" data-direction=\"\">\n<p style=\"\">ISTANBUL CITY PASS<\/p>\n<\/th>\n<th colspan=\"1\" rowspan=\"1\" style=\"\" data-direction=\"\">\n<p style=\"\">MUSEUM PASS ISTANBUL<\/p>\n<\/th>\n<\/tr>\n<\/thead>\n<tbody>\n<tr>\n<td data-th=\"\" style=\"\" colspan=\"1\" rowspan=\"1\">\n<p style=\"\">CITY PASS<\/p>\n<\/td>\n<td data-th=\" ISTANBUL MUSEUM PASS\" colspan=\"1\" rowspan=\"1\" style=\"\"><span><img decoding=\"async\" alt=\"\" data-id=\"2563\" width=\"84\" data-init-width=\"907\" height=\"64\" data-init-height=\"691\" title=\"megapass_d\" loading=\"lazy\" src=\"https:\/\/istanbul-museum-pass.com\/wp-content\/uploads\/2024\/06\/megapass_d.png\" data-width=\"84\" data-height=\"64\" style=\"aspect-ratio: auto 907 \/ 691;\" data-><\/span><\/td>\n<td data-th=\" ISTANBUL MUSEUM PASS\" colspan=\"1\" rowspan=\"1\" style=\"\"><span><img decoding=\"async\" alt=\"\" data-id=\"3225\" width=\"80\" data-init-width=\"310\" height=\"52\" data-init-height=\"200\" loading=\"lazy\" src=\"https:\/\/istanbul-museum-pass.com\/wp-content\/uploads\/2025\/02\/TURKEY-MUSEUM-PASS-.png\" data-width=\"80\" data-height=\"52\" style=\"aspect-ratio: auto 310 \/ 200;\" data- title=\"\"><\/span><\/td>\n<\/tr>\n<tr>\n<td data-th=\"\" style=\"\" colspan=\"1\" rowspan=\"1\">\n<p style=\"\">PASS-TYP<\/p>\n<\/td>\n<td data-th=\" ISTANBUL MUSEUM PASS\" colspan=\"1\" rowspan=\"1\" style=\"\">\n<p style=\"\">Flex-Pass<\/p>\n<\/td>\n<td data-th=\" ISTANBUL MUSEUM PASS\" colspan=\"1\" rowspan=\"1\" style=\"\">\n<p style=\"\">Flex-Pass<\/p>\n<\/td>\n<\/tr>\n<tr>\n<td data-th=\"\" style=\"\" rowspan=\"1\" colspan=\"1\">\n<p style=\"\">TOP-LEISTUNGEN<\/p>\n<\/td>\n<td data-th=\" ISTANBUL MUSEUM PASS\" colspan=\"1\" rowspan=\"1\" style=\"\">\n<p data-pm-slice=\"1 1 []\" style=\"\">Hagia Sophia, Topkapi-Palast (optional), Cisterna Basilica, F\u00fchrung durch die Blaue Moschee, Bosporus-Kreuzfahrt und mehr<\/p>\n<\/td>\n<td data-th=\" ISTANBUL MUSEUM PASS\" colspan=\"1\" rowspan=\"1\" style=\"\">\n<p data-pm-slice=\"1 1 []\" style=\"\">Topkapi-Palast, Galataturm, Leanderturm, Arch\u00e4ologisches Museum Istanbul, Museum f\u00fcr t\u00fcrkische und islamische Kunst und mehr<\/p>\n<\/td>\n<\/tr>\n<tr>\n<td data-th=\"\" style=\"\" colspan=\"1\" rowspan=\"1\">\n<p style=\"\">G\u00dcLTIGKEIT\/ PASSDAUER<\/p>\n<\/td>\n<td data-th=\" ISTANBUL MUSEUM PASS\" colspan=\"1\" rowspan=\"1\" style=\"\">\n<p style=\"letter-spacing: 0px;\">7 Tage<\/p>\n<\/td>\n<td data-th=\" ISTANBUL MUSEUM PASS\" colspan=\"1\" rowspan=\"1\" style=\"\">\n<p style=\"letter-spacing: 0px;\">5 Tage<\/p>\n<\/td>\n<\/tr>\n<tr>\n<td data-th=\"\" style=\"\" colspan=\"1\" rowspan=\"1\">\n<p style=\"\">LIEFERUNG<\/p>\n<\/td>\n<td data-th=\" ISTANBUL MUSEUM PASS\" colspan=\"1\" rowspan=\"1\" style=\"\">\n<p style=\"letter-spacing: 0px;\">Digitaler Pass<\/p>\n<\/td>\n<td data-th=\" ISTANBUL MUSEUM PASS\" colspan=\"1\" rowspan=\"1\" style=\"\">\n<p style=\"letter-spacing: 0px;\">Digitaler Pass<\/p>\n<\/td>\n<\/tr>\n<tr>\n<td data-th=\"\" style=\"\" rowspan=\"1\" colspan=\"1\">\n<p style=\"\">\u00d6FFENTLICHE VERKEHRSMITTEL<\/p>\n<\/td>\n<td data-th=\" ISTANBUL MUSEUM PASS\" colspan=\"1\" rowspan=\"1\" style=\"\"><!--! Font Awesome Free 6.7.1 by @fontawesome - https:\/\/fontawesome.com License - https:\/\/fontawesome.com\/license\/free (Icons: CC BY 4.0, Fonts: SIL OFL 1.1, Code: MIT License) Copyright 2024 Fonticons, Inc. --><\/td>\n<td data-th=\" ISTANBUL MUSEUM PASS\" colspan=\"1\" rowspan=\"1\" style=\"\"><\/td>\n<\/tr>\n<tr>\n<td data-th=\"\" style=\"\" rowspan=\"1\" colspan=\"1\">\n<p style=\"\">AUDIOGUIDE<\/p>\n<\/td>\n<td data-th=\" ISTANBUL MUSEUM PASS\" colspan=\"1\" rowspan=\"1\" style=\"\"><!--! Font Awesome Free 6.7.1 by @fontawesome - https:\/\/fontawesome.com License - https:\/\/fontawesome.com\/license\/free (Icons: CC BY 4.0, Fonts: SIL OFL 1.1, Code: MIT License) Copyright 2024 Fonticons, Inc. --><\/td>\n<td data-th=\" ISTANBUL MUSEUM PASS\" colspan=\"1\" rowspan=\"1\" style=\"\"><!--! Font Awesome Free 6.7.1 by @fontawesome - https:\/\/fontawesome.com License - https:\/\/fontawesome.com\/license\/free (Icons: CC BY 4.0, Fonts: SIL OFL 1.1, Code: MIT License) Copyright 2024 Fonticons, Inc. --><\/td>\n<\/tr>\n<tr>\n<td data-th=\"\" style=\"\" rowspan=\"1\" colspan=\"1\">\n<p style=\"\">PREIS F\u00dcR ERWACHSENE<\/p>\n<\/td>\n<td data-th=\" ISTANBUL MUSEUM PASS\" colspan=\"1\" rowspan=\"1\" style=\"\">\n<p style=\"letter-spacing: 0px;\">Ab 99 \u20ac<\/p>\n<\/td>\n<td data-th=\" ISTANBUL MUSEUM PASS\" colspan=\"1\" rowspan=\"1\" style=\"\">\n<p style=\"letter-spacing: 0px;\">Ab 105 \u20ac<\/p>\n<\/td>\n<\/tr>\n<\/tbody>\n<\/table>\n<h2><strong>Wie funktioniert ein Mehrtagespass?<\/strong><\/h2>\n<p data-pm-slice=\"1 1 []\">M\u00f6chten Sie Istanbuls ber\u00fchmteste Museen und historischen Sehensw\u00fcrdigkeiten besonders unkompliziert entdecken \u2013 und das Beste dabei: alles ist in einem Preis enthalten? Dann ist der Mehrtagespass die ideale L\u00f6sung!<\/p>\n<p>1<\/p>\n<h3 style=\"\"><strong><strong>W\u00e4hlen Sie die G\u00fcltigkeitsdauer<\/strong><\/strong><\/h3>\n<p>Entscheiden Sie sich f\u00fcr <strong data-end=\"578\" data-start=\"555\">1, 2, 3 oder 5 Tage<\/strong>, je nachdem, wie lange Sie in der Stadt bleiben.<\/p>\n<ul>\n<li style=\"\"><span><span>Ein Preis \u2013 zahlreiche Attraktionen inklusive<\/span><br \/><\/span><\/li>\n<li style=\"\"><span><span>Sparen Sie deutlich im Vergleich zum Kauf einzelner Eintrittskarten<\/span><\/span><\/li>\n<\/ul>\n<p>2<\/p>\n<h3><strong><strong>Besuchen Sie die wichtigsten Sehensw\u00fcrdigkeiten<\/strong><\/strong><\/h3>\n<p data-end=\"893\" data-start=\"813\">Mit dem Pass haben Sie Zugang zu vielen der bekanntesten Highlights, darunter:<\/p>\n<ul>\n<li style=\"\"><span>Hagia Sophia<\/span><\/li>\n<li style=\"\"><span>Topkapi-Palast<br \/><\/span><\/li>\n<li><span>Cisterna Basilica<br \/>und mehr&#8230;<\/span><\/li>\n<\/ul>\n<p>3<\/p>\n<h3><strong><strong><strong>Nutzen Sie den Pass flexibel im gew\u00e4hlten Zeitraum<\/strong><\/strong><\/strong><\/h3>\n<p>Der Pass wird bei der ersten Nutzung aktiviert und gilt dann f\u00fcr die von Ihnen gew\u00e4hlte Anzahl an aufeinanderfolgenden Kalendertagen.<\/p>\n<p><strong>Beispiel<\/strong>: Wenn Sie einen 3-Tages-Pass am Montag aktivieren, ist er bis Mittwoch um 23:59 Uhr g\u00fcltig.<br data-start=\"1205\" data-end=\"1208\"><\/p>\n<h3 style=\"text-align: left;\"><strong>Vergleichen Sie die Mehrtagesp\u00e4sse<\/strong><strong>&nbsp;f\u00fcr Istanbul<\/strong><\/h3>\n<p style=\"text-align: left;\">Der ISTANBUL TOURIST PASS fungiert als <strong>Mehrt<\/strong><strong><strong>agespass<\/strong> <\/strong>und&nbsp;bietet unbegrenzten Zugang f\u00fcr eine bestimmte Anzahl von Tagen.&nbsp;Weitere Informationen finden Sie in der Vergleichstabelle unten:<\/p>\n<table style=\"\" data-rows=\"9\" data-cols=\"2\">\n<thead>\n<tr>\n<th style=\"\" data-direction=\"\" colspan=\"1\" rowspan=\"1\">\n<p style=\"\"><\/p>\n<\/th>\n<th colspan=\"1\" rowspan=\"1\" style=\"\" data-direction=\"\">\n<p style=\"\">ISTANBUL TOURIST PASS<\/p>\n<\/th>\n<\/tr>\n<\/thead>\n<tbody>\n<tr>\n<td data-th=\"\" style=\"\" colspan=\"1\" rowspan=\"1\">\n<p style=\"\">CITY PASS<\/p>\n<\/td>\n<td data-th=\" ISTANBUL TOURIST PASS\" colspan=\"1\" rowspan=\"1\" style=\"\"><span><img decoding=\"async\" alt=\"\" data-id=\"2855\" width=\"80\" data-init-width=\"1200\" height=\"53\" data-init-height=\"800\" title=\"Istanbul-Touristenpass\" loading=\"lazy\" src=\"https:\/\/istanbul-museum-pass.com\/wp-content\/uploads\/2024\/10\/istanbul-tourist-pass.webp\" data-width=\"80\" data-height=\"53\" style=\"aspect-ratio: auto 1200 \/ 800;\" data-><\/span><\/td>\n<\/tr>\n<tr>\n<td data-th=\"\" style=\"\" colspan=\"1\" rowspan=\"1\">\n<p style=\"\">PASS-TYP<\/p>\n<\/td>\n<td data-th=\" ISTANBUL TOURIST PASS\" colspan=\"1\" rowspan=\"1\" style=\"\">\n<p style=\"\">Mehrtagespass<\/p>\n<\/td>\n<\/tr>\n<tr>\n<td data-th=\"\" style=\"\" rowspan=\"1\" colspan=\"1\">\n<p style=\"\">TOP-LEISTUNGEN<\/p>\n<\/td>\n<td data-th=\" ISTANBUL TOURIST PASS\" colspan=\"1\" rowspan=\"1\" style=\"\">\n<p data-pm-slice=\"1 1 []\" style=\"\">Cisterna Basilica, Dolmabah\u00e7e-Palast, Topkapi-Palast, Tanzende Derwische-Show, Bosporus-Kreuzfahrt und mehr<\/p>\n<\/td>\n<\/tr>\n<tr>\n<td data-th=\"\" style=\"\" colspan=\"1\" rowspan=\"1\">\n<p style=\"\">G\u00dcLTIGKEIT\/ PASSDAUER<\/p>\n<\/td>\n<td data-th=\" ISTANBUL TOURIST PASS\" colspan=\"1\" rowspan=\"1\" style=\"\">\n<p data-pm-slice=\"1 1 []\" style=\"\">1, 2, 3, 5, 7 oder 10 Tage<\/p>\n<\/td>\n<\/tr>\n<tr>\n<td data-th=\"\" style=\"\" colspan=\"1\" rowspan=\"1\">\n<p style=\"\">LIEFERUNG<\/p>\n<\/td>\n<td data-th=\" ISTANBUL TOURIST PASS\" colspan=\"1\" rowspan=\"1\" style=\"\">\n<p style=\"letter-spacing: 0px;\">Digitaler Pass<\/p>\n<\/td>\n<\/tr>\n<tr>\n<td data-th=\"\" style=\"\" rowspan=\"1\" colspan=\"1\">\n<p style=\"\">\u00d6FFENTLICHE VERKEHRSMITTEL<\/p>\n<\/td>\n<td data-th=\" ISTANBUL TOURIST PASS\" colspan=\"1\" rowspan=\"1\" style=\"\"><\/td>\n<\/tr>\n<tr>\n<td data-th=\"\" style=\"\" rowspan=\"1\" colspan=\"1\">\n<p style=\"\">AUDIOGUIDE<\/p>\n<\/td>\n<td data-th=\" ISTANBUL TOURIST PASS\" colspan=\"1\" rowspan=\"1\" style=\"\"><!--! Font Awesome Free 6.7.1 by @fontawesome - https:\/\/fontawesome.com License - https:\/\/fontawesome.com\/license\/free (Icons: CC BY 4.0, Fonts: SIL OFL 1.1, Code: MIT License) Copyright 2024 Fonticons, Inc. --><\/td>\n<\/tr>\n<tr>\n<td data-th=\"\" style=\"\" rowspan=\"1\" colspan=\"1\">\n<p style=\"\">PREIS F\u00dcR ERWACHSENE<\/p>\n<\/td>\n<td data-th=\" ISTANBUL TOURIST PASS\" colspan=\"1\" rowspan=\"1\" style=\"\">\n<p style=\"letter-spacing: 0px;\">Ab 139 \u20ac<\/p>\n<\/td>\n<\/tr>\n<\/tbody>\n<\/table>\n<p><a href=\"https:\/\/istanbul-museum-pass.com\/de\/lohnt-sich-der-istanbul-museum-pass\/\" dynamic-postlink=\"tcb_post_the_permalink\" data-shortcode-id=\"5844\"><\/a><\/p>\n<p style=\"padding-bottom: 0px !important; margin-bottom: 0px !important;\"><strong>Weiterlesen<\/strong><\/p>\n<h2 style=\"\"><span data-attr-css=\"\" data-attr-link=\"1\" data-attr-rel=\"0\" data-attr-static-link=\"{&quot;className&quot;:&quot;&quot;,&quot;href&quot;:&quot;https:\/\/istanbul-museum-pass.com\/de\/lohnt-sich-der-istanbul-museum-pass\/&quot;,&quot;title&quot;:&quot;Lohnt sich der Istanbul Museum Pass? Vorteile auf einen Blick&quot;,&quot;class&quot;:&quot;&quot;}\" data-attr-target=\"0\" data-extra_key=\"\" data-option-inline=\"1\" data-shortcode=\"tcb_post_title\" data-shortcode-name=\"Post title\" style=\"\"><a href=\"https:\/\/istanbul-museum-pass.com\/de\/lohnt-sich-der-istanbul-museum-pass\/\" title=\"Lohnt sich der Istanbul Museum Pass? Vorteile auf einen Blick\" data-css=\"\">Lohnt sich der Istanbul Museum Pass? Vorteile auf einen Blick<\/a><\/span><\/h2>\n<p><a href=\"https:\/\/istanbul-museum-pass.com\/de\/haufige-fragen\/\" dynamic-postlink=\"tcb_post_the_permalink\" data-shortcode-id=\"5844\"><\/a><\/p>\n<p style=\"padding-bottom: 0px !important; margin-bottom: 0px !important;\"><strong>Weiterlesen<\/strong><\/p>\n<h2 style=\"\"><span data-attr-css=\"\" data-attr-link=\"1\" data-attr-rel=\"0\" data-attr-static-link=\"{&quot;className&quot;:&quot;&quot;,&quot;href&quot;:&quot;https:\/\/istanbul-museum-pass.com\/de\/lohnt-sich-der-istanbul-museum-pass\/&quot;,&quot;title&quot;:&quot;Lohnt sich der Istanbul Museum Pass? Vorteile auf einen Blick&quot;,&quot;class&quot;:&quot;&quot;}\" data-attr-target=\"0\" data-extra_key=\"\" data-option-inline=\"1\" data-shortcode=\"tcb_post_title\" data-shortcode-name=\"Post title\" style=\"\"><a href=\"https:\/\/istanbul-museum-pass.com\/de\/haufige-fragen\/\" title=\"H\u00e4ufige Fragen zum Istanbul Museum Pass\" data-css=\"\">H\u00e4ufige Fragen zum Istanbul Museum Pass<\/a><\/span><\/h2>\n","protected":false},"excerpt":{"rendered":"<p>Wie funktioniert ein City Pass? Arten von City P\u00e4ssen F\u00fcr jede Stadt der Welt gibt es zwei Arten von City-P\u00e4ssen: sogenannte Flex-P\u00e4sse,&nbsp;die flexiblen Zugang f\u00fcr einen festgelegten Zeitraum bietet, und Mehrtagesp\u00e4sse, die unbegrenzten Eintritt zu Attraktionen an einer bestimmten Anzahl an Tagen erm\u00f6glicht. Hier eine kurze Beschreibung der einzelnen P\u00e4sse: Flex-Pass W\u00e4hlen Sie Ihre Attraktionen, [&hellip;]<\/p>\n","protected":false},"author":10,"featured_media":3957,"parent":0,"menu_order":0,"comment_status":"closed","ping_status":"closed","template":"","meta":{"footnotes":""},"categories":[],"tags":[],"class_list":["post-5837","page","type-page","status-publish","has-post-thumbnail","hentry","post-wrapper","thrv_wrapper"],"_links":{"self":[{"href":"https:\/\/istanbul-museum-pass.com\/de\/wp-json\/wp\/v2\/pages\/5837","targetHints":{"allow":["GET"]}}],"collection":[{"href":"https:\/\/istanbul-museum-pass.com\/de\/wp-json\/wp\/v2\/pages"}],"about":[{"href":"https:\/\/istanbul-museum-pass.com\/de\/wp-json\/wp\/v2\/types\/page"}],"author":[{"embeddable":true,"href":"https:\/\/istanbul-museum-pass.com\/de\/wp-json\/wp\/v2\/users\/10"}],"replies":[{"embeddable":true,"href":"https:\/\/istanbul-museum-pass.com\/de\/wp-json\/wp\/v2\/comments?post=5837"}],"version-history":[{"count":27,"href":"https:\/\/istanbul-museum-pass.com\/de\/wp-json\/wp\/v2\/pages\/5837\/revisions"}],"predecessor-version":[{"id":7835,"href":"https:\/\/istanbul-museum-pass.com\/de\/wp-json\/wp\/v2\/pages\/5837\/revisions\/7835"}],"wp:featuredmedia":[{"embeddable":true,"href":"https:\/\/istanbul-museum-pass.com\/de\/wp-json\/wp\/v2\/media\/3957"}],"wp:attachment":[{"href":"https:\/\/istanbul-museum-pass.com\/de\/wp-json\/wp\/v2\/media?parent=5837"}],"wp:term":[{"taxonomy":"category","embeddable":true,"href":"https:\/\/istanbul-museum-pass.com\/de\/wp-json\/wp\/v2\/categories?post=5837"},{"taxonomy":"post_tag","embeddable":true,"href":"https:\/\/istanbul-museum-pass.com\/de\/wp-json\/wp\/v2\/tags?post=5837"}],"curies":[{"name":"wp","href":"https:\/\/api.w.org\/{rel}","templated":true}]}}