{"id":5841,"date":"2022-12-21T11:14:16","date_gmt":"2022-12-21T11:14:16","guid":{"rendered":"https:\/\/istanbul-museum-pass.com\/imprint\/"},"modified":"2025-06-30T09:44:11","modified_gmt":"2025-06-30T09:44:11","slug":"impressum","status":"publish","type":"page","link":"https:\/\/istanbul-museum-pass.com\/de\/impressum\/","title":{"rendered":"Impressum"},"content":{"rendered":"<h1 style=\"\"><strong>Imprint<\/strong><\/h1>\n<p><strong>MOST AMAZING PLACES TANITIM VE T\u0130C. A.\u015e.<\/strong><\/p>\n<p>G\u00fcm\u00fc\u015fsuyu Mah.&nbsp;<\/p>\n<p>\u0130n\u00f6n\u00fc Cd. Melek Apt, NO: 11, K1 D2<\/p>\n<p>34437 Beyo\u011flu\/\u0130stanbul<\/p>\n<p><strong>VAT:<\/strong>Beyoglu VD 6232114088<\/p>\n<p><strong>Director:&nbsp;<\/strong>D. Eronal<\/p>\n<p><strong>Website:&nbsp;<\/strong><a href=\"https:\/\/most-amazing-places.com\/\" target=\"_blank\" style=\"outline: none;\" rel=\"nofollow noopener\">https:\/\/most-amazing-places.com\/<\/a><\/p>\n","protected":false},"excerpt":{"rendered":"<p>Imprint MOST AMAZING PLACES TANITIM VE T\u0130C. A.\u015e. G\u00fcm\u00fc\u015fsuyu Mah.&nbsp; \u0130n\u00f6n\u00fc Cd. Melek Apt, NO: 11, K1 D2 34437 Beyo\u011flu\/\u0130stanbul VAT:Beyoglu VD 6232114088 Director:&nbsp;D. Eronal Website:&nbsp;https:\/\/most-amazing-places.com\/<\/p>\n","protected":false},"author":10,"featured_media":0,"parent":0,"menu_order":0,"comment_status":"closed","ping_status":"closed","template":"","meta":{"footnotes":""},"categories":[],"tags":[],"class_list":["post-5841","page","type-page","status-publish","hentry","post-wrapper","thrv_wrapper"],"_links":{"self":[{"href":"https:\/\/istanbul-museum-pass.com\/de\/wp-json\/wp\/v2\/pages\/5841","targetHints":{"allow":["GET"]}}],"collection":[{"href":"https:\/\/istanbul-museum-pass.com\/de\/wp-json\/wp\/v2\/pages"}],"about":[{"href":"https:\/\/istanbul-museum-pass.com\/de\/wp-json\/wp\/v2\/types\/page"}],"author":[{"embeddable":true,"href":"https:\/\/istanbul-museum-pass.com\/de\/wp-json\/wp\/v2\/users\/10"}],"replies":[{"embeddable":true,"href":"https:\/\/istanbul-museum-pass.com\/de\/wp-json\/wp\/v2\/comments?post=5841"}],"version-history":[{"count":5,"href":"https:\/\/istanbul-museum-pass.com\/de\/wp-json\/wp\/v2\/pages\/5841\/revisions"}],"predecessor-version":[{"id":6279,"href":"https:\/\/istanbul-museum-pass.com\/de\/wp-json\/wp\/v2\/pages\/5841\/revisions\/6279"}],"wp:attachment":[{"href":"https:\/\/istanbul-museum-pass.com\/de\/wp-json\/wp\/v2\/media?parent=5841"}],"wp:term":[{"taxonomy":"category","embeddable":true,"href":"https:\/\/istanbul-museum-pass.com\/de\/wp-json\/wp\/v2\/categories?post=5841"},{"taxonomy":"post_tag","embeddable":true,"href":"https:\/\/istanbul-museum-pass.com\/de\/wp-json\/wp\/v2\/tags?post=5841"}],"curies":[{"name":"wp","href":"https:\/\/api.w.org\/{rel}","templated":true}]}}