{"id":5844,"date":"2025-03-03T08:18:00","date_gmt":"2025-03-03T08:18:00","guid":{"rendered":"https:\/\/istanbul-museum-pass.com\/is-istanbul-museum-pass-worth-it-advantages\/"},"modified":"2025-06-30T13:05:20","modified_gmt":"2025-06-30T13:05:20","slug":"lohnt-sich-der-istanbul-museum-pass","status":"publish","type":"page","link":"https:\/\/istanbul-museum-pass.com\/de\/lohnt-sich-der-istanbul-museum-pass\/","title":{"rendered":"Lohnt sich der Istanbul Museum Pass? Vorteile auf einen Blick"},"content":{"rendered":"<h1 style=\"text-align: left;\">Lohnt sich der Istanbul Museum Pass? Vorteile beim Kauf eines City Passes<\/h1>\n<p><span><img decoding=\"async\" alt=\"Geschichte des Topkapi-Palastes\" data-id=\"1059\" width=\"816\" data-init-width=\"1200\" height=\"428\" data-init-height=\"630\" title=\"Geschichte des Topkapi-Palastes\" src=\"\/\/istanbul-museum-pass.com\/wp-content\/uploads\/2022\/12\/History-of-Topkapi-Palace.jpg\" data-width=\"816\" style=\"aspect-ratio: auto 1200 \/ 630;\" data-height=\"428\" loading=\"lazy\"><\/span><\/p>\n<h2 style=\"\"><strong>Lohnt sich der Kauf eines Istanbul Museum Passes?<\/strong><\/h2>\n<p><strong><span style=\"--tcb-applied-color: var$(--tcb-skin-color-0) !important; color: var(--tcb-skin-color-0) !important;\">Kurze Antwort:<\/span><\/strong>Ja, der Kauf eines Museumspasses in Istanbul <strong>kann sich lohnen<\/strong> \u2013 je nachdem, wie viele Sehensw\u00fcrdigkeiten Sie besuchen m\u00f6chten und wie viel Zeit Sie haben. Hier eine detaillierte Antwort:<\/p>\n<p tve-droppable\"\"=\"\"><strong><span>Ausf\u00fchrliche Antwort:<\/span><\/strong><strong> Wenn es sich lohnt:<\/strong><\/p>\n<ul>\n<li \"=\"\"strongfont style=\"vertical-align: inherit;\"font style=\"vertical-align: inherit;\"strong data-end=\"502\" data-start=\"448\"Sie planen mehrere Sehensw\u00fcrdigkeiten zu besuchen:&nbsp;\/strong\/font\/font\/strongfont style=\"vertical-align: inherit;\"font style=\"vertical-align: inherit;\"Falls Sie bedeutende Orte wie die Hagia Sophia, den Topkapi-Palast, die Cisterna Basilica (Versunkener Palast) und den Dolmabah\u00e7e-Palast sehen m\u00f6chten, k\u00f6nnen Sie mit einem Pass bis zu 35\u202f% gegen\u00fcber dem Einzelkauf sparen.\/font\/font\/lili \"=\"\"><strong>Sie m\u00f6chten lange Warteschlangen<\/strong><strong data-end=\"777\" data-start=\"732\">&nbsp;umgehen:&nbsp;<\/strong>Beliebte Sehensw\u00fcrdigkeiten haben vor allem in der Hochsaison oft lange Schlangen. Mit einem Museumspass k\u00f6nnen Sie diese umgehen und wertvolle Zeit sparen.<\/li>\n<li \"=\"\"strongfont style=\"vertical-align: inherit;\"font style=\"vertical-align: inherit;\"strong data-end=\"985\" data-start=\"941\"Sie m\u00f6chten zus\u00e4tzliche Vorteile nutzen:&nbsp;\/strong\/font\/font\/strongfont style=\"vertical-align: inherit;\"font style=\"vertical-align: inherit;\"Manche City P\u00e4sse beinhalten Bosporus-Bootstouren, gef\u00fchrte Rundg\u00e4nge, Fahrkarten f\u00fcr den \u00f6ffentlichen Nahverkehr oder Audioguides \u2013 das erh\u00f6ht den Mehrwert.\/font\/font\/lili \"=\"\"><strong>Sie bleiben mehrere Tage:<\/strong>&nbsp;Die meisten P\u00e4sse sind 5 bis 7 Tage g\u00fcltig. Falls Sie l\u00e4ngere Zeit in Istanbul sind, k\u00f6nnen Sie entspannt und flexibel die Stadt erkunden.<\/li>\n<\/ul>\n<p data-end=\"1364\" data-start=\"1322\"><strong data-end=\"1362\" data-start=\"1322\">Wann sich der Kauf eher nicht lohnt:<\/strong><\/p>\n<ul>\n<li data-end=\"1364\" data-start=\"1322\"><strong data-end=\"1409\" data-start=\"1367\">Sie besuchen nur ein oder zwei Museen:&nbsp;<\/strong>Falls Sie nur ein oder zwei Sehensw\u00fcrdigkeiten planen, ist der Kauf einzelner Tickets oft g\u00fcnstiger.<\/li>\n<li data-end=\"1364\" data-start=\"1322\"><strong data-end=\"1558\" data-start=\"1517\">Sie bevorzugen ein langsameres Tempo:&nbsp;<\/strong>Wenn Sie weniger Orte intensiver entdecken m\u00f6chten, brauchen Sie m\u00f6glicherweise keinen Pass.<\/li>\n<\/ul>\n<p style=\"\"><a href=\"https:\/\/istanbul-museum-pass.com\/de\/wie-funktioniert-ein-city-pass\/\" style=\"outline: none;\" data-lt-tmp-id=\"lt-609700\" spellcheck=\"false\">&gt;&gt; Erfahren Sie, <strong>wie ein City Pass funktioniert<\/strong>.<\/a><\/p>\n<p style=\"\"><a href=\"https:\/\/istanbul-museum-pass.com\/de\/#tve-jump-1959bb5b570\" style=\"outline: none;\" data-lt-tmp-id=\"lt-139882\" spellcheck=\"false\">&gt;&gt; Weitere Details zu den <strong>besten City-P\u00e4ssen.<\/strong><\/a><\/p>\n<h2 id=\"t-1739368038833\" style=\"text-align: left;\"><strong>Beschreibung der Top 4 Istanbul Museum Pass Optionen<\/strong><\/h2>\n<p>  <span style=\"height: 100%;\"><img decoding=\"async\" alt=\"\" data-id=\"2563\" width=\"248\" data-init-width=\"907\" height=\"189\" data-init-height=\"691\" title=\"megapass_d\" loading=\"lazy\" src=\"https:\/\/istanbul-museum-pass.com\/wp-content\/uploads\/2024\/06\/megapass_d.png\" data-width=\"248\" data-height=\"189\" style=\"aspect-ratio: auto 907 \/ 691; max-width: none !important;\" mt-d=\"0\" ml-d=\"0\" data-><\/span><\/p>\n<h2 data-qa-marker=\"product-name\" id=\"t-1739368038834\" style=\"\"><a href=\"https:\/\/megapass.com\/turkey\/istanbul\/pass?discountCode=ma-places\" target=\"_blank\" style=\"outline: none;\" rel=\"nofollow noopener\" spellcheck=\"false\">1. Istanbul City Pass<\/a>&nbsp;von MegaPass<\/h2>\n<p style=\"\"><a href=\"https:\/\/megapass.com\/turkey\/istanbul\/pass?discountCode=ma-places\" target=\"_blank\" rel=\"nofollow noopener\" style=\"outline: none;\" data-lt-tmp-id=\"lt-747015\" spellcheck=\"false\">4,8 \/ 5 (20+)<\/a><\/p>\n<p dir=\"ltr\"><strong><span>Maximale Ersparnis, minimale Wartezeit! &nbsp;<\/span><\/strong><\/p>\n<p ltr\"\"=\"\"><span>\u2714 4 tolle Attraktionen in einem Pass!&nbsp;<\/span><a href=\"https:\/\/megapass.com\/turkey\/istanbul\/pass?discountCode=ma-places\" target=\"_blank\" rel=\"nofollow noopener\" style=\"outline: none;\"><span><strong><span style=\"text-decoration: underline; --tcb-applied-color: var$(--tcb-skin-color-0) !important; color: var(--tcb-skin-color-0) !important;\">Zur Liste der Attraktionen<\/span><\/strong><\/span><\/a><\/p>\n<p ltr\"\"=\"\"><span>\u2714 Sparen Sie bis zu <strong><span style=\"--tcb-applied-color: var$(--tcb-skin-color-0) !important; color: var(--tcb-skin-color-0) !important;\">27<\/span><\/strong>&nbsp;%<\/span><\/p>\n<p ltr\"\"=\"\"><span>\u2714 Kostenlose \u00d6PNV-Karte mit Guthaben f\u00fcr 5 Fahrten<\/span><\/p>\n<p ltr\"\"=\"\"><span>\u2714 \u00dcberspringen Sie die Warteschlangen am Ticketschalter<\/span><\/p>\n<p ltr\"\"=\"\"><span>\u2714 Kostenloser Audioguide<\/span><\/p>\n<p ltr\"\"=\"\"><span>\u2714 Flexible Stornierungsbedingungen<\/span><\/p>\n<p ltr\"\"=\"\"><span>\u2714 7 Tage g\u00fcltig<\/span><\/p>\n<p>\u2714 24\/7 Kundensupport<\/p>\n<p style=\"text-align: center;\"><a href=\"https:\/\/megapass.com\/turkey\/istanbul\/pass?discountCode=ma-places\" target=\"_blank\" rel=\"nofollow noopener\" style=\"outline: none;\" data-lt-tmp-id=\"lt-690483\" spellcheck=\"false\">144,00 \u20ac<\/a><\/p>\n<p> __CONFIG_colors_palette__{&#8222;active_palette&#8220;:0,&#8220;config&#8220;:{&#8222;colors&#8220;:{&#8222;62516&#8220;:{&#8222;name&#8220;:&#8220;Hauptakzent&#8220;,&#8220;parent&#8220;:-1}},&#8220;gradients&#8220;:[]},&#8220;palettes&#8220;:[{&#8222;name&#8220;:&#8220;Standardpalette&#8220;,&#8220;value&#8220;:{&#8222;colors&#8220;:{&#8222;62516&#8220;:{&#8222;val&#8220;:&#8220;rgb(29, 73, 186)&#8220;}},&#8220;gradients&#8220;:[]}}]}__CONFIG_colors_palette__ <a href=\"https:\/\/megapass.com\/turkey\/istanbul\/pass?discountCode=ma-places\" target=\"_blank\" rel=\"nofollow noopener\" style=\"\"> <span><span><strong>Details ansehen und kaufen<\/strong><\/span><\/span> <\/a>    <span style=\"height: 100%;\"><img decoding=\"async\" alt=\"\" data-id=\"2884\" width=\"329\" data-init-width=\"1200\" height=\"220\" data-init-height=\"800\" title=\"Istanbul-Touristenpass\" loading=\"lazy\" src=\"https:\/\/istanbul-museum-pass.com\/wp-content\/uploads\/2024\/10\/istanbul-tourist-pass-1.webp\" data-width=\"329\" data-height=\"220\" style=\"margin-top: 0px; margin-left: 0px; max-width: none !important; aspect-ratio: auto 1200 \/ 800;\" mt-d=\"0\" ml-d=\"0\" data-><\/span><\/p>\n<h2 data-qa-marker=\"product-name\" style=\"\" id=\"t-1739368038838\"><a href=\"https:\/\/www.headout.com\/r\/most-amazing-placesrecommends-eIPYn\/\" target=\"_blank\" style=\"outline: currentcolor;\" rel=\"nofollow noopener\"><\/a><a data-lt-tmp-id=\"lt-225321\" href=\"https:\/\/www.headout.com\/r\/most-amazing-placesrecommends-7Svlr\/\" rel=\"nofollow noopener\" spellcheck=\"false\" target=\"_blank\" style=\"outline: currentcolor;\"><\/a><a data-lt-tmp-id=\"lt-398957\" href=\"https:\/\/megapass.com\/turkey\/istanbul\/topkapi-palace-museum-tickets?discountCode=ma-places\" rel=\"nofollow noopener\" spellcheck=\"false\" target=\"_blank\" style=\"outline: currentcolor;\"><\/a><a data-lt-tmp-id=\"lt-263907\" href=\"https:\/\/istanbultouristpass.com\/?ref=nukbclhr\" rel=\"nofollow noopener\" spellcheck=\"false\" target=\"_blank\" style=\"outline: none;\">2. Istanbul Tourist Pass<\/a><\/h2>\n<p style=\"\"><a href=\"https:\/\/www.headout.com\/r\/most-amazing-placesrecommends-eIPYn\/\" target=\"_blank\" rel=\"nofollow noopener\" style=\"outline: currentcolor;\"><\/a><a href=\"https:\/\/megapass.com\/turkey\/istanbul\/topkapi-palace-museum-tickets?discountCode=ma-places\" rel=\"nofollow noopener\" target=\"_blank\" style=\"outline: currentcolor;\"><\/a><a href=\"https:\/\/istanbultouristpass.com\/?ref=nukbclhr\" rel=\"nofollow noopener\" target=\"_blank\" style=\"outline: none;\" data-lt-tmp-id=\"lt-658924\" spellcheck=\"false\">4,7 \/ 5 (1000+)<\/a><\/p>\n<p data-test-id=\"activity-overview-content\" data-v-5726f79d=\"\"><strong>All-Inclusive-Pass, nahtlose Erkundung!<\/strong><\/p>\n<p data-test-id=\"activity-overview-content\" data-v-5726f79d=\"\">\u2714 Zugang zu \u00fcber 100 Top-Attraktionen!&nbsp; <a href=\"https:\/\/istanbultouristpass.com\/?ref=nukbclhr\" target=\"_blank\" rel=\"nofollow noopener\" style=\"outline: none;\" spellcheck=\"false\"><strong><span>Zur Liste der Attraktionen<\/span><\/strong><\/a> \u2714 Sparen Sie bis zu <strong><span style=\"--tcb-applied-color: var$(--tcb-skin-color-0) !important; color: var(--tcb-skin-color-0) !important;\">70<\/span><\/strong>&nbsp;%&nbsp;\u2714 Sie entscheiden, wie viele Tage Sie davon profitieren m\u00f6chten \u2714 KOSTENLOSER Flughafentransfer ins Stadtzentrum \u2714 Direkter Zugang zu \u00fcber 100 Aktivit\u00e4ten \u2714 KOSTENLOSE eSIM-Karte&nbsp;\u2714 Sofortige Zustellung der E-Tickets und Audioguides<\/p>\n<p style=\"text-align: center;\"><a href=\"https:\/\/istanbultouristpass.com\/?ref=nukbclhr\" target=\"_blank\" rel=\"nofollow noopener\" style=\"outline: none;\">139,00 \u20ac<\/a><\/p>\n<p> __CONFIG_colors_palette__{&#8222;active_palette&#8220;:0,&#8220;config&#8220;:{&#8222;colors&#8220;:{&#8222;62516&#8220;:{&#8222;name&#8220;:&#8220;Hauptakzent&#8220;,&#8220;parent&#8220;:-1}},&#8220;gradients&#8220;:[]},&#8220;palettes&#8220;:[{&#8222;name&#8220;:&#8220;Standardpalette&#8220;,&#8220;value&#8220;:{&#8222;colors&#8220;:{&#8222;62516&#8220;:{&#8222;val&#8220;:&#8220;rgb(29, 73, 186)&#8220;}},&#8220;gradients&#8220;:[]}}]}__CONFIG_colors_palette__ <a href=\"https:\/\/istanbultouristpass.com\/?ref=nukbclhr\" target=\"_blank\" rel=\"nofollow noopener\" style=\"\"> <span><span><strong><strong><strong>Details ansehen und kaufen<\/strong><\/strong><\/strong><\/span><\/span> <\/a>    <span><img decoding=\"async\" alt=\"Museumspass Istanbul\" data-id=\"3732\" width=\"325\" data-init-width=\"670\" height=\"183\" data-init-height=\"378\" title=\"Museumspass Istanbul\" loading=\"lazy\" src=\"https:\/\/istanbul-museum-pass.com\/wp-content\/uploads\/2025\/03\/istanbul-museum-pass-8259-670w.jpg\" data-width=\"325\" data-height=\"183\" style=\"aspect-ratio: auto 670 \/ 378;\"><\/span><\/p>\n<h2 data-qa-marker=\"product-name\" style=\"\" id=\"t-1739368038837\"><a data-lt-tmp-id=\"lt-707014\" href=\"https:\/\/www.getyourguide.com\/topkapi-palace-l3534\/istanbul-official-museum-pass-for-12-attractions-t676089\/?partner_id=NO9XIDE&amp;utm_medium=online_publisher&amp;cmp=IMPIstanbulMuseumPassHP\" rel=\"nofollow noopener\" spellcheck=\"false\" target=\"_blank\" style=\"outline: none;\">3. Museumspass Istanbul<\/a><\/h2>\n<p style=\"\"><a href=\"https:\/\/www.headout.com\/r\/most-amazing-placesrecommends-eIPYn\/\" target=\"_blank\" rel=\"nofollow noopener\" style=\"outline: currentcolor;\"><\/a><a href=\"https:\/\/megapass.com\/turkey\/istanbul\/topkapi-palace-museum-tickets?discountCode=ma-places\" rel=\"nofollow noopener\" target=\"_blank\" style=\"outline: currentcolor;\"><\/a><a href=\"https:\/\/www.getyourguide.com\/topkapi-palace-l3534\/istanbul-official-museum-pass-for-12-attractions-t676089\/?partner_id=NO9XIDE&amp;utm_medium=online_publisher&amp;cmp=IMPIstanbulMuseumPassHP\" rel=\"nofollow noopener\" target=\"_blank\" style=\"outline: none;\">4,2 \/ 5 (141)<\/a><\/p>\n<p dir=\"ltr\" style=\"\"><strong>Mehr entdecken, <strong>weniger aus<\/strong>geben!<\/strong><\/p>\n<p><span>\u2714 Zugang zu 12 Sehensw\u00fcrdigkeiten! <a href=\"https:\/\/www.getyourguide.com\/topkapi-palace-l3534\/istanbul-official-museum-pass-for-12-attractions-t676089\/?partner_id=NO9XIDE&amp;utm_medium=online_publisher&amp;cmp=IMPDeIstanbulMuseumPassHP\" rel=\"nofollow noopener\" target=\"_blank\" style=\"outline: none;\" spellcheck=\"false\"><span><strong><span>Zur Liste der Attraktionen<\/span><\/strong><\/span><\/a><\/span><\/p>\n<p style=\"\"><span>\u2714 Ein Pass f\u00fcr alle, bis zu 5 Tage Entdeckungsreise&nbsp;\u2714 \u00dcberspringen Sie die Warteschlangen am Ticketschalter\u2714 Kostenloser Audioguide&nbsp;\u2714 Flexible Stornierungsbedingungen&nbsp;\u2714 G\u00fcltig f\u00fcr 5 Tage&nbsp;\u2714 24\/7 Kundensupport<\/span><\/p>\n<p style=\"text-align: center;\"><a href=\"https:\/\/www.headout.com\/r\/most-amazing-placesrecommends-eIPYn\/\" target=\"_blank\" rel=\"nofollow noopener\" style=\"outline: currentcolor;\"><\/a><a data-lt-tmp-id=\"lt-949290\" href=\"https:\/\/www.headout.com\/r\/most-amazing-placesrecommends-7Svlr\/\" rel=\"nofollow noopener\" spellcheck=\"false\" target=\"_blank\" style=\"outline: currentcolor;\"><\/a><a data-lt-tmp-id=\"lt-821383\" href=\"https:\/\/megapass.com\/turkey\/istanbul\/topkapi-palace-museum-tickets?discountCode=ma-places\" rel=\"nofollow noopener\" spellcheck=\"false\" target=\"_blank\" style=\"outline: currentcolor;\"><\/a><a data-lt-tmp-id=\"lt-541635\" href=\"https:\/\/megapass.com\/tours-tickets\/megapass-deluxe-istanbul-i2712?discountCode=ma-places\" rel=\"nofollow noopener\" spellcheck=\"false\" target=\"_blank\" style=\"outline: none;\"><\/a><a href=\"https:\/\/www.getyourguide.com\/topkapi-palace-l3534\/istanbul-official-museum-pass-for-12-attractions-t676089\/?partner_id=NO9XIDE&amp;utm_medium=online_publisher&amp;cmp=IMPDeIstanbulMuseumPassHP\" rel=\"nofollow noopener\" spellcheck=\"false\" target=\"_blank\" style=\"outline: none;\">105,00 \u20ac<\/a><\/p>\n<p> __CONFIG_colors_palette__{&#8222;active_palette&#8220;:0,&#8220;config&#8220;:{&#8222;colors&#8220;:{&#8222;62516&#8220;:{&#8222;name&#8220;:&#8220;Hauptakzent&#8220;,&#8220;parent&#8220;:-1}},&#8220;gradients&#8220;:[]},&#8220;palettes&#8220;:[{&#8222;name&#8220;:&#8220;Standardpalette&#8220;,&#8220;value&#8220;:{&#8222;colors&#8220;:{&#8222;62516&#8220;:{&#8222;val&#8220;:&#8220;rgb(29, 73, 186)&#8220;}},&#8220;gradients&#8220;:[]}}]}__CONFIG_colors_palette__ <a href=\"https:\/\/www.getyourguide.com\/topkapi-palace-l3534\/istanbul-official-museum-pass-for-12-attractions-t676089\/?partner_id=NO9XIDE&amp;utm_medium=online_publisher&amp;cmp=IMPDeIstanbulMuseumPassHP\" target=\"_blank\" rel=\"nofollow noopener\" style=\"\"> <span><span><strong><strong><strong>Details ansehen und kaufen<\/strong><\/strong><\/strong><\/span><\/span> <\/a>    <span style=\"height: 100%;\"><img decoding=\"async\" alt=\"Istanbul Public Transportation Card\" data-id=\"3259\" width=\"326\" data-init-width=\"853\" height=\"245\" data-init-height=\"640\" title=\"Istanbul Public Transportation Card\" loading=\"lazy\" src=\"https:\/\/istanbul-museum-pass.com\/wp-content\/uploads\/2025\/02\/Istanbul-Public-Transportation-Card.jpg\" data-width=\"326\" data-height=\"245\" style=\"aspect-ratio: auto 853 \/ 640; max-width: none !important;\" mt-d=\"0\" ml-d=\"0\"><\/span><\/p>\n<h2 data-qa-marker=\"product-name\" style=\"\"><a data-lt-tmp-id=\"lt-58188\" href=\"https:\/\/www.getyourguide.com\/istanbul-l56\/istanbul-public-transportation-card-with-hotel-delivery-t495350\/?partner_id=NO9XIDE&amp;utm_medium=online_publisher&amp;cmp=IMPDeIstanbulkart\" rel=\"nofollow noopener\" spellcheck=\"false\" target=\"_blank\" style=\"outline: none;\">4. Istanbul \u00d6PNV-Karte<\/a><\/h2>\n<p style=\"\"><a href=\"https:\/\/www.headout.com\/r\/most-amazing-placesrecommends-eIPYn\/\" target=\"_blank\" rel=\"nofollow noopener\" style=\"outline: currentcolor;\"><\/a><a href=\"https:\/\/megapass.com\/turkey\/istanbul\/topkapi-palace-museum-tickets?discountCode=ma-places\" rel=\"nofollow noopener\" target=\"_blank\" style=\"outline: currentcolor;\"><\/a><a href=\"https:\/\/www.getyourguide.com\/istanbul-l56\/istanbul-public-transportation-card-with-hotel-delivery-t495350\/?partner_id=NO9XIDE&amp;utm_medium=online_publisher&amp;cmp=IMPIstanbulkart\" rel=\"nofollow noopener\" target=\"_blank\" style=\"outline: none;\">3,9 \/ 5 (41)<\/a><\/p>\n<p data-test-id=\"activity-overview-content\" data-v-5726f79d=\"\" style=\"\"><strong>Unbegrenztes Reisen, maximaler Komfort!<\/strong><\/p>\n<p data-test-id=\"activity-overview-content\" data-v-5726f79d=\"\" style=\"\"><span style=\"font-size: 15px !important;\">\u2714 Unbegrenzter Zugang zu Istanbuls \u00f6ffentlichen Verkehrsmitteln&nbsp;<a href=\"https:\/\/www.getyourguide.com\/istanbul-l56\/istanbul-public-transportation-card-with-hotel-delivery-t495350\/?partner_id=NO9XIDE&amp;utm_medium=online_publisher&amp;cmp=IMPDeIstanbulkart\" target=\"_blank\" rel=\"nofollow noopener\" style=\"outline: none;\" data-lt-tmp-id=\"lt-356164\" spellcheck=\"false\"><strong><span>Zur Liste der Attraktionen<\/span><\/strong><\/a><\/span>\u2714 Direkt zu Ihrem Hotel geliefert&nbsp;\u2714 Unbegrenzte Fahrt mit &nbsp;U-Bahn, Bussen, Metrobussen, Stra\u00dfenbahnen, F\u00e4hren&nbsp;\u2714 \u00dcberspringen Sie die Warteschlangen&nbsp;\u2714 Flexible Stornierungsbedingungen&nbsp;\u2714 G\u00fcltig f\u00fcr 1 bis 15 Tage&nbsp;\u2714 24\/7 Kundensupport<\/p>\n<p style=\"text-align: center;\"><a href=\"https:\/\/www.headout.com\/r\/most-amazing-placesrecommends-eIPYn\/\" target=\"_blank\" rel=\"nofollow noopener\" style=\"outline: currentcolor;\"><\/a><a data-lt-tmp-id=\"lt-949290\" href=\"https:\/\/www.headout.com\/r\/most-amazing-placesrecommends-7Svlr\/\" rel=\"nofollow noopener\" spellcheck=\"false\" target=\"_blank\" style=\"outline: currentcolor;\"><\/a><a data-lt-tmp-id=\"lt-821383\" href=\"https:\/\/megapass.com\/turkey\/istanbul\/topkapi-palace-museum-tickets?discountCode=ma-places\" rel=\"nofollow noopener\" spellcheck=\"false\" target=\"_blank\" style=\"outline: currentcolor;\"><\/a><a data-lt-tmp-id=\"lt-202877\" href=\"https:\/\/www.getyourguide.com\/istanbul-l56\/istanbul-public-transportation-card-with-hotel-delivery-t495350\/?partner_id=NO9XIDE&amp;utm_medium=online_publisher&amp;cmp=IMPDeIstanbulkart\" rel=\"nofollow noopener\" spellcheck=\"false\" target=\"_blank\" style=\"outline: none;\">40,00 \u20ac<\/a><\/p>\n<p> __CONFIG_colors_palette__{&#8222;active_palette&#8220;:0,&#8220;config&#8220;:{&#8222;colors&#8220;:{&#8222;62516&#8220;:{&#8222;name&#8220;:&#8220;Hauptakzent&#8220;,&#8220;parent&#8220;:-1}},&#8220;gradients&#8220;:[]},&#8220;palettes&#8220;:[{&#8222;name&#8220;:&#8220;Standardpalette&#8220;,&#8220;value&#8220;:{&#8222;colors&#8220;:{&#8222;62516&#8220;:{&#8222;val&#8220;:&#8220;rgb(29, 73, 186)&#8220;}},&#8220;gradients&#8220;:[]}}]}__CONFIG_colors_palette__ <a href=\"https:\/\/www.getyourguide.com\/istanbul-l56\/istanbul-public-transportation-card-with-hotel-delivery-t495350\/?partner_id=NO9XIDE&amp;utm_medium=online_publisher&amp;cmp=IMPDeIstanbulkart\" target=\"_blank\" rel=\"nofollow noopener\" style=\"\"> <span><span><strong><strong><strong>Details ansehen und kaufen<\/strong><\/strong><\/strong><\/span><\/span> <\/a>    <a href=\"#\"> <span style=\"\"><span style=\"\">Monatlich<\/span><\/span> <\/a>   <a href=\"https:\/\/istanbul-museum-pass.com\/de\/haufige-fragen\/\" dynamic-postlink=\"tcb_post_the_permalink\" data-shortcode-id=\"5825\"><\/a><\/p>\n<p style=\"padding-bottom: 0px !important; margin-bottom: 0px !important;\"><strong>Weiterlesen<\/strong><\/p>\n<h2 style=\"\"><span data-attr-css=\"\" data-attr-link=\"1\" data-attr-rel=\"0\" data-attr-static-link=\"{&quot;className&quot;:&quot;&quot;,&quot;href&quot;:&quot;https:\/\/istanbul-museum-pass.com\/de\/haufige-fragen\/&quot;,&quot;title&quot;:&quot;H\u00e4ufige Fragen zum Istanbul Museum Pass&quot;,&quot;class&quot;:&quot;&quot;}\" data-attr-target=\"0\" data-extra_key=\"\" data-option-inline=\"1\" data-shortcode=\"tcb_post_title\" data-shortcode-name=\"Post title\" style=\"\"><a href=\"https:\/\/istanbul-museum-pass.com\/de\/haufige-fragen\/\" title=\"H\u00e4ufige Fragen zum Istanbul Museum Pass\" data-css=\"\">H\u00e4ufige Fragen zum Istanbul Museum Pass<\/a><\/span><\/h2>\n<p><a href=\"https:\/\/istanbul-museum-pass.com\/de\/wie-funktioniert-ein-city-pass\/\" dynamic-postlink=\"tcb_post_the_permalink\" data-shortcode-id=\"5825\"><\/a><\/p>\n<p style=\"padding-bottom: 0px !important; margin-bottom: 0px !important;\"><strong>Weiterlesen<\/strong><\/p>\n<h2 style=\"\"><span data-attr-css=\"\" data-attr-link=\"1\" data-attr-rel=\"0\" data-attr-static-link=\"{&quot;className&quot;:&quot;&quot;,&quot;href&quot;:&quot;https:\/\/istanbul-museum-pass.com\/de\/haufige-fragen\/&quot;,&quot;title&quot;:&quot;H\u00e4ufige Fragen zum Istanbul Museum Pass&quot;,&quot;class&quot;:&quot;&quot;}\" data-attr-target=\"0\" data-extra_key=\"\" data-option-inline=\"1\" data-shortcode=\"tcb_post_title\" data-shortcode-name=\"Post title\" style=\"\"><a href=\"https:\/\/istanbul-museum-pass.com\/de\/wie-funktioniert-ein-city-pass\/\" title=\"Wie funktioniert ein City Pass\" data-css=\"\">Wie funktioniert ein City Pass<\/a><\/span><\/h2>\n","protected":false},"excerpt":{"rendered":"<p>Lohnt sich der Istanbul Museum Pass? Vorteile beim Kauf eines City Passes Lohnt sich der Kauf eines Istanbul Museum Passes? Kurze Antwort:Ja, der Kauf eines Museumspasses in Istanbul kann sich lohnen \u2013 je nachdem, wie viele Sehensw\u00fcrdigkeiten Sie besuchen m\u00f6chten und wie viel Zeit Sie haben. Hier eine detaillierte Antwort: Ausf\u00fchrliche Antwort: Wenn es sich [&hellip;]<\/p>\n","protected":false},"author":10,"featured_media":3954,"parent":0,"menu_order":0,"comment_status":"closed","ping_status":"closed","template":"","meta":{"footnotes":""},"categories":[],"tags":[],"class_list":["post-5844","page","type-page","status-publish","has-post-thumbnail","hentry","post-wrapper","thrv_wrapper"],"_links":{"self":[{"href":"https:\/\/istanbul-museum-pass.com\/de\/wp-json\/wp\/v2\/pages\/5844","targetHints":{"allow":["GET"]}}],"collection":[{"href":"https:\/\/istanbul-museum-pass.com\/de\/wp-json\/wp\/v2\/pages"}],"about":[{"href":"https:\/\/istanbul-museum-pass.com\/de\/wp-json\/wp\/v2\/types\/page"}],"author":[{"embeddable":true,"href":"https:\/\/istanbul-museum-pass.com\/de\/wp-json\/wp\/v2\/users\/10"}],"replies":[{"embeddable":true,"href":"https:\/\/istanbul-museum-pass.com\/de\/wp-json\/wp\/v2\/comments?post=5844"}],"version-history":[{"count":16,"href":"https:\/\/istanbul-museum-pass.com\/de\/wp-json\/wp\/v2\/pages\/5844\/revisions"}],"predecessor-version":[{"id":6412,"href":"https:\/\/istanbul-museum-pass.com\/de\/wp-json\/wp\/v2\/pages\/5844\/revisions\/6412"}],"wp:featuredmedia":[{"embeddable":true,"href":"https:\/\/istanbul-museum-pass.com\/de\/wp-json\/wp\/v2\/media\/3954"}],"wp:attachment":[{"href":"https:\/\/istanbul-museum-pass.com\/de\/wp-json\/wp\/v2\/media?parent=5844"}],"wp:term":[{"taxonomy":"category","embeddable":true,"href":"https:\/\/istanbul-museum-pass.com\/de\/wp-json\/wp\/v2\/categories?post=5844"},{"taxonomy":"post_tag","embeddable":true,"href":"https:\/\/istanbul-museum-pass.com\/de\/wp-json\/wp\/v2\/tags?post=5844"}],"curies":[{"name":"wp","href":"https:\/\/api.w.org\/{rel}","templated":true}]}}