{"id":7774,"date":"2026-03-13T11:20:17","date_gmt":"2026-03-13T11:20:17","guid":{"rendered":"https:\/\/istanbul-museum-pass.com\/whirling-dervish\/"},"modified":"2026-04-09T09:32:36","modified_gmt":"2026-04-09T09:32:36","slug":"tanzender-derwisch","status":"publish","type":"page","link":"https:\/\/istanbul-museum-pass.com\/de\/tanzender-derwisch\/","title":{"rendered":"Wirbelnde Derwische in Istanbul: Geschichte, Tipps &amp; die besten Orte zum Zuschauen [+ Tickets]"},"content":{"rendered":"<h1 style=\"text-align: left;\"><span data-attr-link=\"0\" data-attr-rel=\"0\" data-attr-target=\"0\" data-extra_key=\"\" data-option-inline=\"1\" data-shortcode=\"tcb_post_title\" data-shortcode-name=\"Post title\">Wirbelnde Derwische in Istanbul: Geschichte, Tipps &amp; die besten Orte zum Zuschauen [+ Tickets]<\/span><\/h1>\n<p>Whirling Dervish ist <strong>eine der faszinierendsten spirituellen Traditionen<\/strong>, denen <strong>Besucher <\/strong>in Istanbul begegnen. Die wirbelnden Derwische, die <strong>f\u00fcr ihre flie\u00dfenden wei\u00dfen Roben <\/strong>und <strong>hypnotischen Spinnbewegungen <\/strong><strong>bekannt sind<\/strong>, f\u00fchren die <strong>Sema-Zeremonie <\/strong><span style=\"font-weight: normal; font-size: 18px !important;\">[Quelle: <\/span><span style=\"font-size: 18px !important;\"><strong><a data-lt-tmp-id=\"lt-699721\" href=\"https:\/\/ich.unesco.org\/en\/RL\/mevlevi-sema-ceremony-00100\" spellcheck=\"false\" target=\"_blank\" style=\"outline: none;\" rel=\"nofollow noopener\">UNESCO-Weltkulturerbezentrum<\/a><\/strong>] <\/span>durch, ein Ritual, das in der Sufi-Mystik verwurzelt ist und von den Lehren von Jalaluddin Rumi inspiriert ist.<\/p>\n<p><strong>Heute <\/strong>k\u00f6nnen Reisende <strong>authentische Wirbel-Derwish-Zeremonien <\/strong>in historischen Veranstaltungsorten in ganz Istanbul <strong>beobachten<\/strong>, wo <strong>Musik<\/strong>, <strong>Symbolik <\/strong>und spirituelle Bewegung zu einem zutiefst atmosph\u00e4rischen Erlebnis zusammenkommen.<strong> In diesem Leitfaden <\/strong>erfahren Sie, <strong>was das Whirling-Derwish-Ritual bedeutet<\/strong>, <strong>wie sich die Zeremonie entwickelt <\/strong>und <strong>wo Sie <\/strong><strong>die besten Whirling-Derwish-Shows in Istanbul <\/strong><strong>sehen k\u00f6nnen<\/strong>.<\/p>\n<h3 data-hide=\"true\" data-pm-slice=\"1 1 []\" id=\"t-1754394408938\">\ud83c\udf9f\ufe0f F\u00fcgen Sie mehr zu Ihrem wirbelnden Derwish-Erlebnis hinzu<\/h3>\n<ul>\n<li data-pm-slice=\"1 1 []\"><a href=\"https:\/\/istanbul-museum-pass.com\/things-to-do-in-istanbul\/with-kids\/\" style=\"outline: none;\">Aktivit\u00e4ten in Istanbul mit Kindern<\/a><\/li>\n<li data-pm-slice=\"1 1 []\"><a href=\"https:\/\/istanbul-museum-pass.com\/de\/museen\/\" style=\"outline: none;\" target=\"_blank\">Top Museen in Istanbul<\/a><\/li>\n<li data-pm-slice=\"1 1 []\"><a href=\"https:\/\/bosphorus-dinner-cruise.com\/de\/\" style=\"outline: none;\" target=\"_blank\" rel=\"nofollow noopener\">Buchen Sie eine Bosporus Dinner Cruise<\/a><a href=\"https:\/\/istanbul-museum-pass.com\/de\/?page_id=7758\" style=\"outline: none;\"><\/a><\/li>\n<li data-pm-slice=\"1 1 []\"><a href=\"https:\/\/istanbul-museum-pass.com\/de\/?page_id=7765\" style=\"outline: none;\">Hammam Istanbul Guide<\/a><\/li>\n<\/ul>\n<p><span><img decoding=\"async\" alt=\"\" data-id=\"7656\" width=\"1000\" data-init-width=\"1000\" height=\"667\" data-init-height=\"667\" loading=\"lazy\" src=\"https:\/\/istanbul-museum-pass.com\/wp-content\/uploads\/2026\/03\/What-Is-a-Whirling-Dervish.jpg\" data-width=\"1000\" data-height=\"667\" style=\"aspect-ratio: auto 1000 \/ 667;\" title=\"Was ist ein wirbelnder Dervish?\" data-init- data-><\/span><\/p>\n<h2 data-pm-slice=\"1 1 []\" id=\"t-1773327509874\">\ud83c\udf00 Was ist ein wirbelnder Derwisch?<\/h2>\n<p>Ein wirbelnder Derwisch ist ein Praktiker des <strong>Mevlevi-Sufi-<\/strong>Ordens, einer spirituellen Tradition, die von den Lehren des <strong>persischen <\/strong>Dichters und Mystikers <a href=\"https:\/\/www.britannica.com\/biography\/Rumi\" target=\"_blank\" rel=\"nofollow noopener\"><strong>Jalaluddin Rumi aus dem <\/strong><\/a><strong>13. Jahrhundert <\/strong>inspiriert <a href=\"https:\/\/www.britannica.com\/biography\/Rumi\" target=\"_blank\" style=\"outline: none;\" rel=\"nofollow noopener\"><strong>ist<\/strong><\/a>. Der Begriff bezieht sich auf die Derwische, die die <strong>Sema-Zeremonie <\/strong>durchf\u00fchren, ein Ritual, bei dem sich die Teilnehmer in einer kontrollierten, meditativen Bewegung als eine Form der spirituellen Hingabe drehen.<\/p>\n<p>Die wirbelnde Bewegung ist <strong>kein Tanz <\/strong>im herk\u00f6mmlichen Sinne. Stattdessen <strong>stellt <\/strong>es <strong>eine symbolische Reise zur spirituellen Erleuchtung dar<\/strong>. W\u00e4hrend der Zeremonie drehen sich Derwische mit <strong>einer <\/strong><strong>Hand <\/strong><strong>nach <\/strong><strong>oben <\/strong>und der anderen nach unten, <strong>was <\/strong><strong>die <\/strong><strong>Verbindung <\/strong>zwischen der <strong>g\u00f6ttlichen <\/strong>und der <strong>irdischen <\/strong><strong>Welt <\/strong><strong>symbolisiert<\/strong>.<\/p>\n<p><strong>Heute <\/strong>ist die Zeremonie des wirbelnden Derwischs sowohl eine <strong>lebendige <\/strong><strong>spirituelle <\/strong><strong>Praxis <\/strong>als auch eine <strong>wichtige <\/strong><strong>kulturelle <\/strong><strong>Tradition<\/strong>.<\/p>\n<h2 data-pm-slice=\"1 1 []\" style=\"text-align: center; color: rgb(20, 19, 19) !important; --tcb-applied-color: rgb(20, 19, 19) !important;\" id=\"t-1773389812086\"><span style=\"text-decoration: underline; --tcb-applied-color: rgb(20, 19, 19) !important;\">Die besten Whirling Derwish Shows, die man in Istanbul buchen kann<\/span><\/h2>\n<p><strong><span>#<\/span>Beliebteste Show<\/strong><\/p>\n<h3 data-pm-slice=\"1 1 []\" style=\"color: rgb(12, 17, 21) !important; --tcb-applied-color: rgb(12, 17, 21) !important;\">Istanbul: Wirbelnde Derwische &amp; Sufi-Tanz-Tickets<\/h3>\n<p data-pm-slice=\"1 1 []\">Erleben Sie die Mevlevi Sema-Zeremonie, ein hypnotisierendes Wirbelritual, begleitet von <strong>t\u00fcrkischer<\/strong><strong>Live-Musik <\/strong>und <strong>jahrhundertealter kultureller Tradition<\/strong>.<\/p>\n<ul>\n<li data-pm-slice=\"1 1 []\"><strong>Dauer<\/strong>: 1 Stunde &#8211; 3 Stunden<\/li>\n<li>Jetzt buchen, sp\u00e4ter bezahlen<\/li>\n<li>Audioguide<\/li>\n<li>Kostenlose Stornierung<\/li>\n<\/ul>\n<p><strong><span>#<\/span>Historische Veranstaltungsort-Erfahrung<\/strong><\/p>\n<h3 data-pm-slice=\"1 1 []\" style=\"color: rgb(12, 17, 21) !important; --tcb-applied-color: rgb(12, 17, 21) !important;\">Istanbul: Hojapasha Whirling Derwish Show &amp; Ausstellung<\/h3>\n<p data-pm-slice=\"1 1 []\">Erleben Sie die Mevlevi Sema-Zeremonie in Istanbul und erleben Sie eine <strong>reiche musikalische Tradition<\/strong>, w\u00e4hrend wirbelnde Derwische das Ritual durchf\u00fchren.<\/p>\n<ul>\n<li><strong>Dauer<\/strong>: 1 Stunde<\/li>\n<li>Jetzt buchen &amp; sp\u00e4ter bezahlen<\/li>\n<li>Kostenlose Stornierung<\/li>\n<li><strong>Ort<\/strong>: <a href=\"https:\/\/www.google.com\/maps\/place\/Hodjapasha\/@41.0141099,28.9707375,1363m\/data=!3m3!1e3!4b1!5s0x14cab9eaaf25855d:0x36d69697910504fa!4m6!3m5!1s0x14cab9eaa5042601:0xeffa92ce4c38fe91!8m2!3d41.014106!4d28.9756084!16s%2Fg%2F1tfh6w4f?entry=ttu&amp;g_ep=EgoyMDI2MDMxMC4wIKXMDSoASAFQAw%3D%3D\" target=\"_blank\" style=\"outline: none;\" rel=\"nofollow noopener\">Hocapa\u015fa Kulturzentrum<\/a><\/li>\n<\/ul>\n<p><span style=\"\"><img decoding=\"async\" alt=\"\" data-id=\"7661\" width=\"942\" data-init-width=\"1000\" height=\"628\" data-init-height=\"667\" loading=\"lazy\" src=\"https:\/\/istanbul-museum-pass.com\/wp-content\/uploads\/2026\/03\/Whirling-Dervish-Top-Istanbul-Attractions.jpg\" data-width=\"942\" data-height=\"628\" mt-d=\"0\" ml-d=\"0\" center-v-d=\"false\" mt-m=\"0\" ml-m=\"-113\" center-h-m=\"false\" style=\"aspect-ratio: auto 1000 \/ 667;\" data- title=\"\"><\/span><\/p>\n<h2 data-pm-slice=\"1 1 []\" style=\"text-align: center;\" id=\"t-1773389812087\">Wirbelnder Derwisch + Top-Attraktionen in Istanbul<\/h2>\n<h3 data-pm-slice=\"0 0 []\" style=\"color: rgb(12, 17, 21) !important; --tcb-applied-color: rgb(12, 17, 21) !important;\">Combo (Einsparung von 18 %): Whirling Derwishes Tickets + Bosporus Kreuzfahrt Tickets mit Audioguide<\/h3>\n<p data-pm-slice=\"1 1 []\">Tauchen Sie ein in das spirituelle Erbe Istanbuls mit einer wirbenden Derwish-Zeremonie in einer <strong>authentischen jahrhundertealten <\/strong>Tekke (<strong>theologische Schule<\/strong>) im Herzen von <strong>Sultanahmet<\/strong>. Dann setzen Sie Ihr Erlebnis mit einer entspannenden<strong> 90-min\u00fctigen Bosporus-Kreuzfahrt fort<\/strong>, die entlang der ikonischen Wasserstra\u00dfe segelt, die <strong>Europa <\/strong>und <strong>Asien <\/strong>trennt.<\/p>\n<ul>\n<li><strong>Dauer<\/strong>: 1 Stunde &#8211; 1 Stunde 30 Minuten<\/li>\n<li>Audioguide<\/li>\n<\/ul>\n<h3 data-pm-slice=\"1 1 []\" style=\"\">Combo (14 % sparen): Whirling Dervishes Tickets + Basilica Cistern Ticket mit Audioguide<\/h3>\n<p data-pm-slice=\"1 1 []\">Betreten Sie einen ruhigen <strong>550 Jahre alten <\/strong>Veranstaltungsort im Herzen von <strong>Sultanahmet<\/strong>, um die hypnotisierende <strong>Mevlevi <\/strong><strong>Sema<\/strong>-Zeremonie der wirbelnden Derwische zu sehen. Erkunden Sie dann <strong>eines der faszinierendsten Wahrzeichen Istanbuls <\/strong>mit <strong>schnellem <\/strong>Zugang zur Zisterne der Basilika, dem riesigen unterirdischen Stausee, das im <strong>6. <\/strong>Jahrhundert w\u00e4hrend <strong>der <\/strong>Regierungszeit <strong>von Kaiser Justinian <\/strong>gebaut wurde.<\/p>\n<ul>\n<li style=\"\">Erforschen Sie in Ihrem eigenen Tempo<\/li>\n<li style=\"\">Audioguide<\/li>\n<li style=\"\">Gef\u00fchrte Tour<\/li>\n<\/ul>\n<h3 data-pm-slice=\"1 1 []\" style=\"\">Combo (12 % sparen): Whirling Dervish &amp; Sufi Dance + Hagia Sophia Tickets<\/h3>\n<p data-pm-slice=\"1 1 []\">Entdecken Sie die Traditionen von <strong>Rumis Mevlevi-<\/strong>Orden w\u00e4hrend einer einst\u00fcndigen<strong> Zeremonie mit wirbelnden Derwis<\/strong>, die in einer historischen Madrase in der N\u00e4he der <strong>Hagia <\/strong><strong>Sophia stattfindet<\/strong>. Beobachten Sie, wie die Derwischen das <strong>jahrhundertealte<\/strong><strong> <\/strong><strong>Sema-<\/strong><strong>Ritual <\/strong>durchf\u00fchren, und erkunden Sie dann die Hagia Sophia in Ihrem <strong>eigenen Tempo <\/strong>mit <strong>Zugang ohne Anstelle<\/strong>.<\/p>\n<ul>\n<li>Erforschen Sie in Ihrem eigenen Tempo<\/li>\n<li>Audioguide<\/li>\n<\/ul>\n<h2 data-pm-slice=\"1 1 []\" style=\"text-align: center;\" id=\"t-1773389812088\">Wirbelnde Derwisch-Zeremonie mit traditionellem t\u00fcrkischem Abendessen<\/h2>\n<h3 data-pm-slice=\"1 1 []\" style=\"color: rgb(26, 24, 24) !important; --tcb-applied-color: rgb(26, 24, 24) !important;\">Istanbul: Wirbelnde Derwische mit traditionellem t\u00fcrkischem Abendessen<\/h3>\n<p data-pm-slice=\"1 1 []\">Nehmen Sie an einer <strong>60-min\u00fctigen Wirbel-Derwish-Zeremonie teil<\/strong>, gefolgt von einem <strong>authentischen Abendessen in einem 140 Jahre alten Restaurant <\/strong>mit einer intimen kleinen Gruppe, die auf nur 10 G\u00e4ste beschr\u00e4nkt ist.<\/p>\n<ul>\n<li style=\"\"><strong>Dauer<\/strong>: 3 Stunden<\/li>\n<li style=\"\">Jetzt buchen, sp\u00e4ter bezahlen<\/li>\n<li style=\"\">Mahlzeiten inklusive<\/li>\n<li style=\"\">Kostenlose Stornierung<\/li>\n<\/ul>\n<h3 style=\"color: rgb(10, 10, 10) !important; --tcb-applied-color: rgb(10, 10, 10) !important;\" id=\"t-1771411304465\">Planen Sie, mehr von Istanbul zu erkunden?<\/h3>\n<ul>\n<li><a href=\"https:\/\/megapass.com\/en\/turkey\/istanbul\/pass?discountCode=ma-places\" rel=\"nofollow noopener\" style=\"outline: none;\" target=\"_blank\">MegaPass Istanbul Stadtpass<\/a><\/li>\n<li><a href=\"https:\/\/istanbultouristpass.com\/?ref=nukbclhr\" target=\"_blank\" rel=\"nofollow noopener\" style=\"outline: none;\">Istanbuler Touristenpass<\/a><\/li>\n<li><a href=\"https:\/\/www.getyourguide.com\/s?partner_id=NO9XIDE&amp;utm_medium=online_publisher&amp;cmp=IMPDEIstanbulMuseumPassHP&amp;et=676089&amp;lc=56\" target=\"_blank\" rel=\"nofollow noopener\" style=\"outline: none;\">Istanbuler Museumspass<\/a><\/li>\n<\/ul>\n<p><span><img decoding=\"async\" alt=\"\" data-id=\"7657\" width=\"1000\" data-init-width=\"1000\" height=\"667\" data-init-height=\"667\" loading=\"lazy\" src=\"https:\/\/istanbul-museum-pass.com\/wp-content\/uploads\/2026\/03\/Stages-of-the-Whirling-Dervish-Ceremony.jpg\" data-width=\"1000\" data-height=\"667\" style=\"aspect-ratio: auto 1000 \/ 667;\" data-init- data- title=\"\"><\/span><\/p>\n<h2 data-pm-slice=\"1 1 []\" style=\"color: rgb(10, 10, 10) !important; --tcb-applied-color: rgb(10, 10, 10) !important;\" id=\"t-1771411304466\">Etappen der Wirbelde Derwisch-Zeremonie<\/h2>\n<p>Die Wirbelde Derwish-Zeremonie, bekannt als <strong>Sema<\/strong>, folgt einer sorgf\u00e4ltig strukturierten Sequenz, die von <strong>Symbolik <\/strong>und <strong>spiritueller <\/strong><strong>Bedeutung <\/strong>erf\u00fcllt ist. Jede Stufe stellt einen Schritt auf der <strong>Reise <\/strong>des <strong>Suchenden <\/strong>zu innerem <strong>Bewusstsein<\/strong>, <strong>Demut <\/strong>und <strong>g\u00f6ttlicher <\/strong><strong>Liebe <\/strong>dar. Von der Er\u00f6ffnungsmusik bis zum letzten Gebet hat jede Geste, Bewegung und jedes Kleidungsst\u00fcck eine tiefe Bedeutung innerhalb der <strong>Mevlevi-<\/strong><strong>Tradition<\/strong>.<\/p>\n<h3 style=\"\" id=\"t-1771411304467\">1) Die Musik &amp; Atmosph\u00e4re \ud83c\udfb6<\/h3>\n<p>Die Zeremonie beginnt mit <strong>traditioneller Sufi-Musik, die <\/strong>mit Instrumenten wie der <strong>Ney <\/strong>(<strong>Schilfl\u00f6te<\/strong>) und <strong>Trommeln <\/strong><strong>gespielt wird<\/strong>. Die Musik schafft eine kontemplative Atmosph\u00e4re, die sowohl die Derwishe als auch das Publikum auf das folgende spirituelle Ritual vorbereitet.<\/p>\n<h3 id=\"t-1771411304468\">2) Der schwarze Umhang \u26ab<\/h3>\n<p style=\"\">Zu Beginn der Zeremonie <strong>tragen <\/strong>die <strong>Derwischen <\/strong><strong>schwarze <\/strong><strong>Umh\u00e4nge <\/strong>\u00fcber ihren wei\u00dfen Gew\u00e4ndern. Der Umhang <strong>symbolisiert <\/strong>die <strong>irdische <\/strong><strong>Welt <\/strong>und das <strong>Ego<\/strong>. Wenn der Umhang entfernt wird, stellt er dar, weltliche Bindungen zur\u00fcckzulassen und eine spirituelle Reise zu beginnen.<\/p>\n<h3 id=\"t-1771411304469\">3) Die wei\u00dfe Robe und der hohe Hut \u26aa<\/h3>\n<p style=\"\">Unter dem Umhang <strong>tragen <\/strong>die <strong>Derwische lange wei\u00dfe Roben <\/strong>und <strong>hohe Filzh\u00fcte<\/strong>. Das wei\u00dfe Gewand <strong>symbolisiert <\/strong><strong>Reinheit <\/strong>und die <strong>spirituelle <\/strong><strong>Wiedergeburt <\/strong><strong>der Seele<\/strong>, w\u00e4hrend der hohe Hut den Grabstein des Egos darstellt.<\/p>\n<h3 id=\"t-1771411304470\">4) Die Begr\u00fc\u00dfung \ud83e\udd1d<\/h3>\n<p style=\"\">Bevor das Wirbeln beginnt, <strong>begr\u00fc\u00dfen sich <\/strong>die Derwisch <strong>gegenseitig mit respektvollen Verbeugungen<\/strong>. Diese Geste <strong>symbolisiert <\/strong><strong>Demut <\/strong>und <strong>gegenseitigen <\/strong><strong>Respekt <\/strong>auf dem gemeinsamen spirituellen Weg.<\/p>\n<h3 id=\"t-1771411304471\">5) Der Wirbel (Sema)<\/h3>\n<p>Der <strong>zentrale <\/strong><strong>Teil <\/strong><strong>der <\/strong><strong>Zeremonie <\/strong>ist das Wirbeln selbst. Derwische drehen sich langsam mit <strong>einer <\/strong><strong>Hand <\/strong><strong>nach <\/strong><strong>oben <\/strong><strong>zum <\/strong><strong>Himmel <\/strong>und die andere zur Erde, was die <strong>\u00dcbertragung <\/strong><strong>g\u00f6ttlicher Gnade auf die Welt <\/strong>symbolisiert.<\/p>\n<h3>6) Die Schlussfolgerung \ud83d\ude4f<\/h3>\n<p>Die Zeremonie endet mit einem <strong>letzten <\/strong><strong>Gebet <\/strong>und einer <strong>allm\u00e4hlichen <\/strong><strong>R\u00fcckkehr <\/strong><strong>zur <\/strong><strong>Stille<\/strong>. Dieser Moment spiegelt den Abschluss der spirituellen Reise und die <strong>erneuerte <\/strong><strong>Verbindung <\/strong>der <strong>Derwische <\/strong>sowohl mit der g\u00f6ttlichen als auch mit der irdischen Welt wider.<\/p>\n<p><span><img decoding=\"async\" alt=\"\" data-id=\"7658\" width=\"1000\" data-init-width=\"1000\" height=\"667\" data-init-height=\"667\" loading=\"lazy\" src=\"https:\/\/istanbul-museum-pass.com\/wp-content\/uploads\/2026\/03\/Is-the-Whirling-Dervish-Ceremony-Religious-or-Cultural-.jpg\" data-width=\"1000\" data-height=\"667\" style=\"aspect-ratio: auto 1000 \/ 667;\" title=\"Ist die wirbelnde Derwish-Zeremonie religi\u00f6s oder kulturell?\" data-init- data-><\/span><\/p>\n<h2 data-pm-slice=\"1 1 []\" id=\"t-1775660507730\">Ist die Zeremonie der wirbelnden Derwische religi\u00f6s oder kulturell?<\/h2>\n<p data-pm-slice=\"1 1 []\">Die Zeremonie des wirbelnden Derwischen ist urspr\u00fcnglich ein religi\u00f6ses<strong> Sufi-<\/strong><strong>Ritual<\/strong>. Es wurde vom <strong>Mevlevi<\/strong>&#8211;<strong>Orden <\/strong>entwickelt, inspiriert von den Lehren des <strong>Mystikers <\/strong>und <strong>Dichters <\/strong><strong>Rumi <\/strong><strong>aus <\/strong>dem <strong>13. <\/strong><strong>Jahrhundert<\/strong>, und stellt eine Form der <strong>spirituellen <\/strong><strong>Meditation dar<\/strong>.<\/p>\n<p><strong>Heute <\/strong>wird die Zeremonie auch als <strong>kulturelles<\/strong><strong>Erlebnis <\/strong>in Orten wie Istanbul pr\u00e4sentiert. W\u00e4hrend einige Zeremonien Teil der <strong>religi\u00f6sen <\/strong><strong>Praxis <\/strong>bleiben, werden andere an <strong>historischen <\/strong><strong>Orten <\/strong>organisiert, damit die Besucher das <strong>Ritual <\/strong>beobachten und <strong>etwas <\/strong>\u00fcber seine <strong>Symbolik<\/strong>, <strong>Musik <\/strong>und <strong>Traditionen erfahren <\/strong>k\u00f6nnen.<\/p>\n<p>Selbst in diesen \u00f6ffentlichen Umgebungen wird die Zeremonie in der Regel mit der gleichen Struktur und dem gleichen <strong>Respekt <\/strong>wie das <strong>traditionelle <\/strong><strong>Sema-<\/strong><strong>Ritual <\/strong>durchgef\u00fchrt.<\/p>\n<p><span><img decoding=\"async\" alt=\"\" data-id=\"7659\" width=\"1000\" data-init-width=\"1000\" height=\"667\" data-init-height=\"667\" loading=\"lazy\" src=\"https:\/\/istanbul-museum-pass.com\/wp-content\/uploads\/2026\/03\/What-to-Expect-from-a-Whirling-Dervish-Show-in-Istanbul-.jpg\" data-width=\"1000\" data-height=\"667\" style=\"aspect-ratio: auto 1000 \/ 667;\" title=\"Was Sie von einer wirbelnden Derwish-Show in Istanbul erwarten k\u00f6nnen\" data-init- data-><\/span><\/p>\n<h2 data-pm-slice=\"1 1 []\" id=\"t-1775660507731\">Was Sie von einer Show der wirbelnden Derwische in Istanbul erwarten k\u00f6nnen<\/h2>\n<ul>\n<li data-pm-slice=\"1 1 []\" style=\"text-align: left;\">Die Zeremonie dauert in der Regel <strong>45-60 Minuten <\/strong>und folgt der traditionellen Struktur des Sema-Rituals.<\/li>\n<li data-pm-slice=\"1 1 []\" style=\"text-align: left;\">Auff\u00fchrungen eren sich an <strong>historischen <\/strong><strong>Orten <\/strong>wie <strong>restaurierten <\/strong><strong>osmanischen <\/strong><strong>Geb\u00e4uden<\/strong>, <strong>Kulturzentren<\/strong><strong> <\/strong>oder ehemaligen <strong>Madrasen<\/strong>.<\/li>\n<li data-pm-slice=\"1 1 []\" style=\"text-align: left;\">Die Zeremonie wird von <strong>traditioneller<\/strong><strong> Sufi-<\/strong><strong>Musik <\/strong>begleitet, oft mit Instrumenten wie der <strong>Ney <\/strong>(<strong>Rohrfl\u00f6te<\/strong>) und <strong>Percussion<\/strong>.<\/li>\n<li data-pm-slice=\"1 1 []\" style=\"text-align: left;\">Die <strong>Atmosph\u00e4re <\/strong>ist <strong>ruhig <\/strong>und <strong>kontemplativ<\/strong>, und von den Besuchern wird erwartet, dass sie w\u00e4hrend des Rituals schweigen.<\/li>\n<li data-pm-slice=\"1 1 []\" style=\"text-align: left;\">Die <strong>Fotografie <\/strong>ist oft <strong>eingeschr\u00e4nkt<\/strong>, insbesondere w\u00e4hrend des wirbelnden Teils der Zeremonie.<\/li>\n<li data-pm-slice=\"1 1 []\" style=\"text-align: left;\">Das Erlebnis konzentriert sich auf <strong>spirituelle <\/strong><strong>Symbolik <\/strong>und <strong>kulturelles<\/strong><strong>Erbe <\/strong>und bietet Einblicke in <strong>jahrhundertealte<\/strong><strong> <\/strong><strong>Sufi-<\/strong><strong>Traditionen<\/strong>.<\/li>\n<\/ul>\n<h2 data-end=\"67\" data-is-last-node=\"\" data-is-only-node=\"\" data-start=\"0\" id=\"t-1775660507732\">Tipps vor der Teilnahme an einer Zeremonie der wirbelnden Derwische<\/h2>\n<ol>\n<li data-pm-slice=\"1 1 []\"><strong>Fr\u00fch ankommen<\/strong><br \/>Versuchen Sie, <strong>mindestens 15-20 Minuten <\/strong>vor Beginn der Zeremonie zu erscheinen. Viele Veranstaltungsorte haben begrenzte Sitzpl\u00e4tze, und wenn Sie fr\u00fch ankommen, k\u00f6nnen Sie sich einleben und die ruhige Atmosph\u00e4re erleben, bevor das Ritual beginnt.\n<\/li>\n<li data-pm-slice=\"1 1 []\"><strong>W\u00e4hrend der Zeremonie schweigen<\/strong><br \/>Die Sema-Zeremonie ist eher ein spirituelles Ritual als eine Auff\u00fchrung. Von den Besuchern wird erwartet, dass sie w\u00e4hrend der gesamten Zeremonie <strong>ruhig <\/strong>und <strong>respektvoll <\/strong>bleiben.\n<\/li>\n<li data-pm-slice=\"1 1 []\"><strong>\u00dcberpr\u00fcfen Sie die Fotografie-Regeln<\/strong><br \/>Viele Veranstaltungsorte <strong>schr\u00e4nken die <\/strong><strong>Fotografie <\/strong><strong>ein<\/strong>, insbesondere <strong>w\u00e4hrend des wirbelnden Teils der Zeremonie<\/strong>. \u00dcberpr\u00fcfen Sie immer vorher die Regeln und befolgen Sie die Anweisungen des Personals.\n<\/li>\n<li data-pm-slice=\"1 1 []\"><strong>Kleide dich respektvoll<\/strong><br \/>Es gibt normalerweise <strong>keine strenge Kleiderordnung<\/strong>, <strong>aber bescheidene <\/strong>und <strong>respektvolle <\/strong><strong>Kleidung <\/strong>wird <strong>empfohlen, <\/strong>wenn man an einer kulturellen oder spirituellen Zeremonie teilnimmt.<\/li>\n<\/ol>\n<h2 data-end=\"39\" data-is-last-node=\"\" data-is-only-node=\"\" data-start=\"0\" id=\"t-1775660507733\">Weitere Fragen zu wirbelnden Derwischen<\/h2>\n<p><span><img decoding=\"async\" alt=\"\" data-id=\"7660\" width=\"1000\" data-init-width=\"1000\" height=\"667\" data-init-height=\"667\" loading=\"lazy\" src=\"https:\/\/istanbul-museum-pass.com\/wp-content\/uploads\/2026\/03\/People-Also-Ask-About-Whirling-Dervish.jpg\" data-width=\"1000\" data-height=\"667\" style=\"aspect-ratio: auto 1000 \/ 667;\" title=\"Die Leute Fragen Auch Nach Wirbelnden Derwischen\" data-init- data-><\/span><\/p>\n<p>Das Anschauen einer wirbelnden Derwisch-Zeremonie in Istanbul bietet eine seltene Gelegenheit, eine <strong>hihrtealte<\/strong><strong> <\/strong><strong>spirituelle <\/strong><strong>Tradition <\/strong>zu erleben, die in den <strong>Lehren <\/strong><strong>von <\/strong><strong>Rumi <\/strong>und dem <strong>Mevlevi-<\/strong><strong>Orden <\/strong><strong>verwurzelt <\/strong><strong>ist<\/strong>.<\/p>\n<p><strong>Heute <\/strong>k\u00f6nnen Besucher dieses einzigartige kulturelle Erlebnis in historischen Veranstaltungsorten in der ganzen Stadt erleben, mit <strong>mehreren Ticketoptionen<\/strong>, von <strong>traditionellen <\/strong><strong>Zeremonien <\/strong>bis hin zu <strong>kombinierten <\/strong><strong>Erlebnissen<\/strong><strong> <\/strong><strong>mit <\/strong><strong>Abendessen<\/strong>, <strong>Bosporus<\/strong>&#8211;<strong>Kreuzfahrten <\/strong>oder <strong>wichtigen <\/strong><strong>Attraktionen<\/strong>.<\/p>\n<p>Um das <strong><span style=\"text-decoration: underline;\">Beste aus Ihrem Besuch <\/span><\/strong>zu machen, ist es auch hilfreich, die <strong>praktischen Details Ihrer Reise im Voraus <\/strong>zu planen: Sie k\u00f6nnen unsere F\u00fchrer zu den <a href=\"https:\/\/istanbul-museum-pass.com\/de\/?page_id=7750\">Transportm\u00f6glichkeiten<\/a> in <a href=\"https:\/\/istanbul-museum-pass.com\/de\/?page_id=7750\">Istanbul <\/a>erkunden, um die Zeremonien leicht zu erreichen und die <a href=\"https:\/\/istanbul-museum-pass.com\/de\/?page_id=7758\">besten Hotels in Istanbul <\/a>zu entdecken, um in der N\u00e4he der wichtigsten kulturellen und historischen Gebiete der Stadt zu \u00fcbernachten.<\/p>\n<p><a href=\"https:\/\/istanbul-museum-pass.com\/de\/wie-funktioniert-ein-city-pass\/\" dynamic-postlink=\"tcb_post_the_permalink\" data-shortcode-id=\"6600\"><\/a><\/p>\n<p style=\"padding-bottom: 0px !important; margin-bottom: 0px !important;\"><strong>mehr erfahren<\/strong><\/p>\n<h2 style=\"\" id=\"t-1753083500389\" data-hide=\"true\"><span data-attr-css=\"\" data-attr-link=\"1\" data-attr-rel=\"0\" data-attr-static-link=\"{&quot;className&quot;:&quot;&quot;,&quot;href&quot;:&quot;https:\/\/istanbul-museum-pass.com\/de\/wie-funktioniert-ein-city-pass\/&quot;,&quot;title&quot;:&quot;Wie funktioniert ein City Pass&quot;,&quot;class&quot;:&quot;&quot;}\" data-attr-target=\"0\" data-extra_key=\"\" data-option-inline=\"1\" data-shortcode=\"tcb_post_title\" data-shortcode-name=\"Post title\" style=\"\"><a href=\"https:\/\/istanbul-museum-pass.com\/de\/wie-funktioniert-ein-city-pass\/\" title=\"Wie funktioniert ein City Pass\" data-css=\"\">Wie funktioniert ein City Pass<\/a><\/span><\/h2>\n","protected":false},"excerpt":{"rendered":"<p>Wirbelnde Derwische in Istanbul: Geschichte, Tipps &amp; die besten Orte zum Zuschauen [+ Tickets] Whirling Dervish ist eine der faszinierendsten spirituellen Traditionen, denen Besucher in Istanbul begegnen. Die wirbelnden Derwische, die f\u00fcr ihre flie\u00dfenden wei\u00dfen Roben und hypnotischen Spinnbewegungen bekannt sind, f\u00fchren die Sema-Zeremonie [Quelle: UNESCO-Weltkulturerbezentrum] durch, ein Ritual, das in der Sufi-Mystik verwurzelt ist [&hellip;]<\/p>\n","protected":false},"author":10,"featured_media":7775,"parent":0,"menu_order":0,"comment_status":"closed","ping_status":"closed","template":"","meta":{"footnotes":""},"categories":[],"tags":[],"class_list":["post-7774","page","type-page","status-publish","has-post-thumbnail","hentry","post-wrapper","thrv_wrapper"],"_links":{"self":[{"href":"https:\/\/istanbul-museum-pass.com\/de\/wp-json\/wp\/v2\/pages\/7774","targetHints":{"allow":["GET"]}}],"collection":[{"href":"https:\/\/istanbul-museum-pass.com\/de\/wp-json\/wp\/v2\/pages"}],"about":[{"href":"https:\/\/istanbul-museum-pass.com\/de\/wp-json\/wp\/v2\/types\/page"}],"author":[{"embeddable":true,"href":"https:\/\/istanbul-museum-pass.com\/de\/wp-json\/wp\/v2\/users\/10"}],"replies":[{"embeddable":true,"href":"https:\/\/istanbul-museum-pass.com\/de\/wp-json\/wp\/v2\/comments?post=7774"}],"version-history":[{"count":7,"href":"https:\/\/istanbul-museum-pass.com\/de\/wp-json\/wp\/v2\/pages\/7774\/revisions"}],"predecessor-version":[{"id":7818,"href":"https:\/\/istanbul-museum-pass.com\/de\/wp-json\/wp\/v2\/pages\/7774\/revisions\/7818"}],"wp:featuredmedia":[{"embeddable":true,"href":"https:\/\/istanbul-museum-pass.com\/de\/wp-json\/wp\/v2\/media\/7775"}],"wp:attachment":[{"href":"https:\/\/istanbul-museum-pass.com\/de\/wp-json\/wp\/v2\/media?parent=7774"}],"wp:term":[{"taxonomy":"category","embeddable":true,"href":"https:\/\/istanbul-museum-pass.com\/de\/wp-json\/wp\/v2\/categories?post=7774"},{"taxonomy":"post_tag","embeddable":true,"href":"https:\/\/istanbul-museum-pass.com\/de\/wp-json\/wp\/v2\/tags?post=7774"}],"curies":[{"name":"wp","href":"https:\/\/api.w.org\/{rel}","templated":true}]}}