{"id":7785,"date":"2025-08-05T12:26:10","date_gmt":"2025-08-05T12:26:10","guid":{"rendered":"https:\/\/istanbul-museum-pass.com\/swimming-pools\/"},"modified":"2026-04-09T09:26:36","modified_gmt":"2026-04-09T09:26:36","slug":"schwimmbaeder-in-istanbul","status":"publish","type":"page","link":"https:\/\/istanbul-museum-pass.com\/de\/schwimmbaeder-in-istanbul\/","title":{"rendered":"Die 11 besten Schwimmb\u00e4der in Istanbul: Hotels, Resorts &amp; Aquaparks"},"content":{"rendered":"<h1 style=\"text-align: left;\"><span data-attr-link=\"0\" data-attr-rel=\"0\" data-attr-target=\"0\" data-extra_key=\"\" data-option-inline=\"1\" data-shortcode=\"tcb_post_title\" data-shortcode-name=\"Post title\">11 Best Swimming Pools in Istanbul [Hotels, Resorts, Aquaparks] DE<\/span><\/h1>\n<p>Wenn der Sommer in Istanbul ankommt, <strong>gibt es keinen besseren Weg, sich abzuk\u00fchlen, als in ein wundersch\u00f6nes Schwimmbad zu tauchen<\/strong>.<\/p>\n<p>Egal, ob Sie sich als Tourist in der Stadt aufhalten oder ein Einheimischer sind, der der Hitze entfliehen m\u00f6chte, Istanbul bietet eine \u00fcberraschende Vielfalt an Poolerlebnissen. Von glamour\u00f6sen <strong>Hotelpools auf dem Dach <\/strong>mit <a href=\"#tve-jump-19879643c3c\" jump-animation=\"smooth\"><strong>Blick auf den Bosporus <\/strong><\/a>bis hin zu <a href=\"#tve-jump-1987942ac8f\" jump-animation=\"smooth\" style=\"outline: none;\"><strong>familienfreundlichen Wasserparks <\/strong><\/a>voller Rutschen und Spa\u00df, die Stadt hat <a href=\"#tve-jump-1987942f55d\" jump-animation=\"smooth\" style=\"outline: none;\"><strong>f\u00fcr jeden etwas zu bieten<\/strong><\/a>. Und das Beste daran? Sie m\u00fcssen die Stadt nicht verlassen, um das Gef\u00fchl zu haben, im Urlaub zu sein.<\/p>\n<p><strong>In diesem Reisef\u00fchrer <\/strong>f\u00fchren wir Sie durch die besten Schwimmb\u00e4der in Istanbul: darunter <a href=\"#tve-jump-1987942f55d\" jump-animation=\"smooth\" style=\"outline: none;\">stilvolle Hotelpools<\/a>, actiongeladene Wasserparks und <a href=\"#tve-jump-198794434ad\" jump-animation=\"smooth\" style=\"outline: none;\">entspannende <\/a>Kurzurlaube im <a href=\"#tve-jump-198794434ad\" jump-animation=\"smooth\" style=\"outline: none;\">Resort-Stil<\/a>. Wir werden hervorheben, welche Pools ideal f\u00fcr Paare, Kinder, preisbewusste Reisende oder diejenigen sind, die nach purem Luxus suchen. Tauchen wir ein in die coolsten Schwimmpl\u00e4tze Istanbuls!<\/p>\n<h3 data-pm-slice=\"1 1 []\" id=\"t-1754394408938\" data-hide=\"true\" style=\"\">\u2795 F\u00fcgen Sie mehr zu Ihrer Pool-Flucht in Istanbul hinzu<\/h3>\n<ul>\n<li data-pm-slice=\"1 1 []\" style=\"\"><a href=\"https:\/\/istanbul-museum-pass.com\/things-to-do-in-istanbul\/with-kids\/\">Aktivit\u00e4ten in Istanbul mit Kindern<\/a><\/li>\n<li data-pm-slice=\"1 1 []\" style=\"\"><a href=\"https:\/\/istanbul-museum-pass.com\/museums\/\" style=\"outline: none;\">Top Museen in Istanbul<\/a><\/li>\n<li data-pm-slice=\"1 1 []\" style=\"\"><a href=\"https:\/\/bosphorus-dinner-cruise.com\/\" style=\"outline: currentcolor;\" rel=\"nofollow noopener\" target=\"_blank\">Buchen Sie eine Bosporus Dinner Cruise<\/a><\/li>\n<\/ul>\n<p><span><img decoding=\"async\" alt=\"Die besten Hotels mit Pool in Istanbul\" data-id=\"6707\" width=\"1000\" data-init-width=\"1000\" height=\"667\" data-init-height=\"667\" loading=\"lazy\" src=\"https:\/\/istanbul-museum-pass.com\/wp-content\/uploads\/2025\/08\/Best-Istanbul-Hotels-with-Pool.jpg\" data-width=\"1000\" data-height=\"667\" style=\"aspect-ratio: auto 1000 \/ 667;\" data-init- data- title=\"\"><\/span><\/p>\n<h2 data-pm-slice=\"1 1 []\" id=\"t-1754311798465\" style=\"\">Warum Istanbul die perfekte Stadt f\u00fcr Poolliebhaber ist<\/h2>\n<p style=\"\"><strong>Glauben Sie, dass es in Istanbul nur um historische Sehensw\u00fcrdigkeiten, osmanische Pal\u00e4ste und gesch\u00e4ftige Basare geht? Denken Sie noch einmal nach.<br \/><\/strong>Diese Stadt feiert nicht nur die Vergangenheit, sie wei\u00df, wie man den Sommer richtig macht. Mit seiner Mischung aus F\u00fcnf-Sterne-Pools auf dem Dach, stilvollen urbanen R\u00fcckzugsorten und weitl\u00e4ufigen Wasserparks hat sich Istanbul im Stillen zu einem der aufregendsten Poolziele Europas entwickelt.<\/p>\n<p><strong>Was macht es einzigartig?<\/strong><br \/>Hier ist ein Schwimmbad nicht nur ein Ort zum Abk\u00fchlen; es ist Teil des luxuri\u00f6sen Lebensstils der Stadt. Stellen Sie sich vor, Sie schweben in einem Infinity-Pool mit Blick auf den <strong>Bosporus <\/strong>und schl\u00fcrfen Cocktails, w\u00e4hrend die <strong>Sonne <\/strong>hinter den Minaretten <strong>untergeht<\/strong>. Egal, ob Sie auf High-End-Hotelerlebnisse, <strong>Familienspa\u00df <\/strong>oder <strong>friedliche Pooltage <\/strong>vor den Menschenmassen stehen, <strong>Istanbul bietet alles <\/strong>stilvoll. F\u00fcr Reisende, die die perfekte Sommerbalance zwischen Kultur, Komfort und kristallklarem Wasser suchen, ist Istanbul mehr als nur ein Zwischenstopp. Es ist das Ziel.<\/p>\n<h3 data-pm-slice=\"1 1 []\" id=\"t-1754382740072\" style=\"text-align: right;\">\ud83c\udfe8 4 Beste Hotels mit Pool in Istanbul<\/h3>\n<p><span>#1<\/span><\/p>\n<h4 data-pm-slice=\"1 1 []\" style=\"\">1. Elite World Grand Istanbul Bas\u0131n Ekspres<\/h4>\n<p \"=\"\" data-pm-slice=\"1 1 []\" style=\"\"Dieses Hotel ist eine beliebte Wahl bei Einheimischen und Gesch\u00e4ftsreisenden gleicherma\u00dfen und bietet einen gro\u00dfen Innenpool als Teil seines luxuri\u00f6sen Spa-Komplexes. Tageskarten sind f\u00fcr Nicht-G\u00e4ste erh\u00e4ltlich, die ein ruhiges Schwimmen und Wellness-Session genie\u00dfen m\u00f6chten.brstrong\/strong\/pulli \"=\"\" data-pm-slice=\"1 1 []\" style=\"\"><strong>Einrichtungen<\/strong>: Spa, T\u00fcrkisches Bad, Sauna, Fitnessraum<br \/><strong><\/strong><\/li>\n","protected":false},"excerpt":{"rendered":"<p>11 Best Swimming Pools in Istanbul [Hotels, Resorts, Aquaparks] DE Wenn der Sommer in Istanbul ankommt, gibt es keinen besseren Weg, sich abzuk\u00fchlen, als in ein wundersch\u00f6nes Schwimmbad zu tauchen. Egal, ob Sie sich als Tourist in der Stadt aufhalten oder ein Einheimischer sind, der der Hitze entfliehen m\u00f6chte, Istanbul bietet eine \u00fcberraschende Vielfalt an [&hellip;]<\/p>\n","protected":false},"author":10,"featured_media":6736,"parent":0,"menu_order":0,"comment_status":"closed","ping_status":"closed","template":"","meta":{"footnotes":""},"categories":[779],"tags":[],"class_list":["post-7785","page","type-page","status-publish","has-post-thumbnail","hentry","category-travel-guide-blog","post-wrapper","thrv_wrapper"],"_links":{"self":[{"href":"https:\/\/istanbul-museum-pass.com\/de\/wp-json\/wp\/v2\/pages\/7785","targetHints":{"allow":["GET"]}}],"collection":[{"href":"https:\/\/istanbul-museum-pass.com\/de\/wp-json\/wp\/v2\/pages"}],"about":[{"href":"https:\/\/istanbul-museum-pass.com\/de\/wp-json\/wp\/v2\/types\/page"}],"author":[{"embeddable":true,"href":"https:\/\/istanbul-museum-pass.com\/de\/wp-json\/wp\/v2\/users\/10"}],"replies":[{"embeddable":true,"href":"https:\/\/istanbul-museum-pass.com\/de\/wp-json\/wp\/v2\/comments?post=7785"}],"version-history":[{"count":6,"href":"https:\/\/istanbul-museum-pass.com\/de\/wp-json\/wp\/v2\/pages\/7785\/revisions"}],"predecessor-version":[{"id":7816,"href":"https:\/\/istanbul-museum-pass.com\/de\/wp-json\/wp\/v2\/pages\/7785\/revisions\/7816"}],"wp:featuredmedia":[{"embeddable":true,"href":"https:\/\/istanbul-museum-pass.com\/de\/wp-json\/wp\/v2\/media\/6736"}],"wp:attachment":[{"href":"https:\/\/istanbul-museum-pass.com\/de\/wp-json\/wp\/v2\/media?parent=7785"}],"wp:term":[{"taxonomy":"category","embeddable":true,"href":"https:\/\/istanbul-museum-pass.com\/de\/wp-json\/wp\/v2\/categories?post=7785"},{"taxonomy":"post_tag","embeddable":true,"href":"https:\/\/istanbul-museum-pass.com\/de\/wp-json\/wp\/v2\/tags?post=7785"}],"curies":[{"name":"wp","href":"https:\/\/api.w.org\/{rel}","templated":true}]}}