{"id":5862,"date":"2024-11-05T12:45:22","date_gmt":"2024-11-05T12:45:22","guid":{"rendered":"https:\/\/istanbul-museum-pass.com\/affiliate-disclosure\/"},"modified":"2026-04-21T06:53:11","modified_gmt":"2026-04-21T06:53:11","slug":"afiliados","status":"publish","type":"page","link":"https:\/\/istanbul-museum-pass.com\/es\/afiliados\/","title":{"rendered":"Divulgaci\u00f3n de afiliados"},"content":{"rendered":"<h1><span data-attr-id=\"the_title\" data-extra_key=\"the_title\" data-option-inline=\"1\" data-shortcode=\"thrv_dynamic_data_content\" data-shortcode-name=\"Post title\">Divulgaci\u00f3n de afiliados<\/span><\/h1>\n<p><span data-tcb-events=\"\"><img width=\"1300\" height=\"800\" src=\"https:\/\/istanbul-museum-pass.com\/wp-content\/uploads\/2023\/05\/topkapi-palace-vip-ticket-2618.jpg\" alt=\"Affiliate Disclosure\" title=\"undefined\" data-id=\"4177\" data-d-f=\"featured\" loading=\"lazy\" decoding=\"async\" \/><\/span><\/p>\n<p dir=\"ltr\">En Istanbul-Museum-Pass.com, nuestro objetivo es ofrecer contenido de viajes de alta calidad que te ayude a planificar y disfrutar de tus viajes. Para apoyar nuestro esfuerzo por mantener y hacer crecer este sitio web, utilizamos enlaces de afiliados en todo nuestro contenido. Esto significa que si realizas una compra a trav\u00e9s de alguno de los enlaces de nuestro sitio, podr\u00edamos recibir una peque\u00f1a comisi\u00f3n. Esto no tiene ning\u00fan coste adicional para ti y nos ayuda a mantener el contenido gratuito y actualizado.<\/p>\n<h2 dir=\"ltr\">\u00bfPor qu\u00e9 utilizamos enlaces de afiliados?<\/h2>\n<p dir=\"ltr\">Gestionar un sitio web requiere tiempo y recursos, y las colaboraciones con afiliados nos permiten financiar nuestro trabajo. Es importante destacar que solo recomendamos productos, tours y servicios que realmente creemos que aportar\u00e1n valor a su experiencia de viaje. Seleccionamos y evaluamos cuidadosamente a nuestros socios afiliados para asegurarnos de que se ajusten a los est\u00e1ndares e intereses de nuestros lectores.<\/p>\n<h2 dir=\"ltr\">Socios afiliados<\/h2>\n<p dir=\"ltr\">Algunos de nuestros socios afiliados de confianza incluyen:<\/p>\n<ul>\n<li dir=\"ltr\">GetYourGuide<\/li>\n<li dir=\"ltr\">Tiqets<\/li>\n<li dir=\"ltr\">Headout<\/li>\n<li dir=\"ltr\">Viator<\/li>\n<li dir=\"ltr\">Platinumlist<\/li>\n<li dir=\"ltr\">Civitatis<\/li>\n<li dir=\"ltr\">Holafly<\/li>\n<li dir=\"ltr\">Booking.com<\/li>\n<li dir=\"ltr\">Megapass<\/li>\n<li dir=\"ltr\">Musement<\/li>\n<\/ul>\n<p dir=\"ltr\">Tenga en cuenta que podemos actualizar esta lista a medida que nos asociamos con nuevas empresas en las que confiamos y recomendamos.<\/p>\n<h2 dir=\"ltr\">Compromiso con la honestidad<\/h2>\n<p dir=\"ltr\">Queremos que conf\u00ede en las recomendaciones que le ofrecemos. Si bien recibir una comisi\u00f3n contribuye a nuestro trabajo, nunca influye en el contenido, los temas ni los productos que recomendamos. Nuestro objetivo principal es brindar informaci\u00f3n \u00fatil, honesta y precisa para sus viajes. Cualquier producto o servicio que recomendamos es algo que usar\u00edamos o recomendar\u00edamos personalmente a nuestros amigos y familiares.<\/p>\n<h2 dir=\"ltr\">Tu apoyo importa<\/h2>\n<p dir=\"ltr\">Al usar nuestros enlaces de afiliado, apoyas el contenido y los recursos que ofrecemos en Istanbul-Museum-Pass.com, y agradecemos enormemente tu confianza y apoyo. Esto nos permite seguir brind\u00e1ndote consejos, gu\u00edas y recomendaciones que esperamos que mejoren tus aventuras de viaje.<\/p>\n<p dir=\"ltr\">Si tienes alguna pregunta o inquietud sobre nuestras colaboraciones o nuestro contenido de afiliados, no dudes en contactarnos.<\/p>\n<p><span><span>                    <\/span><\/span><span>Search<\/span><\/p>\n<p><strong>ENLACES \u00daTILES<\/strong><\/p>\n","protected":false},"excerpt":{"rendered":"<p>Divulgaci\u00f3n de afiliados En Istanbul-Museum-Pass.com, nuestro objetivo es ofrecer contenido de viajes de alta calidad que te ayude a planificar y disfrutar de tus viajes. Para apoyar nuestro esfuerzo por mantener y hacer crecer este sitio web, utilizamos enlaces de afiliados en todo nuestro contenido. Esto significa que si realizas una compra a trav\u00e9s de [&hellip;]<\/p>\n","protected":false},"author":9,"featured_media":4177,"parent":0,"menu_order":0,"comment_status":"closed","ping_status":"closed","template":"","meta":{"footnotes":""},"categories":[],"tags":[],"class_list":["post-5862","page","type-page","status-publish","has-post-thumbnail","hentry","post-wrapper","thrv_wrapper"],"_links":{"self":[{"href":"https:\/\/istanbul-museum-pass.com\/es\/wp-json\/wp\/v2\/pages\/5862","targetHints":{"allow":["GET"]}}],"collection":[{"href":"https:\/\/istanbul-museum-pass.com\/es\/wp-json\/wp\/v2\/pages"}],"about":[{"href":"https:\/\/istanbul-museum-pass.com\/es\/wp-json\/wp\/v2\/types\/page"}],"author":[{"embeddable":true,"href":"https:\/\/istanbul-museum-pass.com\/es\/wp-json\/wp\/v2\/users\/9"}],"replies":[{"embeddable":true,"href":"https:\/\/istanbul-museum-pass.com\/es\/wp-json\/wp\/v2\/comments?post=5862"}],"version-history":[{"count":4,"href":"https:\/\/istanbul-museum-pass.com\/es\/wp-json\/wp\/v2\/pages\/5862\/revisions"}],"predecessor-version":[{"id":6064,"href":"https:\/\/istanbul-museum-pass.com\/es\/wp-json\/wp\/v2\/pages\/5862\/revisions\/6064"}],"wp:featuredmedia":[{"embeddable":true,"href":"https:\/\/istanbul-museum-pass.com\/es\/wp-json\/wp\/v2\/media\/4177"}],"wp:attachment":[{"href":"https:\/\/istanbul-museum-pass.com\/es\/wp-json\/wp\/v2\/media?parent=5862"}],"wp:term":[{"taxonomy":"category","embeddable":true,"href":"https:\/\/istanbul-museum-pass.com\/es\/wp-json\/wp\/v2\/categories?post=5862"},{"taxonomy":"post_tag","embeddable":true,"href":"https:\/\/istanbul-museum-pass.com\/es\/wp-json\/wp\/v2\/tags?post=5862"}],"curies":[{"name":"wp","href":"https:\/\/api.w.org\/{rel}","templated":true}]}}