{"id":5983,"date":"2021-05-12T05:16:09","date_gmt":"2021-05-12T05:16:09","guid":{"rendered":"https:\/\/istanbul-museum-pass.com\/contact\/"},"modified":"2026-04-20T10:08:34","modified_gmt":"2026-04-20T10:08:34","slug":"contacto","status":"publish","type":"page","link":"https:\/\/istanbul-museum-pass.com\/es\/contacto\/","title":{"rendered":"Contacto"},"content":{"rendered":"<h3 style=\"text-align: center;\">Contacte con nosotros&nbsp;<\/h3>\n<p style=\"\">No dude en contactarnos si tiene alguna <strong>pregunta <\/strong><span style=\"font-weight: normal;\">o <\/span><strong>consulta sobre <\/strong><strong>entradas, visitas<\/strong> y <strong>organizaci\u00f3n de grupos.<\/strong> Complete el formulario a continuaci\u00f3n.<\/p>\n<p style=\"\">Nuestro equipo profesional de expertos locales e internacionales responder\u00e1 a su solicitud <strong>lo antes posible<\/strong> .<\/p>\n<p style=\"\"><em>*Env\u00edanos tu n\u00famero de pedido y recibe tu Crucero por el B\u00f3sforo por 8\u20ac*<\/em><\/p>\n","protected":false},"excerpt":{"rendered":"<p>Contacte con nosotros&nbsp; No dude en contactarnos si tiene alguna pregunta o consulta sobre entradas, visitas y organizaci\u00f3n de grupos. Complete el formulario a continuaci\u00f3n. Nuestro equipo profesional de expertos locales e internacionales responder\u00e1 a su solicitud lo antes posible . *Env\u00edanos tu n\u00famero de pedido y recibe tu Crucero por el B\u00f3sforo por 8\u20ac*<\/p>\n","protected":false},"author":3,"featured_media":0,"parent":0,"menu_order":0,"comment_status":"closed","ping_status":"closed","template":"","meta":{"footnotes":""},"categories":[],"tags":[],"class_list":["post-5983","page","type-page","status-publish","hentry","post-wrapper","thrv_wrapper"],"_links":{"self":[{"href":"https:\/\/istanbul-museum-pass.com\/es\/wp-json\/wp\/v2\/pages\/5983","targetHints":{"allow":["GET"]}}],"collection":[{"href":"https:\/\/istanbul-museum-pass.com\/es\/wp-json\/wp\/v2\/pages"}],"about":[{"href":"https:\/\/istanbul-museum-pass.com\/es\/wp-json\/wp\/v2\/types\/page"}],"author":[{"embeddable":true,"href":"https:\/\/istanbul-museum-pass.com\/es\/wp-json\/wp\/v2\/users\/3"}],"replies":[{"embeddable":true,"href":"https:\/\/istanbul-museum-pass.com\/es\/wp-json\/wp\/v2\/comments?post=5983"}],"version-history":[{"count":4,"href":"https:\/\/istanbul-museum-pass.com\/es\/wp-json\/wp\/v2\/pages\/5983\/revisions"}],"predecessor-version":[{"id":6067,"href":"https:\/\/istanbul-museum-pass.com\/es\/wp-json\/wp\/v2\/pages\/5983\/revisions\/6067"}],"wp:attachment":[{"href":"https:\/\/istanbul-museum-pass.com\/es\/wp-json\/wp\/v2\/media?parent=5983"}],"wp:term":[{"taxonomy":"category","embeddable":true,"href":"https:\/\/istanbul-museum-pass.com\/es\/wp-json\/wp\/v2\/categories?post=5983"},{"taxonomy":"post_tag","embeddable":true,"href":"https:\/\/istanbul-museum-pass.com\/es\/wp-json\/wp\/v2\/tags?post=5983"}],"curies":[{"name":"wp","href":"https:\/\/api.w.org\/{rel}","templated":true}]}}