{"id":7875,"date":"2022-12-19T10:46:34","date_gmt":"2022-12-19T10:46:34","guid":{"rendered":"https:\/\/istanbul-museum-pass.com\/frequently-asked-questions\/"},"modified":"2026-04-20T11:37:36","modified_gmt":"2026-04-20T11:37:36","slug":"preguntas-frecuentes-sobre-el-museum-pass-estambul","status":"publish","type":"page","link":"https:\/\/istanbul-museum-pass.com\/es\/preguntas-frecuentes-sobre-el-museum-pass-estambul\/","title":{"rendered":"Preguntas frecuentes sobre el Museum Pass Estambul"},"content":{"rendered":"<h1 dir=\"ltr\" style=\"text-align: left;\">Preguntas frecuentes sobre el Museum Pass Estambul<\/h1>\n<p dir=\"ltr\"><\/p>\n<p dir=\"ltr\">Una de las maneras m\u00e1s convenientes de explorar los museos y <strong>monumentos <\/strong><strong>hist\u00f3ricos <\/strong><strong>m\u00e1s populares de Estambul<\/strong>&nbsp;es utilizando el<strong>&nbsp;Museum Pass Estambul<\/strong>. Esta tarjeta especial ofrece f\u00e1cil acceso a lugares emblem\u00e1ticos como&nbsp;<strong>Santa Sof\u00eda<\/strong>,&nbsp;<strong>el Palacio Topkapi<\/strong>,&nbsp;<strong>la Cisterna Bas\u00edlica<\/strong> y los <strong>Museos Arqueol\u00f3gicos de Estambul<\/strong>. Sin embargo, muchos viajeros tienen preguntas comunes como&nbsp;<strong>d\u00f3nde comprar el Istanbul Museum Pass<\/strong>,&nbsp;<strong>c\u00f3mo usarlo<\/strong> y <strong>qu\u00e9 museos incluye<\/strong>.<\/p>\n<p dir=\"ltr\">En esta p\u00e1gina encontrar\u00e1 respuestas a las preguntas m\u00e1s frecuentes sobre el Museum Pass Estambul, conocer\u00e1 sus&nbsp;<strong>ventajas<\/strong> y podr\u00e1 compararlo con otros pases tur\u00edsticos disponibles en Estambul. En las secciones siguientes, tambi\u00e9n encontrar\u00e1 informaci\u00f3n detallada sobre pases alternativos como el <strong>Istanbul Tourist Pass\u00ae<\/strong> y <strong>el MegaPass.<\/strong>&nbsp;<\/p>\n<p dir=\"ltr\"><strong>\u00a1Descubre todos los detalles esenciales en esta gu\u00eda para aprovechar al m\u00e1ximo tu viaje a Estambul!<\/strong><\/p>\n<h2 dir=\"ltr\">Preguntas m\u00e1s frecuentes sobre el Museum Pass Estambul<\/h2>\n<h2 dir=\"ltr\">Preguntas frecuentes sobre el Istanbul Tourist Pass\u00ae\ufe0f<\/h2>\n<ul>\n<li><span><a href=\"https:\/\/istanbultouristpass.com\/?ref=nukbclhr\" target=\"_blank\" rel=\"nofollow noopener\" style=\"outline: none;\">\u00a1Compra aqu\u00ed tu pase tur\u00edstico de Estambul!<\/a><\/span><\/li>\n<\/ul>\n<h2 dir=\"ltr\">Preguntas frecuentes sobre los pases MegaPass para la ciudad de Estambul<\/h2>\n<ul>\n<li><span><a href=\"#tve-jump-1951ef17c16\" target=\"_blank\" rel=\"nofollow\" style=\"outline: none;\" jump-animation=\"smooth\">\u00a1Encuentra m\u00e1s informaci\u00f3n sobre los pases MegaPass para la ciudad de Estambul aqu\u00ed!<\/a><\/span><\/li>\n<\/ul>\n<h2 dir=\"ltr\" style=\"\">Preguntas frecuentes sobre la tarjeta de transporte p\u00fablico Museumpass de Estambul<\/h2>\n<ul>\n<li><span><a href=\"https:\/\/www.getyourguide.com\/s?partner_id=NO9XIDE&amp;utm_medium=online_publisher&amp;cmp=IMPIstanbulkart&amp;et=495350&amp;lc=56\" target=\"_blank\" rel=\"nofollow noopener\" style=\"outline: none;\">\u00a1Reserva ya tu tarjeta de transporte p\u00fablico de Estambul!<\/a><\/span><\/li>\n<\/ul>\n<p>__CONFIG_group_edit__{}__CONFIG_group_edit____CONFIG_local_colors__{\u00abcolors\u00bb:{\u00ab&#8211;tcb-skin-color-0&#8243;:\u00bbLaser\u00bb,\u00bb&#8211;tcb-skin-color-22&#8243;:\u00bbWhite\u00bb,\u00bb&#8211;tcb-skin-color-4&#8243;:\u00bbBunker\u00bb,\u00bb&#8211;tcb-skin-color-3&#8243;:\u00bbMadras\u00bb,\u00bb&#8211;tcb-skin-color-16&#8243;:\u00bbChicago\u00bb,\u00bb&#8211;tcb-skin-color-8&#8243;:\u00bbFire Bush\u00bb},\u00bbgradients\u00bb:{}}__CONFIG_local_colors__    <\/p>\n<h2 id=\"t-1739368038833\" style=\"text-align: left;\"><strong>Los 4 mejores Museum Pass Estambul para visitar los museos:<\/strong><\/h2>\n<p>  <span style=\"height: 100%;\"><img decoding=\"async\" alt=\"\" data-id=\"2563\" width=\"248\" data-init-width=\"907\" height=\"189\" data-init-height=\"691\" title=\"megapass_d\" loading=\"lazy\" src=\"https:\/\/istanbul-museum-pass.com\/wp-content\/uploads\/2024\/06\/megapass_d.png\" data-width=\"248\" data-height=\"189\" style=\"aspect-ratio: auto 907 \/ 691; max-width: none !important;\" mt-d=\"0\" ml-d=\"0\" data-><\/span><\/p>\n<h2 data-qa-marker=\"product-name\" id=\"t-1739368038834\" style=\"\"><a href=\"https:\/\/megapass.com\/turkey\/istanbul\/pass?discountCode=ma-places\" target=\"_blank\" style=\"outline: none;\" rel=\"nofollow noopener\" data-lt-tmp-id=\"lt-648618\" spellcheck=\"false\">1. Megapass Pase Turistico de Estambul<\/a><\/h2>\n<p style=\"\"><a href=\"https:\/\/megapass.com\/turkey\/istanbul\/pass?discountCode=ma-places\" target=\"_blank\" rel=\"nofollow noopener\" style=\"outline: none;\" data-lt-tmp-id=\"lt-747015\" spellcheck=\"false\">4.8 \/ 5 (20+)<\/a><\/p>\n<p dir=\"ltr\"><strong><span>\u00a1M\u00e1ximo ahorro, m\u00ednima espera! &nbsp;<\/span><\/strong><\/p>\n<p ltr\"\"=\"\"><span>\u2714 \u00a14 experiencias incre\u00edbles en un solo pase! <\/span><a href=\"https:\/\/megapass.com\/turkey\/istanbul\/pass?discountCode=ma-places\" target=\"_blank\" rel=\"nofollow noopener\" style=\"outline: none;\"><span><strong><span style=\"text-decoration: underline; --tcb-applied-color: var$(--tcb-skin-color-0) !important; color: var(--tcb-skin-color-0) !important;\">Consulta la lista de actividades.<\/span><\/strong><\/span><\/a><span><br \/><\/span><\/p>\n<p ltr\"\"=\"\"><span>\u2714 \u00a1Ahorra hasta <strong><span style=\"--tcb-applied-color: var$(--tcb-skin-color-0) !important; color: var(--tcb-skin-color-0) !important;\">un 27<\/span><\/strong> %!&nbsp;<\/span><\/p>\n<p ltr\"\"=\"\"><span>\u2714 \u00a1Tarjeta de transporte p\u00fablico con 5 viajes gratis!<\/span><\/p>\n<p ltr\"\"=\"\"><span>\u2714 \u00a1Evita las colas de entrada!&nbsp;<\/span><\/p>\n<p ltr\"\"=\"\"><span>\u2714 \u00a1Audiogu\u00eda gratis!&nbsp;<\/span><\/p>\n<p ltr\"\"=\"\"><span>\u2714 \u00a1Pol\u00edtica de cancelaci\u00f3n flexible!&nbsp;<\/span><\/p>\n<p ltr\"\"=\"\"><span>\u2714 \u00a1V\u00e1lido por 7 d\u00edas!<\/span><\/p>\n<p>\u2714 \u00a1Atenci\u00f3n al cliente las 24 horas del d\u00eda, los 7 d\u00edas de la semana!<\/p>\n<p style=\"text-align: center;\"><a href=\"https:\/\/megapass.com\/turkey\/istanbul\/pass?discountCode=ma-places\" target=\"_blank\" rel=\"nofollow noopener\" style=\"outline: none;\" data-lt-tmp-id=\"lt-397168\" spellcheck=\"false\">99,00 \u20ac<\/a><\/p>\n<p> __CONFIG_colors_palette__{\u00abactive_palette\u00bb:0,\u00bbconfig\u00bb:{\u00abcolores\u00bb:{\u00ab62516\u00bb:{\u00abnombre\u00bb:\u00bbAcento principal\u00bb,\u00bbpadre\u00bb:-1}},\u00bbgradientes\u00bb:[]},\u00bbpaletas\u00bb:[{\u00abnombre\u00bb:\u00bbPaleta predeterminada\u00bb,\u00bbvalor\u00bb:{\u00abcolores\u00bb:{\u00ab62516\u00bb:{\u00abval\u00bb:\u00bbrgb(29, 73, 186)\u00bb}},\u00bbgradientes\u00bb:[]}}]}__CONFIG_colors_palette__ <a href=\"https:\/\/megapass.com\/turkey\/istanbul\/pass?discountCode=ma-places\" target=\"_blank\" rel=\"nofollow noopener\" style=\"\"> <span><span><strong>Ver detalles y comprar<\/strong><\/span><\/span> <\/a>    <span style=\"height: 100%;\"><img decoding=\"async\" alt=\"\" data-id=\"2884\" width=\"329\" data-init-width=\"1200\" height=\"220\" data-init-height=\"800\" title=\"Pase tur\u00edstico de Estambul\" loading=\"lazy\" src=\"https:\/\/istanbul-museum-pass.com\/wp-content\/uploads\/2024\/10\/istanbul-tourist-pass-1.webp\" data-width=\"329\" data-height=\"220\" style=\"margin-top: 0px; margin-left: 0px; max-width: none !important; aspect-ratio: auto 1200 \/ 800;\" mt-d=\"0\" ml-d=\"0\" data-><\/span><\/p>\n<h2 data-qa-marker=\"product-name\" style=\"\" id=\"t-1739368038838\"><a href=\"https:\/\/www.headout.com\/r\/most-amazing-placesrecommends-eIPYn\/\" target=\"_blank\" style=\"outline: currentcolor;\" rel=\"nofollow noopener\"><\/a><a data-lt-tmp-id=\"lt-225321\" href=\"https:\/\/www.headout.com\/r\/most-amazing-placesrecommends-7Svlr\/\" rel=\"nofollow noopener\" spellcheck=\"false\" target=\"_blank\" style=\"outline: currentcolor;\"><\/a><a data-lt-tmp-id=\"lt-398957\" href=\"https:\/\/megapass.com\/turkey\/istanbul\/topkapi-palace-museum-tickets?discountCode=ma-places\" rel=\"nofollow noopener\" spellcheck=\"false\" target=\"_blank\" style=\"outline: currentcolor;\"><\/a><a data-lt-tmp-id=\"lt-707014\" href=\"https:\/\/istanbultouristpass.com\/?ref=nukbclhr\" rel=\"nofollow noopener\" spellcheck=\"false\" target=\"_blank\" style=\"outline: none;\">2. Istanbul Tourist Pass<\/a><\/h2>\n<p style=\"\"><a href=\"https:\/\/www.headout.com\/r\/most-amazing-placesrecommends-eIPYn\/\" target=\"_blank\" rel=\"nofollow noopener\" style=\"outline: currentcolor;\"><\/a><a href=\"https:\/\/megapass.com\/turkey\/istanbul\/topkapi-palace-museum-tickets?discountCode=ma-places\" rel=\"nofollow noopener\" target=\"_blank\" style=\"outline: currentcolor;\"><\/a><a href=\"https:\/\/istanbultouristpass.com\/?ref=nukbclhr\" rel=\"nofollow noopener\" target=\"_blank\" style=\"outline: none;\" data-lt-tmp-id=\"lt-658924\" spellcheck=\"false\">4,7 \/ 5 (1000+)<\/a><\/p>\n<p data-test-id=\"activity-overview-content\" data-v-5726f79d=\"\" style=\"\"><strong>\u00a1Acceso todo incluido, exploraci\u00f3n sin interrupciones!<\/strong><\/p>\n<p data-test-id=\"activity-overview-content\" data-v-5726f79d=\"\" style=\"\">\u2714 \u00a1Acceso a m\u00e1s de 100 atracciones principales!&nbsp; <a href=\"https:\/\/istanbultouristpass.com\/?ref=nukbclhr\" target=\"_blank\" rel=\"nofollow noopener\" style=\"outline: none;\" data-lt-tmp-id=\"lt-345119\" spellcheck=\"false\"><strong><span>Consulta la lista de actividades.<\/span><\/strong><\/a><br \/> \u2714 \u00a1Ahorra hasta <strong><span style=\"--tcb-applied-color: var$(--tcb-skin-color-0) !important; color: var(--tcb-skin-color-0) !important;\">un 70<\/span><\/strong> %! <br \/>\u2714 T\u00fa decides cu\u00e1ntos d\u00edas quieres disfrutarlo. <br \/>\u2714 Traslado gratuito del aeropuerto al centro de la ciudad. <br \/>\u2714 Acceso sin colas a m\u00e1s de 100 actividades. <br \/>\u2714 Internet tur\u00edstico eSIM gratis. <br \/>\u2714 Entradas electr\u00f3nicas y audiogu\u00edas instant\u00e1neas.<\/p>\n<p style=\"text-align: center;\"><a href=\"https:\/\/istanbultouristpass.com\/?ref=nukbclhr\" target=\"_blank\" rel=\"nofollow noopener\" style=\"outline: none;\">139,00 \u20ac<\/a><\/p>\n<p> __CONFIG_colors_palette__{\u00abactive_palette\u00bb:0,\u00bbconfig\u00bb:{\u00abcolores\u00bb:{\u00ab62516\u00bb:{\u00abnombre\u00bb:\u00bbAcento principal\u00bb,\u00bbpadre\u00bb:-1}},\u00bbgradientes\u00bb:[]},\u00bbpaletas\u00bb:[{\u00abnombre\u00bb:\u00bbPaleta predeterminada\u00bb,\u00bbvalor\u00bb:{\u00abcolores\u00bb:{\u00ab62516\u00bb:{\u00abval\u00bb:\u00bbrgb(29, 73, 186)\u00bb}},\u00bbgradientes\u00bb:[]}}]}__CONFIG_colors_palette__ <a href=\"https:\/\/istanbultouristpass.com\/?ref=nukbclhr\" target=\"_blank\" rel=\"nofollow noopener\" style=\"\"> <span><span><strong><strong><strong>Ver detalles y comprar<\/strong><\/strong><\/strong><\/span><\/span> <\/a>    <span>  <img decoding=\"async\" alt=\"Pase para museos de Estambul\" data-id=\"3732\" width=\"326\" data-init-width=\"670\" height=\"184\" data-init-height=\"378\" loading=\"lazy\" src=\"https:\/\/istanbul-museum-pass.com\/wp-content\/uploads\/2025\/03\/istanbul-museum-pass-8259-670w.jpg\" data-width=\"326\" data-height=\"184\" style=\"aspect-ratio: auto 670 \/ 378;\" data- title=\"\">  <\/span><\/p>\n<h2 data-qa-marker=\"product-name\" style=\"\" id=\"t-1739368038837\"><a data-lt-tmp-id=\"lt-707014\" href=\"https:\/\/www.getyourguide.com\/topkapi-palace-l3534\/istanbul-official-museum-pass-for-12-attractions-t676089\/?partner_id=NO9XIDE&amp;utm_medium=online_publisher&amp;cmp=IMPIstanbulMuseumPassHP\" rel=\"nofollow noopener\" spellcheck=\"false\" target=\"_blank\" style=\"outline: none;\">3. Pase para museos de Estambul<\/a>&nbsp;(official)<\/h2>\n<p style=\"\"><a href=\"https:\/\/www.headout.com\/r\/most-amazing-placesrecommends-eIPYn\/\" target=\"_blank\" rel=\"nofollow noopener\" style=\"outline: currentcolor;\"><\/a><a href=\"https:\/\/megapass.com\/turkey\/istanbul\/topkapi-palace-museum-tickets?discountCode=ma-places\" rel=\"nofollow noopener\" target=\"_blank\" style=\"outline: currentcolor;\"><\/a><a href=\"https:\/\/www.getyourguide.com\/topkapi-palace-l3534\/istanbul-official-museum-pass-for-12-attractions-t676089\/?partner_id=NO9XIDE&amp;utm_medium=online_publisher&amp;cmp=IMPIstanbulMuseumPassHP\" rel=\"nofollow noopener\" target=\"_blank\" style=\"outline: none;\">4,2 \/ 5 (141)<\/a><\/p>\n<p dir=\"ltr\" style=\"\"><strong>\u00a1Explora m\u00e1s, gasta menos!<\/strong><\/p>\n<p><span>\u2714 \u00a1Accede a 12 lugares emblem\u00e1ticos! <a href=\"https:\/\/www.getyourguide.com\/topkapi-palace-l3534\/istanbul-official-museum-pass-for-12-attractions-t676089\/?partner_id=NO9XIDE&amp;utm_medium=online_publisher&amp;cmp=IMPIstanbulMuseumPassHP\" rel=\"nofollow noopener\" target=\"_blank\" style=\"outline: none;\"><span><strong><span>Consulta la lista de actividades.<\/span><\/strong><\/span><\/a><\/span><\/p>\n<p style=\"\"><span>\u2714 \u00a1Un pase para todos, hasta 5 d\u00edas de exploraci\u00f3n! <br \/>\u2714 \u00a1Evita las filas! <br \/>\u2714 \u00a1Audiogu\u00eda gratis!&nbsp; <br \/>\u2714 \u00a1Pol\u00edtica de cancelaci\u00f3n flexible!&nbsp; <br \/>\u2714 \u00a1V\u00e1lido por 5 d\u00edas! <br \/>\u2714 \u00a1Atenci\u00f3n al cliente 24\/7!<\/span><\/p>\n<p style=\"text-align: center;\"><a href=\"https:\/\/www.headout.com\/r\/most-amazing-placesrecommends-eIPYn\/\" target=\"_blank\" rel=\"nofollow noopener\" style=\"outline: currentcolor;\"><\/a><a data-lt-tmp-id=\"lt-949290\" href=\"https:\/\/www.headout.com\/r\/most-amazing-placesrecommends-7Svlr\/\" rel=\"nofollow noopener\" spellcheck=\"false\" target=\"_blank\" style=\"outline: currentcolor;\"><\/a><a data-lt-tmp-id=\"lt-821383\" href=\"https:\/\/megapass.com\/turkey\/istanbul\/topkapi-palace-museum-tickets?discountCode=ma-places\" rel=\"nofollow noopener\" spellcheck=\"false\" target=\"_blank\" style=\"outline: currentcolor;\"><\/a><a data-lt-tmp-id=\"lt-541635\" href=\"https:\/\/megapass.com\/tours-tickets\/megapass-deluxe-istanbul-i2712?discountCode=ma-places\" rel=\"nofollow noopener\" spellcheck=\"false\" target=\"_blank\" style=\"outline: none;\"><\/a><a data-lt-tmp-id=\"lt-821383\" href=\"https:\/\/www.getyourguide.com\/topkapi-palace-l3534\/istanbul-official-museum-pass-for-12-attractions-t676089\/?partner_id=NO9XIDE&amp;utm_medium=online_publisher&amp;cmp=IMPIstanbulMuseumPassHP\" rel=\"nofollow noopener\" spellcheck=\"false\" target=\"_blank\" style=\"outline: none;\">105,00 \u20ac<\/a><\/p>\n<p> __CONFIG_colors_palette__{\u00abactive_palette\u00bb:0,\u00bbconfig\u00bb:{\u00abcolores\u00bb:{\u00ab62516\u00bb:{\u00abnombre\u00bb:\u00bbAcento principal\u00bb,\u00bbpadre\u00bb:-1}},\u00bbgradientes\u00bb:[]},\u00bbpaletas\u00bb:[{\u00abnombre\u00bb:\u00bbPaleta predeterminada\u00bb,\u00bbvalor\u00bb:{\u00abcolores\u00bb:{\u00ab62516\u00bb:{\u00abval\u00bb:\u00bbrgb(29, 73, 186)\u00bb}},\u00bbgradientes\u00bb:[]}}]}__CONFIG_colors_palette__ <a href=\"https:\/\/www.getyourguide.com\/topkapi-palace-l3534\/istanbul-official-museum-pass-for-12-attractions-t676089\/?partner_id=NO9XIDE&amp;utm_medium=online_publisher&amp;cmp=IMPESIstanbulMuseumPassHP\" target=\"_blank\" rel=\"nofollow noopener\" style=\"\"> <span><span><strong><strong><strong>Ver detalles y comprar<\/strong><\/strong><\/strong><\/span><\/span> <\/a>    <span style=\"height: 100%;\">  <img decoding=\"async\" alt=\"Tarjeta de transporte p\u00fablico de Estambul\" data-id=\"3259\" width=\"326\" data-init-width=\"853\" height=\"245\" data-init-height=\"640\" loading=\"lazy\" src=\"https:\/\/istanbul-museum-pass.com\/wp-content\/uploads\/2025\/02\/Istanbul-Public-Transportation-Card.jpg\" data-width=\"326\" data-height=\"245\" mt-d=\"0\" ml-d=\"0\" style=\"aspect-ratio: auto 853 \/ 640;\" data- title=\"\">  <\/span><\/p>\n<h2 data-qa-marker=\"product-name\" style=\"\"><a data-lt-tmp-id=\"lt-707014\" href=\"https:\/\/www.getyourguide.com\/istanbul-l56\/istanbul-public-transportation-card-with-hotel-delivery-t495350\/?partner_id=NO9XIDE&amp;utm_medium=online_publisher&amp;cmp=IMPIstanbulkart\" rel=\"nofollow noopener\" spellcheck=\"false\" target=\"_blank\" style=\"outline: none;\">4. Tarjeta de transporte p\u00fablico de Estambul<\/a><\/h2>\n<p style=\"\"><a href=\"https:\/\/www.headout.com\/r\/most-amazing-placesrecommends-eIPYn\/\" target=\"_blank\" rel=\"nofollow noopener\" style=\"outline: currentcolor;\"><\/a><a href=\"https:\/\/megapass.com\/turkey\/istanbul\/topkapi-palace-museum-tickets?discountCode=ma-places\" rel=\"nofollow noopener\" target=\"_blank\" style=\"outline: currentcolor;\"><\/a><a href=\"https:\/\/www.getyourguide.com\/istanbul-l56\/istanbul-public-transportation-card-with-hotel-delivery-t495350\/?partner_id=NO9XIDE&amp;utm_medium=online_publisher&amp;cmp=IMPIstanbulkart\" rel=\"nofollow noopener\" target=\"_blank\" style=\"outline: none;\">3,9 \/ 5 (41)<\/a><\/p>\n<p data-test-id=\"activity-overview-content\" data-v-5726f79d=\"\" style=\"\"><strong>\u00a1Viajes ilimitados, m\u00e1xima comodidad!<\/strong><\/p>\n<p data-test-id=\"activity-overview-content\" data-v-5726f79d=\"\" style=\"\"><span style=\"font-size: 15px !important;\">\u2714 \u00a1Acceso ilimitado al transporte p\u00fablico de Estambul! <a href=\"https:\/\/www.getyourguide.com\/istanbul-l56\/istanbul-public-transportation-card-with-hotel-delivery-t495350\/?partner_id=NO9XIDE&amp;utm_medium=online_publisher&amp;cmp=IMPIstanbulkart\" target=\"_blank\" rel=\"nofollow noopener\" style=\"outline: none;\"><strong><span>Consulta la lista de actividades.<\/span><\/strong><\/a><br \/><\/span> \u2714 \u00a1Entrega directa a tu hotel! <br \/>\u2714 \u00a1Acceso ilimitado al metro, autobuses, metrobuses, tranv\u00edas y ferris! <br \/>\u2714 \u00a1Evita las colas! <br \/>\u2714 \u00a1Pol\u00edtica de cancelaci\u00f3n flexible! <br \/>\u2714 \u00a1V\u00e1lido de 1 a 15 d\u00edas! <br \/>\u2714 \u00a1Atenci\u00f3n al cliente 24\/7!<\/p>\n<p style=\"text-align: center;\"><a href=\"https:\/\/www.headout.com\/r\/most-amazing-placesrecommends-eIPYn\/\" target=\"_blank\" rel=\"nofollow noopener\" style=\"outline: currentcolor;\"><\/a><a data-lt-tmp-id=\"lt-949290\" href=\"https:\/\/www.headout.com\/r\/most-amazing-placesrecommends-7Svlr\/\" rel=\"nofollow noopener\" spellcheck=\"false\" target=\"_blank\" style=\"outline: currentcolor;\"><\/a><a data-lt-tmp-id=\"lt-821383\" href=\"https:\/\/megapass.com\/turkey\/istanbul\/topkapi-palace-museum-tickets?discountCode=ma-places\" rel=\"nofollow noopener\" spellcheck=\"false\" target=\"_blank\" style=\"outline: currentcolor;\"><\/a><a data-lt-tmp-id=\"lt-541635\" href=\"https:\/\/www.getyourguide.com\/istanbul-l56\/istanbul-public-transportation-card-with-hotel-delivery-t495350\/?partner_id=NO9XIDE&amp;utm_medium=online_publisher&amp;cmp=IMPIstanbulkart\" rel=\"nofollow noopener\" spellcheck=\"false\" target=\"_blank\" style=\"outline: none;\">45,00 \u20ac<\/a><\/p>\n<p> __CONFIG_colors_palette__{\u00abactive_palette\u00bb:0,\u00bbconfig\u00bb:{\u00abcolores\u00bb:{\u00ab62516\u00bb:{\u00abnombre\u00bb:\u00bbAcento principal\u00bb,\u00bbpadre\u00bb:-1}},\u00bbgradientes\u00bb:[]},\u00bbpaletas\u00bb:[{\u00abnombre\u00bb:\u00bbPaleta predeterminada\u00bb,\u00bbvalor\u00bb:{\u00abcolores\u00bb:{\u00ab62516\u00bb:{\u00abval\u00bb:\u00bbrgb(29, 73, 186)\u00bb}},\u00bbgradientes\u00bb:[]}}]}__CONFIG_colors_palette__ <a href=\"https:\/\/www.getyourguide.com\/istanbul-l56\/istanbul-public-transportation-card-with-hotel-delivery-t495350\/?partner_id=NO9XIDE&amp;utm_medium=online_publisher&amp;cmp=IMPESIstanbulkart\" target=\"_blank\" rel=\"nofollow noopener\" style=\"\"> <span><span><strong><strong><strong>Ver detalles y comprar<\/strong><\/strong><\/strong><\/span><\/span> <\/a>    <a href=\"#\"> <span style=\"\"><span style=\"\">Mensual<\/span><\/span> <\/a>    <\/p>\n","protected":false},"excerpt":{"rendered":"<p>Preguntas frecuentes sobre el Museum Pass Estambul Una de las maneras m\u00e1s convenientes de explorar los museos y monumentos hist\u00f3ricos m\u00e1s populares de Estambul&nbsp;es utilizando el&nbsp;Museum Pass Estambul. Esta tarjeta especial ofrece f\u00e1cil acceso a lugares emblem\u00e1ticos como&nbsp;Santa Sof\u00eda,&nbsp;el Palacio Topkapi,&nbsp;la Cisterna Bas\u00edlica y los Museos Arqueol\u00f3gicos de Estambul. Sin embargo, muchos viajeros tienen preguntas [&hellip;]<\/p>\n","protected":false},"author":10,"featured_media":3925,"parent":0,"menu_order":0,"comment_status":"closed","ping_status":"closed","template":"","meta":{"footnotes":""},"categories":[],"tags":[],"class_list":["post-7875","page","type-page","status-publish","has-post-thumbnail","hentry","post-wrapper","thrv_wrapper"],"_links":{"self":[{"href":"https:\/\/istanbul-museum-pass.com\/es\/wp-json\/wp\/v2\/pages\/7875","targetHints":{"allow":["GET"]}}],"collection":[{"href":"https:\/\/istanbul-museum-pass.com\/es\/wp-json\/wp\/v2\/pages"}],"about":[{"href":"https:\/\/istanbul-museum-pass.com\/es\/wp-json\/wp\/v2\/types\/page"}],"author":[{"embeddable":true,"href":"https:\/\/istanbul-museum-pass.com\/es\/wp-json\/wp\/v2\/users\/10"}],"replies":[{"embeddable":true,"href":"https:\/\/istanbul-museum-pass.com\/es\/wp-json\/wp\/v2\/comments?post=7875"}],"version-history":[{"count":8,"href":"https:\/\/istanbul-museum-pass.com\/es\/wp-json\/wp\/v2\/pages\/7875\/revisions"}],"predecessor-version":[{"id":8123,"href":"https:\/\/istanbul-museum-pass.com\/es\/wp-json\/wp\/v2\/pages\/7875\/revisions\/8123"}],"wp:featuredmedia":[{"embeddable":true,"href":"https:\/\/istanbul-museum-pass.com\/es\/wp-json\/wp\/v2\/media\/3925"}],"wp:attachment":[{"href":"https:\/\/istanbul-museum-pass.com\/es\/wp-json\/wp\/v2\/media?parent=7875"}],"wp:term":[{"taxonomy":"category","embeddable":true,"href":"https:\/\/istanbul-museum-pass.com\/es\/wp-json\/wp\/v2\/categories?post=7875"},{"taxonomy":"post_tag","embeddable":true,"href":"https:\/\/istanbul-museum-pass.com\/es\/wp-json\/wp\/v2\/tags?post=7875"}],"curies":[{"name":"wp","href":"https:\/\/api.w.org\/{rel}","templated":true}]}}