{"id":7899,"date":"2022-12-19T08:18:40","date_gmt":"2022-12-19T08:18:40","guid":{"rendered":"https:\/\/istanbul-museum-pass.com\/how-a-city-pass-works\/"},"modified":"2026-04-20T09:47:09","modified_gmt":"2026-04-20T09:47:09","slug":"como-funciona-un-museum-pass-estambul","status":"publish","type":"page","link":"https:\/\/istanbul-museum-pass.com\/es\/como-funciona-un-museum-pass-estambul\/","title":{"rendered":"C\u00f3mo funciona un Museum Pass Estambul"},"content":{"rendered":"<h1 style=\"text-align: left;\"><span data-attr-id=\"the_title\" data-extra_key=\"the_title\" data-option-inline=\"1\" data-shortcode=\"thrv_dynamic_data_content\" data-shortcode-name=\"Post title\">C\u00f3mo funciona un Museum Pass Estambul<\/span><\/h1>\n<h2>Tipos de pases urbanos<\/h2>\n<p>Existen dos tipos generales de pases tur\u00edsticos disponibles para cada ciudad del mundo: <strong>el Pase Flex<\/strong>, que ofrece acceso flexible durante un per\u00edodo determinado, y el&nbsp;<strong>Pase Diario<\/strong>, que proporciona entrada ilimitada a las atracciones durante un solo d\u00eda. A continuaci\u00f3n, una breve descripci\u00f3n de cada uno:<\/p>\n<h2 style=\"text-align: left;\"><strong><strong data-end=\"14\" data-start=\"0\">Pase flexible<\/strong><\/strong><\/h2>\n<h2 data-end=\"313\" data-start=\"0\"><\/h2>\n<h3 data-end=\"313\" data-start=\"0\"><strong data-end=\"14\" data-start=\"0\"><strong>La mejor opci\u00f3n para una exploraci\u00f3n sin l\u00edmites<\/strong><\/strong><\/h3>\n<p data-end=\"313\" data-start=\"0\" style=\"\">El Flex Pass ofrece flexibilidad al permitirte elegir entre un n\u00famero determinado de atracciones durante un per\u00edodo fijo. Puedes visitarlas a tu propio ritmo, con la opci\u00f3n de saltarte alguna o reprogramarla seg\u00fan tus planes de viaje, lo que lo convierte en la opci\u00f3n ideal para quienes buscan libertad y variedad durante su visita.<\/p>\n<h2 style=\"text-align: left;\"><strong><strong data-end=\"14\" data-start=\"0\">Pase de un d\u00eda&nbsp;<\/strong><\/strong><\/h2>\n<h2 data-end=\"313\" data-start=\"0\"><\/h2>\n<h3><strong><strong data-end=\"14\" data-start=\"0\"><strong data-end=\"14\" data-start=\"0\"><strong>Elige tus atracciones, paga solo por lo que visites.<\/strong><\/strong><\/strong><\/strong><\/h3>\n<p data-end=\"313\" data-start=\"0\" style=\"\">El Pase Diario ofrece acceso ilimitado a un n\u00famero determinado de atracciones durante un solo d\u00eda. Es perfecto para los turistas que desean aprovechar al m\u00e1ximo su tiempo, visitando tantas atracciones como sea posible sin preocuparse por comprar entradas individuales. Ideal para quienes tienen un itinerario apretado y poco tiempo para explorar.<\/p>\n<h2 style=\"text-align: left;\"><strong>C\u00f3mo funciona el Pase Flex<\/strong><\/h2>\n<p style=\"text-align: left;\">\u00bfNecesitas una forma m\u00e1s flexible de explorar Estambul? Con el Flex Pass, solo pagas por las atracciones que quieres visitar, lo que te da control total sobre tu itinerario.<\/p>\n<p>1<\/p>\n<h3 style=\"\"><strong>Seleccione 3, 5 o 7 atracciones.<\/strong><\/h3>\n<ul>\n<li style=\"\"><span>Ahorra dinero pagando solo por las atracciones que visitas y los museos que te interesan.<\/span><\/li>\n<li style=\"\"><span>Elige entre una amplia gama de museos y atracciones.<\/span><\/li>\n<\/ul>\n<p>2<\/p>\n<h3><strong>\u00daselo en cualquier momento dentro de los 30 d\u00edas.<\/strong><\/h3>\n<ul>\n<li style=\"\"><span>Tu Flex Pass se activa con el primer uso y tiene una validez de 30 d\u00edas. Visita los museos y atracciones que hayas seleccionado en cualquier momento dentro de este periodo.<\/span><\/li>\n<\/ul>\n<h3 style=\"text-align: left;\"><strong>Compara los pases flexibles de Estambul<\/strong><\/h3>\n<p style=\"text-align: left;\">Los pases ISTANBUL CITY PASS Classic, Premium y Deluxe, as\u00ed como el MUSEUM PASS ISTANBUL, pertenecen a la categor\u00eda <strong>Flex Pass<\/strong>, que le permite elegir atracciones espec\u00edficas. Consulte la tabla comparativa a continuaci\u00f3n para obtener m\u00e1s detalles.<\/p>\n<table style=\"\" data-rows=\"9\" data-cols=\"3\">\n<thead>\n<tr>\n<th style=\"\" data-direction=\"\" colspan=\"1\" rowspan=\"1\">\n<p style=\"\"><\/p>\n<\/th>\n<th colspan=\"1\" rowspan=\"1\" style=\"\" data-direction=\"\">\n<p style=\"\">PASE DE LA CIUDAD DE ESTAMBUL<\/p>\n<\/th>\n<th colspan=\"1\" rowspan=\"1\" style=\"\" data-direction=\"\">\n<p style=\"\">PASE PARA MUSEOS DE ESTAMBUL<\/p>\n<\/th>\n<\/tr>\n<\/thead>\n<tbody>\n<tr>\n<td data-th=\"\" style=\"\" colspan=\"1\" rowspan=\"1\">\n<p style=\"\">PASE DE LA CIUDAD<\/p>\n<\/td>\n<td data-th=\" ISTANBUL MUSEUM PASS\" colspan=\"1\" rowspan=\"1\" style=\"\"><span><img decoding=\"async\" alt=\"\" data-id=\"2563\" width=\"84\" data-init-width=\"907\" height=\"64\" data-init-height=\"691\" title=\"megapass_d\" loading=\"lazy\" src=\"https:\/\/istanbul-museum-pass.com\/wp-content\/uploads\/2024\/06\/megapass_d.png\" data-width=\"84\" data-height=\"64\" style=\"aspect-ratio: auto 907 \/ 691;\" data-><\/span><\/td>\n<td data-th=\" ISTANBUL MUSEUM PASS\" colspan=\"1\" rowspan=\"1\" style=\"\"><span><img decoding=\"async\" alt=\"\" data-id=\"3225\" width=\"80\" data-init-width=\"310\" height=\"52\" data-init-height=\"200\" loading=\"lazy\" src=\"https:\/\/istanbul-museum-pass.com\/wp-content\/uploads\/2025\/02\/TURKEY-MUSEUM-PASS-.png\" data-width=\"80\" data-height=\"52\" style=\"aspect-ratio: auto 310 \/ 200;\" data- title=\"\"><\/span><\/td>\n<\/tr>\n<tr>\n<td data-th=\"\" style=\"\" colspan=\"1\" rowspan=\"1\">\n<p style=\"\">TIPO DE PASE<\/p>\n<\/td>\n<td data-th=\" ISTANBUL MUSEUM PASS\" colspan=\"1\" rowspan=\"1\" style=\"\">\n<p style=\"\">Pase flexible<\/p>\n<\/td>\n<td data-th=\" ISTANBUL MUSEUM PASS\" colspan=\"1\" rowspan=\"1\" style=\"\">\n<p style=\"\">Pase flexible<\/p>\n<\/td>\n<\/tr>\n<tr>\n<td data-th=\"\" style=\"\" rowspan=\"1\" colspan=\"1\">\n<p style=\"\">PRINCIPALES INCLUSIONES<\/p>\n<\/td>\n<td data-th=\" ISTANBUL MUSEUM PASS\" colspan=\"1\" rowspan=\"1\" style=\"\">\n<p data-pm-slice=\"1 1 []\" style=\"\">Santa Sof\u00eda, Palacio Topkapi, Cisterna Bas\u00edlica, visita guiada a la Mezquita Azul, crucero por el B\u00f3sforo y mucho m\u00e1s.<\/p>\n<\/td>\n<td data-th=\" ISTANBUL MUSEUM PASS\" colspan=\"1\" rowspan=\"1\" style=\"\">\n<p data-pm-slice=\"1 1 []\" style=\"\">Palacio Topkapi, Torre Galata, Torre de la Doncella, Museo Arqueol\u00f3gico de Estambul, Museo de Arte Turco e Isl\u00e1mico y m\u00e1s.<\/p>\n<\/td>\n<\/tr>\n<tr>\n<td data-th=\"\" style=\"\" colspan=\"1\" rowspan=\"1\">\n<p style=\"\">VALIDEZ\/DURACI\u00d3N DEL PASE<\/p>\n<\/td>\n<td data-th=\" ISTANBUL MUSEUM PASS\" colspan=\"1\" rowspan=\"1\" style=\"\">\n<p style=\"letter-spacing: 0px;\">7 d\u00edas<\/p>\n<\/td>\n<td data-th=\" ISTANBUL MUSEUM PASS\" colspan=\"1\" rowspan=\"1\" style=\"\">\n<p style=\"letter-spacing: 0px;\">5 d\u00edas<\/p>\n<\/td>\n<\/tr>\n<tr>\n<td data-th=\"\" style=\"\" colspan=\"1\" rowspan=\"1\">\n<p style=\"\">ENTREGA<\/p>\n<\/td>\n<td data-th=\" ISTANBUL MUSEUM PASS\" colspan=\"1\" rowspan=\"1\" style=\"\">\n<p style=\"letter-spacing: 0px;\">Pase digital<\/p>\n<\/td>\n<td data-th=\" ISTANBUL MUSEUM PASS\" colspan=\"1\" rowspan=\"1\" style=\"\">\n<p style=\"letter-spacing: 0px;\">Pase digital<\/p>\n<\/td>\n<\/tr>\n<tr>\n<td data-th=\"\" style=\"\" rowspan=\"1\" colspan=\"1\">\n<p style=\"\">TRANSPORTE P\u00daBLICO<\/p>\n<\/td>\n<td data-th=\" ISTANBUL MUSEUM PASS\" colspan=\"1\" rowspan=\"1\" style=\"\"><!--! Font Awesome Free 6.7.1 by @fontawesome - https:\/\/fontawesome.com License - https:\/\/fontawesome.com\/license\/free (Icons: CC BY 4.0, Fonts: SIL OFL 1.1, Code: MIT License) Copyright 2024 Fonticons, Inc. --><\/td>\n<td data-th=\" ISTANBUL MUSEUM PASS\" colspan=\"1\" rowspan=\"1\" style=\"\"><\/td>\n<\/tr>\n<tr>\n<td data-th=\"\" style=\"\" rowspan=\"1\" colspan=\"1\">\n<p style=\"\">AUDIOGU\u00cdA<\/p>\n<\/td>\n<td data-th=\" ISTANBUL MUSEUM PASS\" colspan=\"1\" rowspan=\"1\" style=\"\"><!--! Font Awesome Free 6.7.1 by @fontawesome - https:\/\/fontawesome.com License - https:\/\/fontawesome.com\/license\/free (Icons: CC BY 4.0, Fonts: SIL OFL 1.1, Code: MIT License) Copyright 2024 Fonticons, Inc. --><\/td>\n<td data-th=\" ISTANBUL MUSEUM PASS\" colspan=\"1\" rowspan=\"1\" style=\"\"><!--! Font Awesome Free 6.7.1 by @fontawesome - https:\/\/fontawesome.com License - https:\/\/fontawesome.com\/license\/free (Icons: CC BY 4.0, Fonts: SIL OFL 1.1, Code: MIT License) Copyright 2024 Fonticons, Inc. --><\/td>\n<\/tr>\n<tr>\n<td data-th=\"\" style=\"\" rowspan=\"1\" colspan=\"1\">\n<p style=\"\">PRECIO PARA ADULTOS<\/p>\n<\/td>\n<td data-th=\" ISTANBUL MUSEUM PASS\" colspan=\"1\" rowspan=\"1\" style=\"\">\n<p style=\"letter-spacing: 0px;\">Desde 99 \u20ac<\/p>\n<\/td>\n<td data-th=\" ISTANBUL MUSEUM PASS\" colspan=\"1\" rowspan=\"1\" style=\"\">\n<p style=\"letter-spacing: 0px;\">Desde 105 \u20ac<\/p>\n<\/td>\n<\/tr>\n<\/tbody>\n<\/table>\n<h2><strong>C\u00f3mo funciona el pase diario<\/strong><\/h2>\n<p style=\"text-align: left;\">\u00bfQuieres explorar libremente los museos y lugares hist\u00f3ricos m\u00e1s populares de Estambul? \u00a1El Pase de un D\u00eda es perfecto para ti!<\/p>\n<p>1<\/p>\n<h3 style=\"\"><strong><strong>Elige entre opciones de 1, 2, 3 o 5 d\u00edas.<\/strong><\/strong><\/h3>\n<ul>\n<li style=\"\"><span><span>Ahorra dinero en comparaci\u00f3n con la compra de entradas individuales.<\/span><a href=\"https:\/\/istanbul-museum-pass.com\/es\/como-funciona-un-museum-pass-estambul\/\"><\/a><br \/><\/span><\/li>\n<li style=\"\"><span><span>Otorga acceso ilimitado a todos los museos y atracciones incluidos durante el n\u00famero de d\u00edas que usted elija.<\/span><\/span><\/li>\n<\/ul>\n<p>2<\/p>\n<h3><strong><strong>Visita las atracciones imperdibles<\/strong><\/strong><\/h3>\n<ul>\n<li style=\"\"><span>Visita Santa Sof\u00eda<\/span><\/li>\n<li style=\"\"><span>Palacio de Topkapi<br \/><\/span><\/li>\n<li><span>Cisterna Bas\u00edlica<br \/><\/span><\/li>\n<li><span>Y m\u00e1s&#8230;<\/span><\/li>\n<\/ul>\n<p>3<\/p>\n<h3><strong><strong><strong>Disfruta de acceso ilimitado durante el per\u00edodo seleccionado.<\/strong><\/strong><\/strong><\/h3>\n<p style=\"\">Tu pase diario se activa al primer uso y permanece v\u00e1lido durante el n\u00famero de d\u00edas consecutivos que hayas seleccionado. Por ejemplo, si compras un pase de 3 d\u00edas, ser\u00e1 v\u00e1lido durante 72 horas a partir del momento del primer uso.<\/p>\n<h3 style=\"text-align: left;\"><strong>Compara los pases de un d\u00eda para Estambul<\/strong><\/h3>\n<p style=\"text-align: left;\">El ISTANBUL TOURIST PASS funciona como <strong>&nbsp;un pase diario,<\/strong> ofreciendo acceso ilimitado durante un n\u00famero determinado de d\u00edas. <br \/>Consulte la tabla comparativa a continuaci\u00f3n para obtener m\u00e1s detalles:<\/p>\n<table style=\"\" data-rows=\"9\" data-cols=\"2\">\n<thead>\n<tr>\n<th style=\"\" data-direction=\"\" colspan=\"1\" rowspan=\"1\">\n<p style=\"\"><\/p>\n<\/th>\n<th colspan=\"1\" rowspan=\"1\" style=\"\" data-direction=\"\">\n<p style=\"\">PASE TUR\u00cdSTICO DE ESTAMBUL<\/p>\n<\/th>\n<\/tr>\n<\/thead>\n<tbody>\n<tr>\n<td data-th=\"\" style=\"\" colspan=\"1\" rowspan=\"1\">\n<p style=\"\">PASE DE LA CIUDAD<\/p>\n<\/td>\n<td data-th=\" ISTANBUL TOURIST PASS\" colspan=\"1\" rowspan=\"1\" style=\"\"><span><img decoding=\"async\" alt=\"\" data-id=\"2855\" width=\"80\" data-init-width=\"1200\" height=\"53\" data-init-height=\"800\" title=\"pase tur\u00edstico de Estambul\" loading=\"lazy\" src=\"https:\/\/istanbul-museum-pass.com\/wp-content\/uploads\/2024\/10\/istanbul-tourist-pass.webp\" data-width=\"80\" data-height=\"53\" style=\"aspect-ratio: auto 1200 \/ 800;\" data-><\/span><\/td>\n<\/tr>\n<tr>\n<td data-th=\"\" style=\"\" colspan=\"1\" rowspan=\"1\">\n<p style=\"\">TIPO DE PASE<\/p>\n<\/td>\n<td data-th=\" ISTANBUL TOURIST PASS\" colspan=\"1\" rowspan=\"1\" style=\"\">\n<p style=\"\">Pase de un d\u00eda<\/p>\n<\/td>\n<\/tr>\n<tr>\n<td data-th=\"\" style=\"\" rowspan=\"1\" colspan=\"1\">\n<p style=\"\">PRINCIPALES INCLUSIONES<\/p>\n<\/td>\n<td data-th=\" ISTANBUL TOURIST PASS\" colspan=\"1\" rowspan=\"1\" style=\"\">\n<p data-pm-slice=\"1 1 []\" style=\"\">Cisterna Bas\u00edlica, Palacio de Dolmabah\u00e7e, Palacio de Topkapi, Espect\u00e1culo de Derviches Giratorios, Crucero por el B\u00f3sforo y m\u00e1s.<\/p>\n<\/td>\n<\/tr>\n<tr>\n<td data-th=\"\" style=\"\" colspan=\"1\" rowspan=\"1\">\n<p style=\"\">VALIDEZ\/DURACI\u00d3N DEL PASE<\/p>\n<\/td>\n<td data-th=\" ISTANBUL TOURIST PASS\" colspan=\"1\" rowspan=\"1\" style=\"\">\n<p data-pm-slice=\"1 1 []\" style=\"\">1, 2, 3, 5, 7 o 10 d\u00edas<\/p>\n<\/td>\n<\/tr>\n<tr>\n<td data-th=\"\" style=\"\" colspan=\"1\" rowspan=\"1\">\n<p style=\"\">ENTREGA<\/p>\n<\/td>\n<td data-th=\" ISTANBUL TOURIST PASS\" colspan=\"1\" rowspan=\"1\" style=\"\">\n<p style=\"letter-spacing: 0px;\">Pase digital<\/p>\n<\/td>\n<\/tr>\n<tr>\n<td data-th=\"\" style=\"\" rowspan=\"1\" colspan=\"1\">\n<p style=\"\">TRANSPORTE P\u00daBLICO<\/p>\n<\/td>\n<td data-th=\" ISTANBUL TOURIST PASS\" colspan=\"1\" rowspan=\"1\" style=\"\"><\/td>\n<\/tr>\n<tr>\n<td data-th=\"\" style=\"\" rowspan=\"1\" colspan=\"1\">\n<p style=\"\">AUDIOGU\u00cdA<\/p>\n<\/td>\n<td data-th=\" ISTANBUL TOURIST PASS\" colspan=\"1\" rowspan=\"1\" style=\"\"><!--! Font Awesome Free 6.7.1 by @fontawesome - https:\/\/fontawesome.com License - https:\/\/fontawesome.com\/license\/free (Icons: CC BY 4.0, Fonts: SIL OFL 1.1, Code: MIT License) Copyright 2024 Fonticons, Inc. --><\/td>\n<\/tr>\n<tr>\n<td data-th=\"\" style=\"\" rowspan=\"1\" colspan=\"1\">\n<p style=\"\">PRECIO PARA ADULTOS<\/p>\n<\/td>\n<td data-th=\" ISTANBUL TOURIST PASS\" colspan=\"1\" rowspan=\"1\" style=\"\">\n<p style=\"letter-spacing: 0px;\">Desde 139 \u20ac<\/p>\n<\/td>\n<\/tr>\n<\/tbody>\n<\/table>\n<p><a href=\"https:\/\/istanbul-museum-pass.com\/es\/como-funciona-un-museum-pass-estambul\/\" dynamic-postlink=\"tcb_post_the_permalink\" data-shortcode-id=\"671\"><\/a><\/p>\n<p style=\"padding-bottom: 0px !important; margin-bottom: 0px !important;\"><strong>LEARN MORE<\/strong><\/p>\n<h2 style=\"\"><span data-attr-css=\"\" data-attr-link=\"1\" data-attr-rel=\"0\" data-attr-static-link=\"{&quot;className&quot;:&quot;&quot;,&quot;href&quot;:&quot;#&quot;,&quot;title&quot;:&quot;C\u00f3mo funciona un Museum Pass Estambul&quot;,&quot;class&quot;:&quot;&quot;}\" data-attr-target=\"0\" data-extra_key=\"\" data-option-inline=\"1\" data-shortcode=\"tcb_post_title\" data-shortcode-name=\"Post title\" style=\"\"><a href=\"https:\/\/istanbul-museum-pass.com\/es\/como-funciona-un-museum-pass-estambul\/\" title=\"C\u00f3mo funciona un Museum Pass Estambul\" data-css=\"\">C\u00f3mo funciona un Museum Pass Estambul<\/a><\/span><\/h2>\n","protected":false},"excerpt":{"rendered":"<p>C\u00f3mo funciona un Museum Pass Estambul Tipos de pases urbanos Existen dos tipos generales de pases tur\u00edsticos disponibles para cada ciudad del mundo: el Pase Flex, que ofrece acceso flexible durante un per\u00edodo determinado, y el&nbsp;Pase Diario, que proporciona entrada ilimitada a las atracciones durante un solo d\u00eda. A continuaci\u00f3n, una breve descripci\u00f3n de cada [&hellip;]<\/p>\n","protected":false},"author":3,"featured_media":3958,"parent":0,"menu_order":0,"comment_status":"closed","ping_status":"closed","template":"","meta":{"footnotes":""},"categories":[],"tags":[],"class_list":["post-7899","page","type-page","status-publish","has-post-thumbnail","hentry","post-wrapper","thrv_wrapper"],"_links":{"self":[{"href":"https:\/\/istanbul-museum-pass.com\/es\/wp-json\/wp\/v2\/pages\/7899","targetHints":{"allow":["GET"]}}],"collection":[{"href":"https:\/\/istanbul-museum-pass.com\/es\/wp-json\/wp\/v2\/pages"}],"about":[{"href":"https:\/\/istanbul-museum-pass.com\/es\/wp-json\/wp\/v2\/types\/page"}],"author":[{"embeddable":true,"href":"https:\/\/istanbul-museum-pass.com\/es\/wp-json\/wp\/v2\/users\/3"}],"replies":[{"embeddable":true,"href":"https:\/\/istanbul-museum-pass.com\/es\/wp-json\/wp\/v2\/comments?post=7899"}],"version-history":[{"count":8,"href":"https:\/\/istanbul-museum-pass.com\/es\/wp-json\/wp\/v2\/pages\/7899\/revisions"}],"predecessor-version":[{"id":8110,"href":"https:\/\/istanbul-museum-pass.com\/es\/wp-json\/wp\/v2\/pages\/7899\/revisions\/8110"}],"wp:featuredmedia":[{"embeddable":true,"href":"https:\/\/istanbul-museum-pass.com\/es\/wp-json\/wp\/v2\/media\/3958"}],"wp:attachment":[{"href":"https:\/\/istanbul-museum-pass.com\/es\/wp-json\/wp\/v2\/media?parent=7899"}],"wp:term":[{"taxonomy":"category","embeddable":true,"href":"https:\/\/istanbul-museum-pass.com\/es\/wp-json\/wp\/v2\/categories?post=7899"},{"taxonomy":"post_tag","embeddable":true,"href":"https:\/\/istanbul-museum-pass.com\/es\/wp-json\/wp\/v2\/tags?post=7899"}],"curies":[{"name":"wp","href":"https:\/\/api.w.org\/{rel}","templated":true}]}}