{"id":7907,"date":"2025-03-03T08:18:00","date_gmt":"2025-03-03T08:18:00","guid":{"rendered":"https:\/\/istanbul-museum-pass.com\/is-istanbul-museum-pass-worth-it-advantages\/"},"modified":"2026-04-20T10:08:02","modified_gmt":"2026-04-20T10:08:02","slug":"vale-la-pena-el-museum-pass-estambul-ventajas","status":"publish","type":"page","link":"https:\/\/istanbul-museum-pass.com\/es\/vale-la-pena-el-museum-pass-estambul-ventajas\/","title":{"rendered":"\u00bfVale la pena el Museum Pass Estambul? Ventajas"},"content":{"rendered":"<h1 style=\"text-align: left;\">Ventajas de comprar el Museum Pass Estambul<\/h1>\n<p><span><img decoding=\"async\" alt=\"Historia del Palacio de Topkapi\" data-id=\"1059\" width=\"816\" data-init-width=\"1200\" height=\"428\" data-init-height=\"630\" title=\"Historia del Palacio de Topkapi\" src=\"\/\/istanbul-museum-pass.com\/wp-content\/uploads\/2022\/12\/History-of-Topkapi-Palace.jpg\" data-width=\"816\" style=\"aspect-ratio: auto 1200 \/ 630;\" data-height=\"428\" loading=\"lazy\"><\/span><\/p>\n<h2 style=\"\"><strong>\u00bfVale la pena comprar un Museum Pass Estambul?<br \/><\/strong><\/h2>\n<p><strong><span style=\"--tcb-applied-color: var$(--tcb-skin-color-0) !important; color: var(--tcb-skin-color-0) !important;\">Respuesta breve:<\/span><\/strong><strong> S\u00ed<\/strong> , comprar un pase para museos en Estambul puede valer la pena, dependiendo de cu\u00e1ntas atracciones planees visitar y cu\u00e1nto tiempo tengas. Aqu\u00ed tienes un desglose para ayudarte a decidir:<\/p>\n<p tve-droppable\"\"=\"\"><strong><span>Respuesta larga:<\/span><\/strong><br \/><strong> \u00bfCu\u00e1ndo merece la pena?<br \/><\/strong><\/p>\n<ul>\n<li \"=\"\"strongfont dir=\"auto\" style=\"vertical-align: inherit;\"font dir=\"auto\" style=\"vertical-align: inherit;\"Si planeas visitar varias atracciones \/font\/font\/strongstrongfont dir=\"auto\" style=\"vertical-align: inherit;\"font dir=\"auto\" style=\"vertical-align: inherit;\":\/font\/font\/strongfont dir=\"auto\" style=\"vertical-align: inherit;\"font dir=\"auto\" style=\"vertical-align: inherit;\" Si vas a visitar lugares importantes como Santa Sof\u00eda, el Palacio Topkapi, la Cisterna Bas\u00edlica y el Palacio de Dolmabah\u00e7e, un pase puede ahorrarte hasta un 35 % en comparaci\u00f3n con la compra de entradas individuales.\/font\/font\/lili \"=\"\"><strong>\u00bfQuieres evitar las largas colas para comprar entradas?<\/strong> Los lugares m\u00e1s populares suelen tener largas colas, sobre todo en temporada alta. Los pases para museos te permiten saltarte las colas, ahorr\u00e1ndote un tiempo valioso.<\/li>\n<li \"=\"\"strongfont dir=\"auto\" style=\"vertical-align: inherit;\"font dir=\"auto\" style=\"vertical-align: inherit;\"Si buscas ventajas adicionales:\/font\/font\/strongfont dir=\"auto\" style=\"vertical-align: inherit;\"font dir=\"auto\" style=\"vertical-align: inherit;\" algunos pases incluyen cruceros por el B\u00f3sforo, visitas guiadas, tarjetas de transporte p\u00fablico o audiogu\u00edas, lo que a\u00f1ade valor extra.\/font\/font\/lili \"=\"\"><strong>Te quedas varios d\u00edas:<\/strong> La mayor\u00eda de los pases son v\u00e1lidos por 5 a 7 d\u00edas, as\u00ed que si vas a estar en Estambul un tiempo, puedes explorar a un ritmo relajado.<\/li>\n<\/ul>\n<p \"=\"\" =\"\"=\"\"strongfont dir=\"auto\" style=\"vertical-align: inherit;\"font dir=\"auto\" style=\"vertical-align: inherit;\"Cuando simplemente no merece la pena:\/font\/fontbr\/strong\/pulli \"=\"\" =\"\"=\"\"><strong>Si solo vas a visitar 1 o 2 museos:<\/strong> Si planeas visitar solo 1 o 2 atracciones, comprar entradas individuales puede resultar m\u00e1s econ\u00f3mico.<\/li>\n","protected":false},"excerpt":{"rendered":"<p>Ventajas de comprar el Museum Pass Estambul \u00bfVale la pena comprar un Museum Pass Estambul? Respuesta breve: S\u00ed , comprar un pase para museos en Estambul puede valer la pena, dependiendo de cu\u00e1ntas atracciones planees visitar y cu\u00e1nto tiempo tengas. Aqu\u00ed tienes un desglose para ayudarte a decidir: Respuesta larga: \u00bfCu\u00e1ndo merece la pena? \u00bfQuieres [&hellip;]<\/p>\n","protected":false},"author":3,"featured_media":3955,"parent":0,"menu_order":0,"comment_status":"closed","ping_status":"closed","template":"","meta":{"footnotes":""},"categories":[],"tags":[],"class_list":["post-7907","page","type-page","status-publish","has-post-thumbnail","hentry","post-wrapper","thrv_wrapper"],"_links":{"self":[{"href":"https:\/\/istanbul-museum-pass.com\/es\/wp-json\/wp\/v2\/pages\/7907","targetHints":{"allow":["GET"]}}],"collection":[{"href":"https:\/\/istanbul-museum-pass.com\/es\/wp-json\/wp\/v2\/pages"}],"about":[{"href":"https:\/\/istanbul-museum-pass.com\/es\/wp-json\/wp\/v2\/types\/page"}],"author":[{"embeddable":true,"href":"https:\/\/istanbul-museum-pass.com\/es\/wp-json\/wp\/v2\/users\/3"}],"replies":[{"embeddable":true,"href":"https:\/\/istanbul-museum-pass.com\/es\/wp-json\/wp\/v2\/comments?post=7907"}],"version-history":[{"count":10,"href":"https:\/\/istanbul-museum-pass.com\/es\/wp-json\/wp\/v2\/pages\/7907\/revisions"}],"predecessor-version":[{"id":8115,"href":"https:\/\/istanbul-museum-pass.com\/es\/wp-json\/wp\/v2\/pages\/7907\/revisions\/8115"}],"wp:featuredmedia":[{"embeddable":true,"href":"https:\/\/istanbul-museum-pass.com\/es\/wp-json\/wp\/v2\/media\/3955"}],"wp:attachment":[{"href":"https:\/\/istanbul-museum-pass.com\/es\/wp-json\/wp\/v2\/media?parent=7907"}],"wp:term":[{"taxonomy":"category","embeddable":true,"href":"https:\/\/istanbul-museum-pass.com\/es\/wp-json\/wp\/v2\/categories?post=7907"},{"taxonomy":"post_tag","embeddable":true,"href":"https:\/\/istanbul-museum-pass.com\/es\/wp-json\/wp\/v2\/tags?post=7907"}],"curies":[{"name":"wp","href":"https:\/\/api.w.org\/{rel}","templated":true}]}}