{"id":5754,"date":"2021-05-12T05:16:09","date_gmt":"2021-05-12T05:16:09","guid":{"rendered":"https:\/\/istanbul-museum-pass.com\/contact\/"},"modified":"2025-06-23T09:19:34","modified_gmt":"2025-06-23T09:19:34","slug":"contact","status":"publish","type":"page","link":"https:\/\/istanbul-museum-pass.com\/fr\/contact\/","title":{"rendered":"Contact"},"content":{"rendered":"<h3 style=\"text-align: center;\">Contactez-nous&nbsp;<\/h3>\n<p style=\"\">N&rsquo;h\u00e9sitez pas \u00e0 nous contacter pour toute <span style=\"font-weight: normal;\">question <\/span><strong>concernant<\/strong> les <strong>billets, les visites<\/strong> et <strong>l&rsquo;organisation de groupes.<\/strong> Remplissez simplement le formulaire ci-dessous <strong>.<\/strong><\/p>\n<p style=\"\">Notre \u00e9quipe professionnelle d&rsquo;experts locaux et internationaux r\u00e9pondra \u00e0 votre demande <strong>dans les plus brefs d\u00e9lais<\/strong> .<\/p>\n","protected":false},"excerpt":{"rendered":"<p>Contactez-nous&nbsp; N&rsquo;h\u00e9sitez pas \u00e0 nous contacter pour toute question concernant les billets, les visites et l&rsquo;organisation de groupes. Remplissez simplement le formulaire ci-dessous . Notre \u00e9quipe professionnelle d&rsquo;experts locaux et internationaux r\u00e9pondra \u00e0 votre demande dans les plus brefs d\u00e9lais .<\/p>\n","protected":false},"author":9,"featured_media":0,"parent":0,"menu_order":0,"comment_status":"closed","ping_status":"closed","template":"","meta":{"footnotes":""},"categories":[],"tags":[],"class_list":["post-5754","page","type-page","status-publish","hentry","post-wrapper","thrv_wrapper"],"_links":{"self":[{"href":"https:\/\/istanbul-museum-pass.com\/fr\/wp-json\/wp\/v2\/pages\/5754","targetHints":{"allow":["GET"]}}],"collection":[{"href":"https:\/\/istanbul-museum-pass.com\/fr\/wp-json\/wp\/v2\/pages"}],"about":[{"href":"https:\/\/istanbul-museum-pass.com\/fr\/wp-json\/wp\/v2\/types\/page"}],"author":[{"embeddable":true,"href":"https:\/\/istanbul-museum-pass.com\/fr\/wp-json\/wp\/v2\/users\/9"}],"replies":[{"embeddable":true,"href":"https:\/\/istanbul-museum-pass.com\/fr\/wp-json\/wp\/v2\/comments?post=5754"}],"version-history":[{"count":5,"href":"https:\/\/istanbul-museum-pass.com\/fr\/wp-json\/wp\/v2\/pages\/5754\/revisions"}],"predecessor-version":[{"id":6180,"href":"https:\/\/istanbul-museum-pass.com\/fr\/wp-json\/wp\/v2\/pages\/5754\/revisions\/6180"}],"wp:attachment":[{"href":"https:\/\/istanbul-museum-pass.com\/fr\/wp-json\/wp\/v2\/media?parent=5754"}],"wp:term":[{"taxonomy":"category","embeddable":true,"href":"https:\/\/istanbul-museum-pass.com\/fr\/wp-json\/wp\/v2\/categories?post=5754"},{"taxonomy":"post_tag","embeddable":true,"href":"https:\/\/istanbul-museum-pass.com\/fr\/wp-json\/wp\/v2\/tags?post=5754"}],"curies":[{"name":"wp","href":"https:\/\/api.w.org\/{rel}","templated":true}]}}