{"id":5762,"date":"2022-12-19T10:46:34","date_gmt":"2022-12-19T10:46:34","guid":{"rendered":"https:\/\/istanbul-museum-pass.com\/frequently-asked-questions\/"},"modified":"2025-06-23T12:32:31","modified_gmt":"2025-06-23T12:32:31","slug":"foire-aux-questions","status":"publish","type":"page","link":"https:\/\/istanbul-museum-pass.com\/fr\/foire-aux-questions\/","title":{"rendered":"Foire aux questions (FAQ) sur le Pass Istanbul"},"content":{"rendered":"<h1 dir=\"ltr\" style=\"text-align: left;\">Foire aux questions (FAQ)<\/h1>\n<p dir=\"ltr\">\n<p dir=\"ltr\"><strong>Le Museum Pass Istanbul&nbsp;<\/strong>est l&rsquo;un des moyens les plus pratiques d&rsquo;explorer les mus\u00e9es et <strong>monuments <\/strong><strong>historiques <\/strong><strong>les plus populaires d&rsquo;Istanbul<\/strong>. Cette carte sp\u00e9ciale permet d&rsquo;acc\u00e9der facilement \u00e0 des sites embl\u00e9matiques tels que&nbsp;<strong>Sainte Sophie<\/strong>,&nbsp;<strong>le palais de Topkapi<\/strong>,&nbsp;<strong>la Citerne Basilique<\/strong> et les <strong>mus\u00e9es arch\u00e9ologiques d&rsquo;Istanbul<\/strong>. Cependant, de nombreux voyageurs se posent des questions fr\u00e9quentes :&nbsp;<strong>o\u00f9 acheter le Museum Pass Istanbul<\/strong>,&nbsp;<strong>comment l&rsquo;utiliser<\/strong> et <strong>quels mus\u00e9es sont inclus<\/strong>&nbsp;?<\/p>\n<p dir=\"ltr\">Sur cette page, vous trouverez les r\u00e9ponses aux questions les plus fr\u00e9quentes sur le Museum Pass Istanbul, d\u00e9couvrirez ses&nbsp;<strong>avantages<\/strong>&nbsp;et le comparerez aux autres pass touristiques disponibles \u00e0 Istanbul. Dans les sections ci-dessous, vous trouverez \u00e9galement des informations d\u00e9taill\u00e9es sur les pass alternatifs tels que l&rsquo;<strong>Istanbul Tourist Pass\u00ae<\/strong> et <strong>le MegaPass.<\/strong>&nbsp;<\/p>\n<p dir=\"ltr\"><strong>D\u00e9couvrez tous les d\u00e9tails essentiels dans ce guide pour profiter au maximum de votre voyage \u00e0 Istanbul !<\/strong><\/p>\n<h2 dir=\"ltr\">Questions les plus fr\u00e9quentes sur le&nbsp;City Pass Istanbul<\/h2>\n<h2 dir=\"ltr\">Questions fr\u00e9quemment pos\u00e9es sur l&rsquo;Istanbul Tourist Pass\u00ae\ufe0f<\/h2>\n<ul>\n<li><span><a href=\"https:\/\/www.getyourguide.com\/s?partner_id=NO9XIDE&amp;utm_medium=online_publisher&amp;cmp=IMPTouristPassMS&amp;et=49897&amp;lc=56\" target=\"_blank\" rel=\"nofollow noopener\" style=\"outline: none;\">Achetez votre Istanbul Tourist Pass ici !<\/a><\/span><\/li>\n<\/ul>\n<h2 dir=\"ltr\">Questions fr\u00e9quentes sur les pass MegaPass Istanbul City<\/h2>\n<ul>\n<li><span><a href=\"#tve-jump-1951ef17c16\" target=\"_blank\" rel=\"nofollow\" style=\"outline: none;\" jump-animation=\"smooth\">En savoir plus sur les MegaPass Istanbul City Pass ici&nbsp;!<\/a><\/span><\/li>\n<\/ul>\n<h2 dir=\"ltr\" style=\"\">Questions fr\u00e9quentes sur la carte de transport public Museumpass Istanbul<\/h2>\n<ul>\n<li><span><a href=\"https:\/\/www.getyourguide.com\/s?partner_id=NO9XIDE&amp;utm_medium=online_publisher&amp;cmp=IMPIstanbulkart&amp;et=495350&amp;lc=56\" target=\"_blank\" rel=\"nofollow noopener\" style=\"outline: none;\">R\u00e9servez d\u00e8s maintenant votre carte de transport public d&rsquo;Istanbul !<\/a><\/span><\/li>\n<\/ul>\n<p>__CONFIG_group_edit__{}__CONFIG_group_edit____CONFIG_local_colors__{\u00ab\u00a0colors\u00a0\u00bb:{\u00ab\u00a0&#8211;tcb-skin-color-0&Prime;:\u00a0\u00bbLaser\u00a0\u00bb,\u00a0\u00bb&#8211;tcb-skin-color-22&Prime;:\u00a0\u00bbWhite\u00a0\u00bb,\u00a0\u00bb&#8211;tcb-skin-color-4&Prime;:\u00a0\u00bbBunker\u00a0\u00bb,\u00a0\u00bb&#8211;tcb-skin-color-3&Prime;:\u00a0\u00bbMadras\u00a0\u00bb,\u00a0\u00bb&#8211;tcb-skin-color-16&Prime;:\u00a0\u00bbChicago\u00a0\u00bb,\u00a0\u00bb&#8211;tcb-skin-color-8&Prime;:\u00a0\u00bbFire Bush\u00a0\u00bb},\u00a0\u00bbgradients\u00a0\u00bb:{}}__CONFIG_local_colors__    <\/p>\n<h2 id=\"t-1739368038833\" style=\"text-align: left;\"><strong>Description des 4 meilleurs City Pass Istanbul<\/strong><\/h2>\n<p>  <span style=\"height: 100%;\"><img decoding=\"async\" alt=\"\" data-id=\"2563\" width=\"248\" data-init-width=\"907\" height=\"189\" data-init-height=\"691\" title=\"megapass_d\" loading=\"lazy\" src=\"https:\/\/istanbul-museum-pass.com\/wp-content\/uploads\/2024\/06\/megapass_d.png\" data-width=\"248\" data-height=\"189\" style=\"aspect-ratio: auto 907 \/ 691; max-width: none !important;\" mt-d=\"0\" ml-d=\"0\" data-><\/span><\/p>\n<h2 data-qa-marker=\"product-name\" id=\"t-1739368038834\" style=\"\"><a href=\"https:\/\/megapass.com\/turkey\/istanbul\/pass?discountCode=ma-places\" target=\"_blank\" style=\"outline: none;\" rel=\"nofollow noopener\" data-lt-tmp-id=\"lt-648618\" spellcheck=\"false\">1. Istanbul City Pass<\/a><\/h2>\n<p style=\"\"><a href=\"https:\/\/megapass.com\/turkey\/istanbul\/pass?discountCode=ma-places\" target=\"_blank\" rel=\"nofollow noopener\" style=\"outline: none;\" data-lt-tmp-id=\"lt-747015\" spellcheck=\"false\">4,8 \/ 5 (20+)<\/a><\/p>\n<p dir=\"ltr\"><strong><span>\u00c9conomies maximales, attente minimale&nbsp;! &nbsp;<\/span><\/strong><\/p>\n<p ltr\"\"=\"\"><span>\u2714 4 exp\u00e9riences incroyables en un seul pass&nbsp;! <\/span><a href=\"https:\/\/megapass.com\/turkey\/istanbul\/pass?discountCode=ma-places\" target=\"_blank\" rel=\"nofollow noopener\" style=\"outline: none;\"><span><strong><span style=\"text-decoration: underline; --tcb-applied-color: var$(--tcb-skin-color-0) !important; color: var(--tcb-skin-color-0) !important;\">Voir la liste des activit\u00e9s<\/span><\/strong><\/span><\/a><span><\/span><\/p>\n<p ltr\"\"=\"\"><span>\u2714 \u00c9conomisez jusqu&rsquo;\u00e0 <strong><span style=\"--tcb-applied-color: var$(--tcb-skin-color-0) !important; color: var(--tcb-skin-color-0) !important;\">27<\/span><\/strong> % !&nbsp;<\/span><\/p>\n<p ltr\"\"=\"\"><span>\u2714 Carte de transport en commun gratuite pour 5 trajets !<\/span><\/p>\n<p ltr\"\"=\"\"><span>\u2714 \u00c9vitez les files d&rsquo;attente pour les billets !&nbsp;<\/span><\/p>\n<p ltr\"\"=\"\"><span>\u2714 Guide audio gratuit !&nbsp;<\/span><\/p>\n<p ltr\"\"=\"\"><span>\u2714 Politique d\u2019annulation flexible !&nbsp;<\/span><\/p>\n<p ltr\"\"=\"\"><span>\u2714 Valable 7 jours !<\/span><\/p>\n<p>\u2714 Assistance client 24h\/24 et 7j\/7&nbsp;!<\/p>\n<p style=\"text-align: center;\"><a href=\"https:\/\/megapass.com\/turkey\/istanbul\/pass?discountCode=ma-places\" target=\"_blank\" rel=\"nofollow noopener\" style=\"outline: none;\" data-lt-tmp-id=\"lt-397168\" spellcheck=\"false\">124,00 \u20ac<\/a><\/p>\n<p> __CONFIG_colors_palette__{\u00ab\u00a0active_palette\u00a0\u00bb:0,\u00a0\u00bbconfig\u00a0\u00bb:{\u00ab\u00a0colors\u00a0\u00bb:{\u00ab\u00a062516\u00a0\u00bb:{\u00ab\u00a0name\u00a0\u00bb:\u00a0\u00bbAccent principal\u00a0\u00bb,\u00a0\u00bbparent\u00a0\u00bb:-1}},\u00a0\u00bbgradients\u00a0\u00bb:[]},\u00a0\u00bbpalettes\u00a0\u00bb:[{\u00ab\u00a0name\u00a0\u00bb:\u00a0\u00bbPalette par d\u00e9faut\u00a0\u00bb,\u00a0\u00bbvalue\u00a0\u00bb:{\u00ab\u00a0colors\u00a0\u00bb:{\u00ab\u00a062516\u00a0\u00bb:{\u00ab\u00a0val\u00a0\u00bb:\u00a0\u00bbrgb(29, 73, 186)\u00a0\u00bb}},\u00a0\u00bbgradients\u00a0\u00bb:[]}}]}__CONFIG_colors_palette__ <a href=\"https:\/\/megapass.com\/turkey\/istanbul\/pass?discountCode=ma-places\" target=\"_blank\" rel=\"nofollow noopener\" style=\"\"> <span><span><strong>Voir les d\u00e9tails et acheter<\/strong><\/span><\/span> <\/a>    <span style=\"height: 100%;\"><img decoding=\"async\" alt=\"\" data-id=\"2884\" width=\"329\" data-init-width=\"1200\" height=\"220\" data-init-height=\"800\" title=\"pass-touristique-d&#039;Istanbul\" loading=\"lazy\" src=\"https:\/\/istanbul-museum-pass.com\/wp-content\/uploads\/2024\/10\/istanbul-tourist-pass-1.webp\" data-width=\"329\" data-height=\"220\" style=\"margin-top: 0px; margin-left: 0px; max-width: none !important; aspect-ratio: auto 1200 \/ 800;\" mt-d=\"0\" ml-d=\"0\" data-><\/span><\/p>\n<h2 data-qa-marker=\"product-name\" style=\"\" id=\"t-1739368038838\"><a href=\"https:\/\/www.headout.com\/r\/most-amazing-placesrecommends-eIPYn\/\" target=\"_blank\" style=\"outline: currentcolor;\" rel=\"nofollow noopener\"><\/a><a data-lt-tmp-id=\"lt-225321\" href=\"https:\/\/www.headout.com\/r\/most-amazing-placesrecommends-7Svlr\/\" rel=\"nofollow noopener\" spellcheck=\"false\" target=\"_blank\" style=\"outline: currentcolor;\"><\/a><a data-lt-tmp-id=\"lt-398957\" href=\"https:\/\/megapass.com\/turkey\/istanbul\/topkapi-palace-museum-tickets?discountCode=ma-places\" rel=\"nofollow noopener\" spellcheck=\"false\" target=\"_blank\" style=\"outline: currentcolor;\"><\/a><a data-lt-tmp-id=\"lt-707014\" href=\"https:\/\/istanbultouristpass.com\/?ref=nukbclhr\" rel=\"nofollow noopener\" spellcheck=\"false\" target=\"_blank\" style=\"outline: none;\">2. Istanbul Tourist Pass<\/a><\/h2>\n<p style=\"\"><a href=\"https:\/\/www.headout.com\/r\/most-amazing-placesrecommends-eIPYn\/\" target=\"_blank\" rel=\"nofollow noopener\" style=\"outline: currentcolor;\"><\/a><a href=\"https:\/\/megapass.com\/turkey\/istanbul\/topkapi-palace-museum-tickets?discountCode=ma-places\" rel=\"nofollow noopener\" target=\"_blank\" style=\"outline: currentcolor;\"><\/a><a href=\"https:\/\/istanbultouristpass.com\/?ref=nukbclhr\" rel=\"nofollow noopener\" target=\"_blank\" style=\"outline: none;\" data-lt-tmp-id=\"lt-658924\" spellcheck=\"false\">4,7 \/ 5 (1000+)<\/a><\/p>\n<p data-test-id=\"activity-overview-content\" data-v-5726f79d=\"\" style=\"\"><strong>Acc\u00e8s tout compris, exploration fluide&nbsp;!<\/strong><\/p>\n<p data-test-id=\"activity-overview-content\" data-v-5726f79d=\"\" style=\"\">\u2714 Acc\u00e8s \u00e0 plus de 100 attractions incontournables !&nbsp; <a href=\"https:\/\/istanbultouristpass.com\/?ref=nukbclhr\" target=\"_blank\" rel=\"nofollow noopener\" style=\"outline: none;\" data-lt-tmp-id=\"lt-345119\" spellcheck=\"false\"><strong><span>Consultez la liste des activit\u00e9s<\/span><\/strong><\/a> \u2714 \u00c9conomisez jusqu&rsquo;\u00e0 <strong><span style=\"--tcb-applied-color: var$(--tcb-skin-color-0) !important; color: var(--tcb-skin-color-0) !important;\">70<\/span><\/strong> % ! \u2714 Choisissez le nombre de jours que vous souhaitez en profiter \u2714 Transfert gratuit de l&rsquo;a\u00e9roport au centre-ville \u2714 Acc\u00e8s coupe-file \u00e0 plus de 100 activit\u00e9s \u2714 Internet touristique eSIM gratuit \u2714 Billets \u00e9lectroniques et audioguides instantan\u00e9s<\/p>\n<p style=\"text-align: center;\"><a href=\"https:\/\/istanbultouristpass.com\/?ref=nukbclhr\" target=\"_blank\" rel=\"nofollow noopener\" style=\"outline: none;\">139,00 \u20ac<\/a><\/p>\n<p> __CONFIG_colors_palette__{\u00ab\u00a0active_palette\u00a0\u00bb:0,\u00a0\u00bbconfig\u00a0\u00bb:{\u00ab\u00a0colors\u00a0\u00bb:{\u00ab\u00a062516\u00a0\u00bb:{\u00ab\u00a0name\u00a0\u00bb:\u00a0\u00bbAccent principal\u00a0\u00bb,\u00a0\u00bbparent\u00a0\u00bb:-1}},\u00a0\u00bbgradients\u00a0\u00bb:[]},\u00a0\u00bbpalettes\u00a0\u00bb:[{\u00ab\u00a0name\u00a0\u00bb:\u00a0\u00bbPalette par d\u00e9faut\u00a0\u00bb,\u00a0\u00bbvalue\u00a0\u00bb:{\u00ab\u00a0colors\u00a0\u00bb:{\u00ab\u00a062516\u00a0\u00bb:{\u00ab\u00a0val\u00a0\u00bb:\u00a0\u00bbrgb(29, 73, 186)\u00a0\u00bb}},\u00a0\u00bbgradients\u00a0\u00bb:[]}}]}__CONFIG_colors_palette__ <a href=\"https:\/\/istanbultouristpass.com\/?ref=nukbclhr\" target=\"_blank\" rel=\"nofollow noopener\" style=\"\"> <span><span><strong><strong><strong>Voir les d\u00e9tails et acheter<\/strong><\/strong><\/strong><\/span><\/span> <\/a>    <span>  <img decoding=\"async\" alt=\"Pass Mus\u00e9es Istanbul\" data-id=\"3732\" width=\"326\" data-init-width=\"670\" height=\"184\" data-init-height=\"378\" loading=\"lazy\" src=\"https:\/\/istanbul-museum-pass.com\/wp-content\/uploads\/2025\/03\/istanbul-museum-pass-8259-670w.jpg\" data-width=\"326\" data-height=\"184\" style=\"aspect-ratio: auto 670 \/ 378;\" data- title=\"\">  <\/span><\/p>\n<h2 data-qa-marker=\"product-name\" style=\"\" id=\"t-1739368038837\"><a data-lt-tmp-id=\"lt-707014\" href=\"https:\/\/www.getyourguide.com\/topkapi-palace-l3534\/istanbul-official-museum-pass-for-12-attractions-t676089\/?partner_id=NO9XIDE&amp;utm_medium=online_publisher&amp;cmp=IMPIstanbulMuseumPassHP\" rel=\"nofollow noopener\" spellcheck=\"false\" target=\"_blank\" style=\"outline: none;\">3. Pass Mus\u00e9es Istanbul<\/a><\/h2>\n<p style=\"\"><a href=\"https:\/\/www.headout.com\/r\/most-amazing-placesrecommends-eIPYn\/\" target=\"_blank\" rel=\"nofollow noopener\" style=\"outline: currentcolor;\"><\/a><a href=\"https:\/\/megapass.com\/turkey\/istanbul\/topkapi-palace-museum-tickets?discountCode=ma-places\" rel=\"nofollow noopener\" target=\"_blank\" style=\"outline: currentcolor;\"><\/a><a href=\"https:\/\/www.getyourguide.com\/topkapi-palace-l3534\/istanbul-official-museum-pass-for-12-attractions-t676089\/?partner_id=NO9XIDE&amp;utm_medium=online_publisher&amp;cmp=IMPIstanbulMuseumPassHP\" rel=\"nofollow noopener\" target=\"_blank\" style=\"outline: none;\">4,2 \/ 5 (141)<\/a><\/p>\n<p dir=\"ltr\" style=\"\"><strong>Explorez plus, d\u00e9pensez moins&nbsp;!<\/strong><\/p>\n<p><span>\u2714 Acc\u00e9dez \u00e0 12 sites touristiques&nbsp;! <a href=\"https:\/\/www.getyourguide.com\/topkapi-palace-l3534\/istanbul-official-museum-pass-for-12-attractions-t676089\/?partner_id=NO9XIDE&amp;utm_medium=online_publisher&amp;cmp=IMPIstanbulMuseumPassHP\" rel=\"nofollow noopener\" target=\"_blank\" style=\"outline: none;\"><span><strong><span>Consultez la liste des activit\u00e9s<\/span><\/strong><\/span><\/a><\/span><\/p>\n<p style=\"\"><span>\u2714 Un seul pass pour tous, jusqu&rsquo;\u00e0 5 jours d&rsquo;exploration ! \u2714 \u00c9vitez les files d&rsquo;attente ! \u2714 Audioguide gratuit !&nbsp; \u2714 Politique d&rsquo;annulation flexible !&nbsp; \u2714 Valable 5 jours ! \u2714 Assistance client\u00e8le 24h\/24 et 7j\/7 !<\/span><\/p>\n<p style=\"text-align: center;\"><a href=\"https:\/\/www.headout.com\/r\/most-amazing-placesrecommends-eIPYn\/\" target=\"_blank\" rel=\"nofollow noopener\" style=\"outline: currentcolor;\"><\/a><a data-lt-tmp-id=\"lt-949290\" href=\"https:\/\/www.headout.com\/r\/most-amazing-placesrecommends-7Svlr\/\" rel=\"nofollow noopener\" spellcheck=\"false\" target=\"_blank\" style=\"outline: currentcolor;\"><\/a><a data-lt-tmp-id=\"lt-821383\" href=\"https:\/\/megapass.com\/turkey\/istanbul\/topkapi-palace-museum-tickets?discountCode=ma-places\" rel=\"nofollow noopener\" spellcheck=\"false\" target=\"_blank\" style=\"outline: currentcolor;\"><\/a><a data-lt-tmp-id=\"lt-541635\" href=\"https:\/\/megapass.com\/tours-tickets\/megapass-deluxe-istanbul-i2712?discountCode=ma-places\" rel=\"nofollow noopener\" spellcheck=\"false\" target=\"_blank\" style=\"outline: none;\"><\/a><a data-lt-tmp-id=\"lt-821383\" href=\"https:\/\/www.getyourguide.com\/topkapi-palace-l3534\/istanbul-official-museum-pass-for-12-attractions-t676089\/?partner_id=NO9XIDE&amp;utm_medium=online_publisher&amp;cmp=IMPIstanbulMuseumPassHP\" rel=\"nofollow noopener\" spellcheck=\"false\" target=\"_blank\" style=\"outline: none;\">105,00 \u20ac<\/a><\/p>\n<p> __CONFIG_colors_palette__{\u00ab\u00a0active_palette\u00a0\u00bb:0,\u00a0\u00bbconfig\u00a0\u00bb:{\u00ab\u00a0colors\u00a0\u00bb:{\u00ab\u00a062516\u00a0\u00bb:{\u00ab\u00a0name\u00a0\u00bb:\u00a0\u00bbAccent principal\u00a0\u00bb,\u00a0\u00bbparent\u00a0\u00bb:-1}},\u00a0\u00bbgradients\u00a0\u00bb:[]},\u00a0\u00bbpalettes\u00a0\u00bb:[{\u00ab\u00a0name\u00a0\u00bb:\u00a0\u00bbPalette par d\u00e9faut\u00a0\u00bb,\u00a0\u00bbvalue\u00a0\u00bb:{\u00ab\u00a0colors\u00a0\u00bb:{\u00ab\u00a062516\u00a0\u00bb:{\u00ab\u00a0val\u00a0\u00bb:\u00a0\u00bbrgb(29, 73, 186)\u00a0\u00bb}},\u00a0\u00bbgradients\u00a0\u00bb:[]}}]}__CONFIG_colors_palette__ <a href=\"https:\/\/www.getyourguide.com\/topkapi-palace-l3534\/istanbul-official-museum-pass-for-12-attractions-t676089\/?partner_id=NO9XIDE&amp;utm_medium=online_publisher&amp;cmp=IMPIstanbulMuseumPassHP\" target=\"_blank\" rel=\"nofollow noopener\" style=\"\"> <span><span><strong><strong><strong>Voir les d\u00e9tails et acheter<\/strong><\/strong><\/strong><\/span><\/span> <\/a>    <span style=\"height: 100%;\">  <img decoding=\"async\" alt=\"Carte de transport public d&#039;Istanbul\" data-id=\"3259\" width=\"326\" data-init-width=\"853\" height=\"245\" data-init-height=\"640\" loading=\"lazy\" src=\"https:\/\/istanbul-museum-pass.com\/wp-content\/uploads\/2025\/02\/Istanbul-Public-Transportation-Card.jpg\" data-width=\"326\" data-height=\"245\" mt-d=\"0\" ml-d=\"0\" style=\"aspect-ratio: auto 853 \/ 640;\" data- title=\"\">  <\/span><\/p>\n<h2 data-qa-marker=\"product-name\" style=\"\"><a data-lt-tmp-id=\"lt-707014\" href=\"https:\/\/www.getyourguide.com\/istanbul-l56\/istanbul-public-transportation-card-with-hotel-delivery-t495350\/?partner_id=NO9XIDE&amp;utm_medium=online_publisher&amp;cmp=IMPIstanbulkart\" rel=\"nofollow noopener\" spellcheck=\"false\" target=\"_blank\" style=\"outline: none;\">4. Carte de transport public d&rsquo;Istanbul<\/a><\/h2>\n<p style=\"\"><a href=\"https:\/\/www.headout.com\/r\/most-amazing-placesrecommends-eIPYn\/\" target=\"_blank\" rel=\"nofollow noopener\" style=\"outline: currentcolor;\"><\/a><a href=\"https:\/\/megapass.com\/turkey\/istanbul\/topkapi-palace-museum-tickets?discountCode=ma-places\" rel=\"nofollow noopener\" target=\"_blank\" style=\"outline: currentcolor;\"><\/a><a href=\"https:\/\/www.getyourguide.com\/istanbul-l56\/istanbul-public-transportation-card-with-hotel-delivery-t495350\/?partner_id=NO9XIDE&amp;utm_medium=online_publisher&amp;cmp=IMPIstanbulkart\" rel=\"nofollow noopener\" target=\"_blank\" style=\"outline: none;\">3,9 \/ 5 (41)<\/a><\/p>\n<p data-test-id=\"activity-overview-content\" data-v-5726f79d=\"\" style=\"\"><strong>Voyages illimit\u00e9s, confort maximal !<\/strong><\/p>\n<p data-test-id=\"activity-overview-content\" data-v-5726f79d=\"\" style=\"\"><span style=\"font-size: 15px !important;\">\u2714 Acc\u00e8s illimit\u00e9 aux transports en commun d&rsquo;Istanbul ! <a href=\"https:\/\/www.getyourguide.com\/istanbul-l56\/istanbul-public-transportation-card-with-hotel-delivery-t495350\/?partner_id=NO9XIDE&amp;utm_medium=online_publisher&amp;cmp=IMPIstanbulkart\" target=\"_blank\" rel=\"nofollow noopener\" style=\"outline: none;\"><strong><span>Consultez la liste des activit\u00e9s<\/span><\/strong><\/a><\/span> \u2714 Livr\u00e9 directement \u00e0 votre h\u00f4tel ! \u2714 Acc\u00e8s illimit\u00e9 au m\u00e9tro, aux bus, aux m\u00e9trobus, aux tramways et aux ferries ! \u2714 \u00c9vitez les files d&rsquo;attente ! \u2714 Politique d&rsquo;annulation flexible ! \u2714 Valable de 1 \u00e0 15 jours ! \u2714 Assistance client\u00e8le 24h\/24 et 7j\/7 !<\/p>\n<p style=\"text-align: center;\"><a href=\"https:\/\/www.headout.com\/r\/most-amazing-placesrecommends-eIPYn\/\" target=\"_blank\" rel=\"nofollow noopener\" style=\"outline: currentcolor;\"><\/a><a data-lt-tmp-id=\"lt-949290\" href=\"https:\/\/www.headout.com\/r\/most-amazing-placesrecommends-7Svlr\/\" rel=\"nofollow noopener\" spellcheck=\"false\" target=\"_blank\" style=\"outline: currentcolor;\"><\/a><a data-lt-tmp-id=\"lt-821383\" href=\"https:\/\/megapass.com\/turkey\/istanbul\/topkapi-palace-museum-tickets?discountCode=ma-places\" rel=\"nofollow noopener\" spellcheck=\"false\" target=\"_blank\" style=\"outline: currentcolor;\"><\/a><a data-lt-tmp-id=\"lt-541635\" href=\"https:\/\/www.getyourguide.com\/istanbul-l56\/istanbul-public-transportation-card-with-hotel-delivery-t495350\/?partner_id=NO9XIDE&amp;utm_medium=online_publisher&amp;cmp=IMPIstanbulkart\" rel=\"nofollow noopener\" spellcheck=\"false\" target=\"_blank\" style=\"outline: none;\">40,00 \u20ac<\/a><\/p>\n<p> __CONFIG_colors_palette__{\u00ab\u00a0active_palette\u00a0\u00bb:0,\u00a0\u00bbconfig\u00a0\u00bb:{\u00ab\u00a0colors\u00a0\u00bb:{\u00ab\u00a062516\u00a0\u00bb:{\u00ab\u00a0name\u00a0\u00bb:\u00a0\u00bbAccent principal\u00a0\u00bb,\u00a0\u00bbparent\u00a0\u00bb:-1}},\u00a0\u00bbgradients\u00a0\u00bb:[]},\u00a0\u00bbpalettes\u00a0\u00bb:[{\u00ab\u00a0name\u00a0\u00bb:\u00a0\u00bbPalette par d\u00e9faut\u00a0\u00bb,\u00a0\u00bbvalue\u00a0\u00bb:{\u00ab\u00a0colors\u00a0\u00bb:{\u00ab\u00a062516\u00a0\u00bb:{\u00ab\u00a0val\u00a0\u00bb:\u00a0\u00bbrgb(29, 73, 186)\u00a0\u00bb}},\u00a0\u00bbgradients\u00a0\u00bb:[]}}]}__CONFIG_colors_palette__ <a href=\"https:\/\/www.getyourguide.com\/istanbul-l56\/istanbul-public-transportation-card-with-hotel-delivery-t495350\/?partner_id=NO9XIDE&amp;utm_medium=online_publisher&amp;cmp=IMPIstanbulkart\" target=\"_blank\" rel=\"nofollow noopener\" style=\"\"> <span><span><strong><strong><strong>Voir les d\u00e9tails et acheter<\/strong><\/strong><\/strong><\/span><\/span> <\/a>    <a href=\"#\"> <span style=\"\"><span style=\"\">Mensuel<\/span><\/span> <\/a>    <\/p>\n","protected":false},"excerpt":{"rendered":"<p>Foire aux questions (FAQ) Le Museum Pass Istanbul&nbsp;est l&rsquo;un des moyens les plus pratiques d&rsquo;explorer les mus\u00e9es et monuments historiques les plus populaires d&rsquo;Istanbul. Cette carte sp\u00e9ciale permet d&rsquo;acc\u00e9der facilement \u00e0 des sites embl\u00e9matiques tels que&nbsp;Sainte Sophie,&nbsp;le palais de Topkapi,&nbsp;la Citerne Basilique et les mus\u00e9es arch\u00e9ologiques d&rsquo;Istanbul. Cependant, de nombreux voyageurs se posent des questions [&hellip;]<\/p>\n","protected":false},"author":10,"featured_media":3923,"parent":0,"menu_order":0,"comment_status":"closed","ping_status":"closed","template":"","meta":{"footnotes":""},"categories":[],"tags":[],"class_list":["post-5762","page","type-page","status-publish","has-post-thumbnail","hentry","post-wrapper","thrv_wrapper"],"_links":{"self":[{"href":"https:\/\/istanbul-museum-pass.com\/fr\/wp-json\/wp\/v2\/pages\/5762","targetHints":{"allow":["GET"]}}],"collection":[{"href":"https:\/\/istanbul-museum-pass.com\/fr\/wp-json\/wp\/v2\/pages"}],"about":[{"href":"https:\/\/istanbul-museum-pass.com\/fr\/wp-json\/wp\/v2\/types\/page"}],"author":[{"embeddable":true,"href":"https:\/\/istanbul-museum-pass.com\/fr\/wp-json\/wp\/v2\/users\/10"}],"replies":[{"embeddable":true,"href":"https:\/\/istanbul-museum-pass.com\/fr\/wp-json\/wp\/v2\/comments?post=5762"}],"version-history":[{"count":6,"href":"https:\/\/istanbul-museum-pass.com\/fr\/wp-json\/wp\/v2\/pages\/5762\/revisions"}],"predecessor-version":[{"id":6226,"href":"https:\/\/istanbul-museum-pass.com\/fr\/wp-json\/wp\/v2\/pages\/5762\/revisions\/6226"}],"wp:featuredmedia":[{"embeddable":true,"href":"https:\/\/istanbul-museum-pass.com\/fr\/wp-json\/wp\/v2\/media\/3923"}],"wp:attachment":[{"href":"https:\/\/istanbul-museum-pass.com\/fr\/wp-json\/wp\/v2\/media?parent=5762"}],"wp:term":[{"taxonomy":"category","embeddable":true,"href":"https:\/\/istanbul-museum-pass.com\/fr\/wp-json\/wp\/v2\/categories?post=5762"},{"taxonomy":"post_tag","embeddable":true,"href":"https:\/\/istanbul-museum-pass.com\/fr\/wp-json\/wp\/v2\/tags?post=5762"}],"curies":[{"name":"wp","href":"https:\/\/api.w.org\/{rel}","templated":true}]}}