{"id":5776,"date":"2022-12-19T08:18:40","date_gmt":"2022-12-19T08:18:40","guid":{"rendered":"https:\/\/istanbul-museum-pass.com\/how-a-city-pass-works\/"},"modified":"2026-01-14T11:04:50","modified_gmt":"2026-01-14T11:04:50","slug":"mode-demploi-des-pass-istanbul","status":"publish","type":"page","link":"https:\/\/istanbul-museum-pass.com\/fr\/mode-demploi-des-pass-istanbul\/","title":{"rendered":"Mode d&#8217;emploi des Pass Istanbul"},"content":{"rendered":"<h1 style=\"text-align: left;\">Comment fonctionne un Pass Istanbul<\/h1>\n<h2>Types de City Pass<\/h2>\n<p>Il existe deux types de pass pour chaque ville du monde&nbsp;: <strong>le Flex Pass<\/strong>, qui offre un acc\u00e8s flexible sur une p\u00e9riode d\u00e9termin\u00e9e, et le&nbsp;<strong>Day Pass<\/strong>, qui permet un acc\u00e8s illimit\u00e9 aux attractions en une seule journ\u00e9e. Voici une br\u00e8ve description de chaque pass :<\/p>\n<h2 style=\"text-align: left;\"><strong><strong data-end=\"14\" data-start=\"0\">Pass flexible<\/strong><\/strong><\/h2>\n<h2 data-end=\"313\" data-start=\"0\"><\/h2>\n<h3 data-end=\"313\" data-start=\"0\"><strong data-end=\"14\" data-start=\"0\"><strong>La meilleure option pour une exploration illimit\u00e9e<\/strong><\/strong><\/h3>\n<p data-end=\"313\" data-start=\"0\" style=\"\">Le Flex Pass offre une grande flexibilit\u00e9 en vous permettant de choisir parmi un nombre d\u00e9fini d&rsquo;attractions sur une p\u00e9riode donn\u00e9e. Vous pouvez les visiter \u00e0 votre rythme, avec la possibilit\u00e9 de les sauter ou de les reporter en fonction de vos projets de voyage. Id\u00e9al pour les voyageurs en qu\u00eate de libert\u00e9 et de vari\u00e9t\u00e9 lors de leur visite.<\/p>\n<h2 style=\"text-align: left;\"><strong><strong data-end=\"14\" data-start=\"0\">Pass journalier&nbsp;<\/strong><\/strong><\/h2>\n<h2 data-end=\"313\" data-start=\"0\"><\/h2>\n<h3><strong><strong data-end=\"14\" data-start=\"0\"><strong data-end=\"14\" data-start=\"0\"><strong>Choisissez vos attractions, payez uniquement pour ce que vous visitez<\/strong><\/strong><\/strong><\/strong><\/h3>\n<p data-end=\"313\" data-start=\"0\" style=\"\">Le Day Pass offre un acc\u00e8s illimit\u00e9 \u00e0 un nombre sp\u00e9cifique d&rsquo;attractions en une seule journ\u00e9e. Il est id\u00e9al pour les touristes souhaitant optimiser leur temps et visiter un maximum d&rsquo;attractions sans se soucier de l&rsquo;achat de billets individuels. Id\u00e9al pour ceux qui ont un itin\u00e9raire charg\u00e9 et peu de temps pour explorer.<\/p>\n<h2 style=\"text-align: left;\"><strong>Comment fonctionne le Flex Pass \u00e0 Istanbul<\/strong><\/h2>\n<p style=\"text-align: left;\">Besoin d&rsquo;une fa\u00e7on plus flexible d&rsquo;explorer Istanbul&nbsp;? Avec le Flex Pass, vous ne payez que pour les attractions que vous souhaitez visiter, vous permettant ainsi de contr\u00f4ler totalement votre itin\u00e9raire.<\/p>\n<p>1<\/p>\n<h3 style=\"\"><strong>S\u00e9lectionnez 3, 5 ou 7 attractions<\/strong><\/h3>\n<ul>\n<li style=\"\"><span>\u00c9conomisez de l&rsquo;argent en payant uniquement pour les attractions que vous faites et les mus\u00e9es que vous visitez<\/span><\/li>\n<li style=\"\"><span>Choisissez parmi une large gamme de mus\u00e9es et d&rsquo;attractions<\/span><\/li>\n<\/ul>\n<p>2<\/p>\n<h3><strong>Utilisez-le \u00e0 tout moment dans les 30 jours<\/strong><\/h3>\n<ul>\n<li style=\"\"><span>Votre Flex Pass est activ\u00e9 d\u00e8s la premi\u00e8re utilisation et reste valable 30 jours. Visitez les mus\u00e9es et attractions de votre choix \u00e0 tout moment pendant cette p\u00e9riode.<\/span><\/li>\n<\/ul>\n<h3 style=\"text-align: left;\"><strong>Comparer les Flex Pass&nbsp;<\/strong><strong>Istanbul<\/strong><\/h3>\n<p style=\"text-align: left;\">Les ISTANBUL CITY PASS Classic, Premium et Deluxe, ainsi que le MUSEUM PASS ISTANBUL, font partie de la cat\u00e9gorie <strong>Flex Pass<\/strong>, vous permettant de choisir des attractions sp\u00e9cifiques. Consultez le tableau comparatif ci-dessous pour plus de d\u00e9tails.<\/p>\n<table style=\"\" data-rows=\"9\" data-cols=\"3\">\n<thead>\n<tr>\n<th style=\"\" data-direction=\"\" colspan=\"1\" rowspan=\"1\">\n<p style=\"\">\n<\/th>\n<th colspan=\"1\" rowspan=\"1\" style=\"\" data-direction=\"\">\n<p style=\"\">ISTANBUL CITY PASS<\/p>\n<\/th>\n<th colspan=\"1\" rowspan=\"1\" style=\"\" data-direction=\"\">\n<p style=\"\">PASS MUS\u00c9E ISTANBUL<\/p>\n<\/th>\n<\/tr>\n<\/thead>\n<tbody>\n<tr>\n<td data-th=\"\" style=\"\" colspan=\"1\" rowspan=\"1\">\n<p style=\"\">FLEX PASS ISTANBUL<\/p>\n<\/td>\n<td data-th=\" ISTANBUL MUSEUM PASS\" colspan=\"1\" rowspan=\"1\" style=\"\"><span><img decoding=\"async\" alt=\"\" data-id=\"2563\" width=\"84\" data-init-width=\"907\" height=\"64\" data-init-height=\"691\" title=\"megapass_d\" loading=\"lazy\" src=\"https:\/\/istanbul-museum-pass.com\/wp-content\/uploads\/2024\/06\/megapass_d.png\" data-width=\"84\" data-height=\"64\" style=\"aspect-ratio: auto 907 \/ 691;\" data-><\/span><\/td>\n<td data-th=\" ISTANBUL MUSEUM PASS\" colspan=\"1\" rowspan=\"1\" style=\"\"><span><img decoding=\"async\" alt=\"\" data-id=\"3225\" width=\"80\" data-init-width=\"310\" height=\"52\" data-init-height=\"200\" loading=\"lazy\" src=\"https:\/\/istanbul-museum-pass.com\/wp-content\/uploads\/2025\/02\/TURKEY-MUSEUM-PASS-.png\" data-width=\"80\" data-height=\"52\" style=\"aspect-ratio: auto 310 \/ 200;\" data- title=\"\"><\/span><\/td>\n<\/tr>\n<tr>\n<td data-th=\"\" style=\"\" colspan=\"1\" rowspan=\"1\">\n<p style=\"\">TYPE DE PASS<\/p>\n<\/td>\n<td data-th=\" ISTANBUL MUSEUM PASS\" colspan=\"1\" rowspan=\"1\" style=\"\">\n<p style=\"\">Pass flexible<\/p>\n<\/td>\n<td data-th=\" ISTANBUL MUSEUM PASS\" colspan=\"1\" rowspan=\"1\" style=\"\">\n<p style=\"\">Pass flexible<\/p>\n<\/td>\n<\/tr>\n<tr>\n<td data-th=\"\" style=\"\" rowspan=\"1\" colspan=\"1\">\n<p style=\"\">PRINCIPALES INCLUSIONS<\/p>\n<\/td>\n<td data-th=\" ISTANBUL MUSEUM PASS\" colspan=\"1\" rowspan=\"1\" style=\"\">\n<p data-pm-slice=\"1 1 []\" style=\"\">Sainte-Sophie, le palais de Topkapi, le palais de Dolmabahce, la Citerne Basilique, la visite guid\u00e9e de la Mosqu\u00e9e Bleue, la croisi\u00e8re sur le Bosphore et bien plus encore<\/p>\n<\/td>\n<td data-th=\" ISTANBUL MUSEUM PASS\" colspan=\"1\" rowspan=\"1\" style=\"\">\n<p data-pm-slice=\"1 1 []\" style=\"\">Palais de Topkapi, tour de Galata, tour de L\u00e9andre, mus\u00e9e arch\u00e9ologique d&rsquo;Istanbul, mus\u00e9e d&rsquo;art turc et islamique, et plus encore<\/p>\n<\/td>\n<\/tr>\n<tr>\n<td data-th=\"\" style=\"\" colspan=\"1\" rowspan=\"1\">\n<p style=\"\">VALIDIT\u00c9\/DUR\u00c9E DU PASS<\/p>\n<\/td>\n<td data-th=\" ISTANBUL MUSEUM PASS\" colspan=\"1\" rowspan=\"1\" style=\"\">\n<p style=\"letter-spacing: 0px;\">7 jours<\/p>\n<\/td>\n<td data-th=\" ISTANBUL MUSEUM PASS\" colspan=\"1\" rowspan=\"1\" style=\"\">\n<p style=\"letter-spacing: 0px;\">5 jours<\/p>\n<\/td>\n<\/tr>\n<tr>\n<td data-th=\"\" style=\"\" colspan=\"1\" rowspan=\"1\">\n<p style=\"\">LIVRAISON<\/p>\n<\/td>\n<td data-th=\" ISTANBUL MUSEUM PASS\" colspan=\"1\" rowspan=\"1\" style=\"\">\n<p style=\"letter-spacing: 0px;\">Pass num\u00e9rique<\/p>\n<\/td>\n<td data-th=\" ISTANBUL MUSEUM PASS\" colspan=\"1\" rowspan=\"1\" style=\"\">\n<p style=\"letter-spacing: 0px;\">Pass num\u00e9rique<\/p>\n<\/td>\n<\/tr>\n<tr>\n<td data-th=\"\" style=\"\" rowspan=\"1\" colspan=\"1\">\n<p style=\"\">TRANSPORTS PUBLICS<\/p>\n<\/td>\n<td data-th=\" ISTANBUL MUSEUM PASS\" colspan=\"1\" rowspan=\"1\" style=\"\"><!--! Font Awesome Free 6.7.1 by @fontawesome - https:\/\/fontawesome.com License - https:\/\/fontawesome.com\/license\/free (Icons: CC BY 4.0, Fonts: SIL OFL 1.1, Code: MIT License) Copyright 2024 Fonticons, Inc. --><\/td>\n<td data-th=\" ISTANBUL MUSEUM PASS\" colspan=\"1\" rowspan=\"1\" style=\"\"><\/td>\n<\/tr>\n<tr>\n<td data-th=\"\" style=\"\" rowspan=\"1\" colspan=\"1\">\n<p style=\"\">AUDIOGUIDE<\/p>\n<\/td>\n<td data-th=\" ISTANBUL MUSEUM PASS\" colspan=\"1\" rowspan=\"1\" style=\"\"><!--! Font Awesome Free 6.7.1 by @fontawesome - https:\/\/fontawesome.com License - https:\/\/fontawesome.com\/license\/free (Icons: CC BY 4.0, Fonts: SIL OFL 1.1, Code: MIT License) Copyright 2024 Fonticons, Inc. --><\/td>\n<td data-th=\" ISTANBUL MUSEUM PASS\" colspan=\"1\" rowspan=\"1\" style=\"\"><!--! Font Awesome Free 6.7.1 by @fontawesome - https:\/\/fontawesome.com License - https:\/\/fontawesome.com\/license\/free (Icons: CC BY 4.0, Fonts: SIL OFL 1.1, Code: MIT License) Copyright 2024 Fonticons, Inc. --><\/td>\n<\/tr>\n<tr>\n<td data-th=\"\" style=\"\" rowspan=\"1\" colspan=\"1\">\n<p style=\"\">PRIX POUR ADULTES<\/p>\n<\/td>\n<td data-th=\" ISTANBUL MUSEUM PASS\" colspan=\"1\" rowspan=\"1\" style=\"\">\n<p style=\"letter-spacing: 0px;\">\u00c0 partir de 79 \u20ac<\/p>\n<\/td>\n<td data-th=\" ISTANBUL MUSEUM PASS\" colspan=\"1\" rowspan=\"1\" style=\"\">\n<p style=\"letter-spacing: 0px;\">\u00c0 partir de 105 \u20ac<\/p>\n<\/td>\n<\/tr>\n<\/tbody>\n<\/table>\n<h2><strong>Comment fonctionne le Day Pass \u00e0 Istanbul<\/strong><\/h2>\n<p style=\"text-align: left;\">Envie d&rsquo;explorer librement les mus\u00e9es et sites historiques les plus populaires d&rsquo;Istanbul ? Le Day Pass est fait pour vous !<\/p>\n<p>1<\/p>\n<h3 style=\"\"><strong><strong>Choisissez parmi les options de 1, 2, 3 ou 5 jours<\/strong><\/strong><\/h3>\n<ul>\n<li style=\"\"><span><span>\u00c9conomisez de l&rsquo;argent par rapport \u00e0 l&rsquo;achat de billets individuels<\/span><a href=\"https:\/\/istanbul-museum-pass.com\/fr\/mode-demploi-des-pass-istanbul\/\"><\/a><\/span><\/li>\n<li style=\"\"><span><span>Il offre un acc\u00e8s illimit\u00e9 \u00e0 tous les mus\u00e9es et attractions inclus pendant le nombre de jours que vous choisissez.<\/span><\/span><\/li>\n<\/ul>\n<p>2<\/p>\n<h3><strong><strong>Visitez les attractions incontournables<\/strong><\/strong><\/h3>\n<ul>\n<li style=\"\"><span>Visitez Sainte-Sophie<\/span><\/li>\n<li style=\"\"><span>Palais de Topkapi<\/span><\/li>\n<li><span>Citerne Basilique<\/span><\/li>\n<li><span>Et plus encore&#8230;<\/span><\/li>\n<\/ul>\n<p>3<\/p>\n<h3><strong><strong><strong>B\u00e9n\u00e9ficiez d&rsquo;une entr\u00e9e illimit\u00e9e pendant la p\u00e9riode s\u00e9lectionn\u00e9e<\/strong><\/strong><\/strong><\/h3>\n<p style=\"\">Votre pass journalier est activ\u00e9 d\u00e8s la premi\u00e8re utilisation et reste valable pendant le nombre de jours cons\u00e9cutifs s\u00e9lectionn\u00e9. Par exemple, si vous achetez un pass 3 jours, il sera valable 72 heures \u00e0 compter de la premi\u00e8re utilisation.<\/p>\n<h3 style=\"text-align: left;\"><strong>Comparer les pass journaliers d&rsquo;Istanbul<\/strong><\/h3>\n<p style=\"text-align: left;\">Les pass touristiques d&rsquo;Istanbul fonctionnent comme <strong>&nbsp;des pass journaliers,<\/strong> offrant un acc\u00e8s illimit\u00e9 pendant un nombre de jours d\u00e9termin\u00e9. Consultez le tableau comparatif ci-dessous pour plus de d\u00e9tails&nbsp;:<\/p>\n<table style=\"\" data-rows=\"9\" data-cols=\"2\">\n<thead>\n<tr>\n<th style=\"\" data-direction=\"\" colspan=\"1\" rowspan=\"1\">\n<p style=\"\">\n<\/th>\n<th colspan=\"1\" rowspan=\"1\" style=\"\" data-direction=\"\">\n<p style=\"\">PASS TOURISTIQUE D&rsquo;ISTANBUL<\/p>\n<\/th>\n<\/tr>\n<\/thead>\n<tbody>\n<tr>\n<td data-th=\"\" style=\"\" colspan=\"1\" rowspan=\"1\">\n<p style=\"\">CITY PASS<\/p>\n<\/td>\n<td data-th=\" ISTANBUL TOURIST PASS\" colspan=\"1\" rowspan=\"1\" style=\"\"><span><img decoding=\"async\" alt=\"\" data-id=\"2855\" width=\"80\" data-init-width=\"1200\" height=\"53\" data-init-height=\"800\" title=\"pass-touristique-d&#039;Istanbul\" loading=\"lazy\" src=\"https:\/\/istanbul-museum-pass.com\/wp-content\/uploads\/2024\/10\/istanbul-tourist-pass.webp\" data-width=\"80\" data-height=\"53\" style=\"aspect-ratio: auto 1200 \/ 800;\" data-><\/span><\/td>\n<\/tr>\n<tr>\n<td data-th=\"\" style=\"\" colspan=\"1\" rowspan=\"1\">\n<p style=\"\">TYPE DE PASS<\/p>\n<\/td>\n<td data-th=\" ISTANBUL TOURIST PASS\" colspan=\"1\" rowspan=\"1\" style=\"\">\n<p style=\"\">Pass journalier<\/p>\n<\/td>\n<\/tr>\n<tr>\n<td data-th=\"\" style=\"\" rowspan=\"1\" colspan=\"1\">\n<p style=\"\">PRINCIPALES INCLUSIONS<\/p>\n<\/td>\n<td data-th=\" ISTANBUL TOURIST PASS\" colspan=\"1\" rowspan=\"1\" style=\"\">\n<p data-pm-slice=\"1 1 []\" style=\"\">Citerne Basilique, Palais de Dolmabah\u00e7e, Palais de Topkapi, Spectacle de derviches tourneurs, Croisi\u00e8re sur le Bosphore et plus encore<\/p>\n<\/td>\n<\/tr>\n<tr>\n<td data-th=\"\" style=\"\" colspan=\"1\" rowspan=\"1\">\n<p style=\"\">VALIDIT\u00c9\/DUR\u00c9E DU PASS<\/p>\n<\/td>\n<td data-th=\" ISTANBUL TOURIST PASS\" colspan=\"1\" rowspan=\"1\" style=\"\">\n<p data-pm-slice=\"1 1 []\" style=\"\">1, 2, 3, 5, 7 ou 10 jours<\/p>\n<\/td>\n<\/tr>\n<tr>\n<td data-th=\"\" style=\"\" colspan=\"1\" rowspan=\"1\">\n<p style=\"\">LIVRAISON<\/p>\n<\/td>\n<td data-th=\" ISTANBUL TOURIST PASS\" colspan=\"1\" rowspan=\"1\" style=\"\">\n<p style=\"letter-spacing: 0px;\">Pass num\u00e9rique<\/p>\n<\/td>\n<\/tr>\n<tr>\n<td data-th=\"\" style=\"\" rowspan=\"1\" colspan=\"1\">\n<p style=\"\">TRANSPORTS PUBLICS<\/p>\n<\/td>\n<td data-th=\" ISTANBUL TOURIST PASS\" colspan=\"1\" rowspan=\"1\" style=\"\"><\/td>\n<\/tr>\n<tr>\n<td data-th=\"\" style=\"\" rowspan=\"1\" colspan=\"1\">\n<p style=\"\">AUDIOGUIDE<\/p>\n<\/td>\n<td data-th=\" ISTANBUL TOURIST PASS\" colspan=\"1\" rowspan=\"1\" style=\"\"><!--! Font Awesome Free 6.7.1 by @fontawesome - https:\/\/fontawesome.com License - https:\/\/fontawesome.com\/license\/free (Icons: CC BY 4.0, Fonts: SIL OFL 1.1, Code: MIT License) Copyright 2024 Fonticons, Inc. --><\/td>\n<\/tr>\n<tr>\n<td data-th=\"\" style=\"\" rowspan=\"1\" colspan=\"1\">\n<p style=\"\">PRIX POUR ADULTES<\/p>\n<\/td>\n<td data-th=\" ISTANBUL TOURIST PASS\" colspan=\"1\" rowspan=\"1\" style=\"\">\n<p style=\"letter-spacing: 0px;\">\u00c0 partir de 139 \u20ac<\/p>\n<\/td>\n<\/tr>\n<\/tbody>\n<\/table>\n<p><a href=\"https:\/\/istanbul-museum-pass.com\/fr\/le-city-pass-istanbul-vaut-il-la-peine-les-avantages\/\" dynamic-postlink=\"tcb_post_the_permalink\" data-shortcode-id=\"671\"><\/a><\/p>\n<p style=\"padding-bottom: 0px !important; margin-bottom: 0px !important;\"><strong>LEARN MORE<\/strong><\/p>\n<h2 style=\"\"><span data-attr-css=\"\" data-attr-link=\"1\" data-attr-rel=\"0\" data-attr-static-link=\"{&quot;className&quot;:&quot;&quot;,&quot;href&quot;:&quot;https:\/\/istanbul-museum-pass.com\/fr\/le-city-pass-istanbul-vaut-il-la-peine-les-avantages\/&quot;,&quot;title&quot;:&quot;Le City Pass Istanbul vaut-il la peine ? Les avantages&quot;,&quot;class&quot;:&quot;&quot;}\" data-attr-target=\"0\" data-extra_key=\"\" data-option-inline=\"1\" data-shortcode=\"tcb_post_title\" data-shortcode-name=\"Post title\" style=\"\"><a href=\"https:\/\/istanbul-museum-pass.com\/fr\/le-city-pass-istanbul-vaut-il-la-peine-les-avantages\/\" title=\"Le City Pass Istanbul vaut-il la peine ? Les avantages\" data-css=\"\">Le City Pass Istanbul vaut-il la peine ? Les avantages<\/a><\/span><\/h2>\n<p><a href=\"https:\/\/istanbul-museum-pass.com\/fr\/foire-aux-questions\/\" dynamic-postlink=\"tcb_post_the_permalink\" data-shortcode-id=\"671\"><\/a><\/p>\n<p style=\"padding-bottom: 0px !important; margin-bottom: 0px !important;\"><strong>LEARN MORE<\/strong><\/p>\n<h2 style=\"\"><span data-attr-css=\"\" data-attr-link=\"1\" data-attr-rel=\"0\" data-attr-static-link=\"{&quot;className&quot;:&quot;&quot;,&quot;href&quot;:&quot;https:\/\/istanbul-museum-pass.com\/fr\/le-city-pass-istanbul-vaut-il-la-peine-les-avantages\/&quot;,&quot;title&quot;:&quot;Le City Pass Istanbul vaut-il la peine ? Les avantages&quot;,&quot;class&quot;:&quot;&quot;}\" data-attr-target=\"0\" data-extra_key=\"\" data-option-inline=\"1\" data-shortcode=\"tcb_post_title\" data-shortcode-name=\"Post title\" style=\"\"><a href=\"https:\/\/istanbul-museum-pass.com\/fr\/foire-aux-questions\/\" title=\"Foire aux questions (FAQ) sur le Pass Istanbul\" data-css=\"\">Foire aux questions (FAQ) sur le Pass Istanbul<\/a><\/span><\/h2>\n","protected":false},"excerpt":{"rendered":"<p>Comment fonctionne un Pass Istanbul Types de City Pass Il existe deux types de pass pour chaque ville du monde&nbsp;: le Flex Pass, qui offre un acc\u00e8s flexible sur une p\u00e9riode d\u00e9termin\u00e9e, et le&nbsp;Day Pass, qui permet un acc\u00e8s illimit\u00e9 aux attractions en une seule journ\u00e9e. Voici une br\u00e8ve description de chaque pass : Pass [&hellip;]<\/p>\n","protected":false},"author":10,"featured_media":3956,"parent":0,"menu_order":0,"comment_status":"closed","ping_status":"closed","template":"","meta":{"footnotes":""},"categories":[],"tags":[],"class_list":["post-5776","page","type-page","status-publish","has-post-thumbnail","hentry","post-wrapper","thrv_wrapper"],"_links":{"self":[{"href":"https:\/\/istanbul-museum-pass.com\/fr\/wp-json\/wp\/v2\/pages\/5776","targetHints":{"allow":["GET"]}}],"collection":[{"href":"https:\/\/istanbul-museum-pass.com\/fr\/wp-json\/wp\/v2\/pages"}],"about":[{"href":"https:\/\/istanbul-museum-pass.com\/fr\/wp-json\/wp\/v2\/types\/page"}],"author":[{"embeddable":true,"href":"https:\/\/istanbul-museum-pass.com\/fr\/wp-json\/wp\/v2\/users\/10"}],"replies":[{"embeddable":true,"href":"https:\/\/istanbul-museum-pass.com\/fr\/wp-json\/wp\/v2\/comments?post=5776"}],"version-history":[{"count":13,"href":"https:\/\/istanbul-museum-pass.com\/fr\/wp-json\/wp\/v2\/pages\/5776\/revisions"}],"predecessor-version":[{"id":7488,"href":"https:\/\/istanbul-museum-pass.com\/fr\/wp-json\/wp\/v2\/pages\/5776\/revisions\/7488"}],"wp:featuredmedia":[{"embeddable":true,"href":"https:\/\/istanbul-museum-pass.com\/fr\/wp-json\/wp\/v2\/media\/3956"}],"wp:attachment":[{"href":"https:\/\/istanbul-museum-pass.com\/fr\/wp-json\/wp\/v2\/media?parent=5776"}],"wp:term":[{"taxonomy":"category","embeddable":true,"href":"https:\/\/istanbul-museum-pass.com\/fr\/wp-json\/wp\/v2\/categories?post=5776"},{"taxonomy":"post_tag","embeddable":true,"href":"https:\/\/istanbul-museum-pass.com\/fr\/wp-json\/wp\/v2\/tags?post=5776"}],"curies":[{"name":"wp","href":"https:\/\/api.w.org\/{rel}","templated":true}]}}