{"id":5783,"date":"2025-03-03T08:18:00","date_gmt":"2025-03-03T08:18:00","guid":{"rendered":"https:\/\/istanbul-museum-pass.com\/is-istanbul-museum-pass-worth-it-advantages\/"},"modified":"2025-06-30T14:03:08","modified_gmt":"2025-06-30T14:03:08","slug":"le-city-pass-istanbul-vaut-il-la-peine-les-avantages","status":"publish","type":"page","link":"https:\/\/istanbul-museum-pass.com\/fr\/le-city-pass-istanbul-vaut-il-la-peine-les-avantages\/","title":{"rendered":"Le City Pass Istanbul vaut-il la peine ? Les avantages"},"content":{"rendered":"<h1 style=\"text-align: left;\">Avantages de l&rsquo;achat du City Pass Istanbul<\/h1>\n<p><span><img decoding=\"async\" alt=\"Histoire du palais de Topkapi\" data-id=\"1059\" width=\"816\" data-init-width=\"1200\" height=\"428\" data-init-height=\"630\" title=\"Histoire du palais de Topkapi\" src=\"\/\/istanbul-museum-pass.com\/wp-content\/uploads\/2022\/12\/History-of-Topkapi-Palace.jpg\" data-width=\"816\" style=\"aspect-ratio: auto 1200 \/ 630;\" data-height=\"428\" loading=\"lazy\"><\/span><\/p>\n<h2 style=\"\"><strong>Vaut-il la peine d\u2019acheter un City Pass \u00e0 Istanbul ?<\/strong><\/h2>\n<p><strong><span style=\"--tcb-applied-color: var$(--tcb-skin-color-0) !important; color: var(--tcb-skin-color-0) !important;\">R\u00e9ponse courte&nbsp;:<\/span><\/strong><strong> Oui<\/strong> , acheter un pass mus\u00e9es \u00e0 Istanbul peut \u00eatre int\u00e9ressant, selon le nombre d&rsquo;attractions que vous pr\u00e9voyez de visiter et le temps dont vous disposez. Voici un aper\u00e7u pour vous aider \u00e0 choisir&nbsp;:<\/p>\n<p tve-droppable\"\"=\"\"><strong><span>R\u00e9ponse longue :<\/span><\/strong><strong> Quand cela en vaut la peine :<\/strong><\/p>\n<ul>\n<li \"=\"\"strongfont style=\"vertical-align: inherit;\"font style=\"vertical-align: inherit;\"Vous pr\u00e9voyez de visiter plusieurs attractions \/font\/font\/strongstrongfont style=\"vertical-align: inherit;\"font style=\"vertical-align: inherit;\":\/font\/font\/strongfont style=\"vertical-align: inherit;\"font style=\"vertical-align: inherit;\" si vous visitez des sites majeurs comme Sainte-Sophie, le palais de Topkapi, la Citerne Basilique et le palais de Dolmabah\u00e7e, un pass peut vous faire \u00e9conomiser jusqu'\u00e0 35 % par rapport \u00e0 l'achat de billets individuels.\/font\/font\/lili \"=\"\"><strong>Vous souhaitez \u00e9viter les longues files d&rsquo;attente&nbsp;:<\/strong> Les sites populaires ont souvent de longues files d&rsquo;attente, surtout en haute saison. Les pass mus\u00e9es vous permettent d&rsquo;\u00e9viter les longues files d&rsquo;attente et de gagner un temps pr\u00e9cieux.<\/li>\n<li \"=\"\"strongfont style=\"vertical-align: inherit;\"font style=\"vertical-align: inherit;\"Vous souhaitez des avantages suppl\u00e9mentaires :\/font\/font\/strongfont style=\"vertical-align: inherit;\"font style=\"vertical-align: inherit;\" certains pass incluent des croisi\u00e8res sur le Bosphore, des visites guid\u00e9es, des cartes de transports en commun ou des audioguides, ajoutant ainsi une valeur suppl\u00e9mentaire.\/font\/font\/lili \"=\"\"><strong>Vous restez plusieurs jours :<\/strong> la plupart des pass sont valables de 5 \u00e0 7 jours, donc si vous restez \u00e0 Istanbul pendant un certain temps, vous pouvez explorer \u00e0 un rythme d\u00e9tendu<\/li>\n<\/ul>\n<p \"=\"\" =\"\"=\"\"strongfont style=\"vertical-align: inherit;\"font style=\"vertical-align: inherit;\"Quand \u00e7a n'en vaut pas la peine :\/font\/fontbr\/strong\/pulli \"=\"\" =\"\"=\"\"><strong>Vous visitez seulement 1 ou 2 mus\u00e9es :<\/strong> si vous pr\u00e9voyez de visiter seulement 1 ou 2 attractions, l&rsquo;achat de billets simples peut \u00eatre moins cher.<\/li>\n","protected":false},"excerpt":{"rendered":"<p>Avantages de l&rsquo;achat du City Pass Istanbul Vaut-il la peine d\u2019acheter un City Pass \u00e0 Istanbul ? R\u00e9ponse courte&nbsp;: Oui , acheter un pass mus\u00e9es \u00e0 Istanbul peut \u00eatre int\u00e9ressant, selon le nombre d&rsquo;attractions que vous pr\u00e9voyez de visiter et le temps dont vous disposez. Voici un aper\u00e7u pour vous aider \u00e0 choisir&nbsp;: R\u00e9ponse longue [&hellip;]<\/p>\n","protected":false},"author":10,"featured_media":3953,"parent":0,"menu_order":0,"comment_status":"closed","ping_status":"closed","template":"","meta":{"footnotes":""},"categories":[],"tags":[],"class_list":["post-5783","page","type-page","status-publish","has-post-thumbnail","hentry","post-wrapper","thrv_wrapper"],"_links":{"self":[{"href":"https:\/\/istanbul-museum-pass.com\/fr\/wp-json\/wp\/v2\/pages\/5783","targetHints":{"allow":["GET"]}}],"collection":[{"href":"https:\/\/istanbul-museum-pass.com\/fr\/wp-json\/wp\/v2\/pages"}],"about":[{"href":"https:\/\/istanbul-museum-pass.com\/fr\/wp-json\/wp\/v2\/types\/page"}],"author":[{"embeddable":true,"href":"https:\/\/istanbul-museum-pass.com\/fr\/wp-json\/wp\/v2\/users\/10"}],"replies":[{"embeddable":true,"href":"https:\/\/istanbul-museum-pass.com\/fr\/wp-json\/wp\/v2\/comments?post=5783"}],"version-history":[{"count":8,"href":"https:\/\/istanbul-museum-pass.com\/fr\/wp-json\/wp\/v2\/pages\/5783\/revisions"}],"predecessor-version":[{"id":6423,"href":"https:\/\/istanbul-museum-pass.com\/fr\/wp-json\/wp\/v2\/pages\/5783\/revisions\/6423"}],"wp:featuredmedia":[{"embeddable":true,"href":"https:\/\/istanbul-museum-pass.com\/fr\/wp-json\/wp\/v2\/media\/3953"}],"wp:attachment":[{"href":"https:\/\/istanbul-museum-pass.com\/fr\/wp-json\/wp\/v2\/media?parent=5783"}],"wp:term":[{"taxonomy":"category","embeddable":true,"href":"https:\/\/istanbul-museum-pass.com\/fr\/wp-json\/wp\/v2\/categories?post=5783"},{"taxonomy":"post_tag","embeddable":true,"href":"https:\/\/istanbul-museum-pass.com\/fr\/wp-json\/wp\/v2\/tags?post=5783"}],"curies":[{"name":"wp","href":"https:\/\/api.w.org\/{rel}","templated":true}]}}